{"id":692248,"date":"2025-08-27T14:05:48","date_gmt":"2025-08-27T11:05:48","guid":{"rendered":"https:\/\/roveyayinevi.com.tr\/index.php\/urun\/osmanli-padisahlarinin-hayat-hikayeleri\/"},"modified":"2026-04-16T02:02:12","modified_gmt":"2026-04-15T23:02:12","slug":"osmanli-padisahlarinin-hayat-hikayeleri","status":"publish","type":"product","link":"https:\/\/roveyayinevi.com.tr\/index.php\/urun\/osmanli-padisahlarinin-hayat-hikayeleri\/","title":{"rendered":"Osmanl\u0131 Padi\u015fahlar\u0131n\u0131n Hayat Hikayeleri"},"content":{"rendered":"<p>T\u00fcrk tarihini b\u00fct\u00fcn ve\u00e7heleriyle geni\u015f kitlelere sevdiren Y\u0131lmaz \u00d6ztuna\u2019n\u0131n Osmanl\u0131 Padi\u015fahlar\u0131n\u0131n Hayat Hikayeleri, Osmanl\u0131 Devleti\u2019nin geni\u015fleme ve k\u00f6kle\u015fme d\u00f6nemlerinde Devlet-i Aliye\u2019ye h\u00fck\u00fcmdarl\u0131k yapm\u0131\u015f Y\u0131ld\u0131r\u0131m Bayezid&#8217;den (1389-1402) \u0130kinci Mahmud&#8217;a (1808-1839) kadar 12 padi\u015faha yer vermektedir. Y\u0131lmaz \u00d6ztuna, her zamanki o samimi \u00fcslubuyla bu uzun d\u00f6nemi ve 12 h\u00fck\u00fcmdar\u0131n \u015fahsiyetlerini g\u00fcn\u00fcm\u00fcze aksettiriyor. Kitapta; o devirlerin havas\u0131, telakkileri, adetleri ayr\u0131nt\u0131l\u0131 bir \u015fekilde tahlil edilmi\u015ftir. Olay\u0131n ge\u00e7ti\u011fi anda yaz\u0131lm\u0131\u015f gibi kaleme al\u0131narak, okuyucunun o d\u00f6nemi daha iyi teneff\u00fcs etmesi sa\u011flanm\u0131\u015ft\u0131r. Osmanl\u0131 Padi\u015fahlar\u0131n\u0131n Hayat Hikayeleri, Y\u0131lmaz \u00d6ztuna\u2019n\u0131n Osmanl\u0131 tarihinden kesitleri edebi bir eser halinde sundu\u011fu birka\u00e7 kitab\u0131ndan biri olmas\u0131 bak\u0131m\u0131ndan da her kelimesi ilmi ve tarihi ger\u00e7eklere dayanmas\u0131na ra\u011fmen okuyucunun dima\u011f\u0131nda edebi bir lezzet b\u0131rakacakt\u0131r. \ufffcTan\u0131t\u0131m Metni<\/p>\n","protected":false},"excerpt":{"rendered":"<p>T\u00fcrk tarihini b\u00fct\u00fcn ve\u00e7heleriyle geni\u015f kitlelere sevdiren Y\u0131lmaz \u00d6ztuna\u2019n\u0131n Osmanl\u0131 Padi\u015fahlar\u0131n\u0131n Hayat Hikayeleri, Osmanl\u0131 Devleti\u2019nin geni\u015fleme ve k\u00f6kle\u015fme d\u00f6nemlerinde Devlet-i Aliye\u2019ye h\u00fck\u00fcmdarl\u0131k yapm\u0131\u015f Y\u0131ld\u0131r\u0131m Bayezid&#8217;den (1389-1402)<span class=\"excerpt-hellip\"> [\u2026]<\/span><\/p>\n","protected":false},"featured_media":0,"template":"","meta":{"_monsterinsights_skip_tracking":false,"_monsterinsights_sitenote_active":false,"_monsterinsights_sitenote_note":"","_monsterinsights_sitenote_category":0},"product_brand":[],"product_cat":[13517,12304],"product_tag":[],"class_list":{"0":"post-692248","1":"product","2":"type-product","3":"status-publish","5":"product_cat-osmanli-tarihi","6":"product_cat-tarih","7":"pa_cilt-ciltsiz","8":"pa_tur-kitap","9":"pa_yayinevi-otuken-nesriyat","10":"pa_yazar-yilmaz-oztuna","12":"first","13":"instock","14":"sale","15":"shipping-taxable","16":"purchasable","17":"product-type-simple"},"_links":{"self":[{"href":"https:\/\/roveyayinevi.com.tr\/index.php\/wp-json\/wp\/v2\/product\/692248","targetHints":{"allow":["GET"]}}],"collection":[{"href":"https:\/\/roveyayinevi.com.tr\/index.php\/wp-json\/wp\/v2\/product"}],"about":[{"href":"https:\/\/roveyayinevi.com.tr\/index.php\/wp-json\/wp\/v2\/types\/product"}],"wp:attachment":[{"href":"https:\/\/roveyayinevi.com.tr\/index.php\/wp-json\/wp\/v2\/media?parent=692248"}],"wp:term":[{"taxonomy":"product_brand","embeddable":true,"href":"https:\/\/roveyayinevi.com.tr\/index.php\/wp-json\/wp\/v2\/product_brand?post=692248"},{"taxonomy":"product_cat","embeddable":true,"href":"https:\/\/roveyayinevi.com.tr\/index.php\/wp-json\/wp\/v2\/product_cat?post=692248"},{"taxonomy":"product_tag","embeddable":true,"href":"https:\/\/roveyayinevi.com.tr\/index.php\/wp-json\/wp\/v2\/product_tag?post=692248"}],"curies":[{"name":"wp","href":"https:\/\/api.w.org\/{rel}","templated":true}]}}