{"id":692245,"date":"2025-08-27T14:05:48","date_gmt":"2025-08-27T11:05:48","guid":{"rendered":"https:\/\/roveyayinevi.com.tr\/index.php\/urun\/yurdunu-kaybeden-adam\/"},"modified":"2026-04-16T02:02:12","modified_gmt":"2026-04-15T23:02:12","slug":"yurdunu-kaybeden-adam","status":"publish","type":"product","link":"https:\/\/roveyayinevi.com.tr\/index.php\/urun\/yurdunu-kaybeden-adam\/","title":{"rendered":"Yurdunu Kaybeden Adam"},"content":{"rendered":"<p>Bitti. Esirlik y\u0131llar\u0131 bitti art\u0131k. \u00d6mr\u00fcmde ilk defa h\u00fcr hissediyorum kendimi. H\u00fcr insanlar\u0131n ya\u015fad\u0131\u011f\u0131 topraklarday\u0131m. \u00d6l\u00fcm korkusu, i\u015fkence korkusu b\u0131rakt\u0131 yakam\u0131. Y\u0131llarca pe\u015finde ko\u015ftu\u011fum h\u00fcrriyete kavu\u015ftum, ama i\u00e7im neden kapal\u0131? Kendimi bildi\u011fim anda kaybetti\u011fim ya\u015fama sevincine neden kavu\u015famad\u0131m yeniden? Yurdunu kaybeden adam i\u00e7in h\u00fcrriyetin bile bir manas\u0131 kalmad\u0131\u011f\u0131n\u0131 \u015fimdi anl\u0131yorum. \u0130\u00e7inde do\u011fdu\u011fum, g\u00fcl\u00fcp oynad\u0131\u011f\u0131m yerlerde benim dilim konu\u015fulmuyor art\u0131k. Bir zamanlar, o topraklarda dilimi konu\u015fan insanlar\u0131n ne olduklar\u0131n\u0131 da bilmiyorum. Son f\u0131rt\u0131na, a\u011fac\u0131 devirdi. Bizler, u\u00e7urdu\u011fu birka\u00e7 yaprak, bo\u015flukta yolunu \u015fa\u015f\u0131rm\u0131\u015f, \u00fcmitsiz ve \u015fa\u015fk\u0131n, me\u00e7hul bir gelece\u011fe do\u011fru, yalpa vurup duruyoruz. <\/p>\n","protected":false},"excerpt":{"rendered":"<p>Bitti. Esirlik y\u0131llar\u0131 bitti art\u0131k. \u00d6mr\u00fcmde ilk defa h\u00fcr hissediyorum kendimi. H\u00fcr insanlar\u0131n ya\u015fad\u0131\u011f\u0131 topraklarday\u0131m. \u00d6l\u00fcm korkusu, i\u015fkence korkusu b\u0131rakt\u0131 yakam\u0131. Y\u0131llarca pe\u015finde ko\u015ftu\u011fum h\u00fcrriyete kavu\u015ftum,<span class=\"excerpt-hellip\"> [\u2026]<\/span><\/p>\n","protected":false},"featured_media":0,"template":"","meta":{"_monsterinsights_skip_tracking":false,"_monsterinsights_sitenote_active":false,"_monsterinsights_sitenote_note":"","_monsterinsights_sitenote_category":0},"product_brand":[],"product_cat":[12291,13570],"product_tag":[],"class_list":{"0":"post-692245","1":"product","2":"type-product","3":"status-publish","5":"product_cat-edebiyat","6":"product_cat-rus-edebiyati","7":"pa_cilt-ciltsiz","8":"pa_tur-kitap","9":"pa_yayinevi-otuken-nesriyat","10":"pa_yazar-cengiz-dagci","12":"first","13":"instock","14":"sale","15":"shipping-taxable","16":"purchasable","17":"product-type-simple"},"_links":{"self":[{"href":"https:\/\/roveyayinevi.com.tr\/index.php\/wp-json\/wp\/v2\/product\/692245","targetHints":{"allow":["GET"]}}],"collection":[{"href":"https:\/\/roveyayinevi.com.tr\/index.php\/wp-json\/wp\/v2\/product"}],"about":[{"href":"https:\/\/roveyayinevi.com.tr\/index.php\/wp-json\/wp\/v2\/types\/product"}],"wp:attachment":[{"href":"https:\/\/roveyayinevi.com.tr\/index.php\/wp-json\/wp\/v2\/media?parent=692245"}],"wp:term":[{"taxonomy":"product_brand","embeddable":true,"href":"https:\/\/roveyayinevi.com.tr\/index.php\/wp-json\/wp\/v2\/product_brand?post=692245"},{"taxonomy":"product_cat","embeddable":true,"href":"https:\/\/roveyayinevi.com.tr\/index.php\/wp-json\/wp\/v2\/product_cat?post=692245"},{"taxonomy":"product_tag","embeddable":true,"href":"https:\/\/roveyayinevi.com.tr\/index.php\/wp-json\/wp\/v2\/product_tag?post=692245"}],"curies":[{"name":"wp","href":"https:\/\/api.w.org\/{rel}","templated":true}]}}