{"id":692243,"date":"2025-08-27T14:05:47","date_gmt":"2025-08-27T11:05:47","guid":{"rendered":"https:\/\/roveyayinevi.com.tr\/index.php\/urun\/plevne\/"},"modified":"2026-04-16T02:02:12","modified_gmt":"2026-04-15T23:02:12","slug":"plevne","status":"publish","type":"product","link":"https:\/\/roveyayinevi.com.tr\/index.php\/urun\/plevne\/","title":{"rendered":"Plevne"},"content":{"rendered":"<p>Tuna\u2019da akan su de\u011fil, kaderimizdi; ya cihangir olacak, ya da s\u0131radanla\u015facakt\u0131k. Oras\u0131 art\u0131k bizim i\u00e7in ne bir belde, ne \u015fehir, ne de kaledir; vatan sevgisinin, onurun, yi\u011fitli\u011fin abidele\u015fti\u011fi mek\u00e2nd\u0131r. Hi\u00e7bir yaral\u0131 esir, galibine \u00f6yle yelesi kabar\u0131k aslan heybetiyle g\u00f6r\u00fcnmedi; tarihte yenen, yendi\u011finin g\u00f6lgesinde bir ba\u015fka yerde kaybolmad\u0131. <\/p>\n","protected":false},"excerpt":{"rendered":"<p>Tuna\u2019da akan su de\u011fil, kaderimizdi; ya cihangir olacak, ya da s\u0131radanla\u015facakt\u0131k. Oras\u0131 art\u0131k bizim i\u00e7in ne bir belde, ne \u015fehir, ne de kaledir; vatan sevgisinin, onurun,<span class=\"excerpt-hellip\"> [\u2026]<\/span><\/p>\n","protected":false},"featured_media":0,"template":"","meta":{"_monsterinsights_skip_tracking":false,"_monsterinsights_sitenote_active":false,"_monsterinsights_sitenote_note":"","_monsterinsights_sitenote_category":0},"product_brand":[],"product_cat":[12291,12745],"product_tag":[],"class_list":{"0":"post-692243","1":"product","2":"type-product","3":"status-publish","5":"product_cat-edebiyat","6":"product_cat-tarihi-roman","7":"pa_cilt-ciltsiz","8":"pa_tur-kitap","9":"pa_yayinevi-otuken-nesriyat","10":"pa_yazar-mehmed-niyazi","12":"first","13":"instock","14":"sale","15":"shipping-taxable","16":"purchasable","17":"product-type-simple"},"_links":{"self":[{"href":"https:\/\/roveyayinevi.com.tr\/index.php\/wp-json\/wp\/v2\/product\/692243","targetHints":{"allow":["GET"]}}],"collection":[{"href":"https:\/\/roveyayinevi.com.tr\/index.php\/wp-json\/wp\/v2\/product"}],"about":[{"href":"https:\/\/roveyayinevi.com.tr\/index.php\/wp-json\/wp\/v2\/types\/product"}],"wp:attachment":[{"href":"https:\/\/roveyayinevi.com.tr\/index.php\/wp-json\/wp\/v2\/media?parent=692243"}],"wp:term":[{"taxonomy":"product_brand","embeddable":true,"href":"https:\/\/roveyayinevi.com.tr\/index.php\/wp-json\/wp\/v2\/product_brand?post=692243"},{"taxonomy":"product_cat","embeddable":true,"href":"https:\/\/roveyayinevi.com.tr\/index.php\/wp-json\/wp\/v2\/product_cat?post=692243"},{"taxonomy":"product_tag","embeddable":true,"href":"https:\/\/roveyayinevi.com.tr\/index.php\/wp-json\/wp\/v2\/product_tag?post=692243"}],"curies":[{"name":"wp","href":"https:\/\/api.w.org\/{rel}","templated":true}]}}