{"id":692242,"date":"2025-08-27T14:05:47","date_gmt":"2025-08-27T11:05:47","guid":{"rendered":"https:\/\/roveyayinevi.com.tr\/index.php\/urun\/psikoloji-tarihi\/"},"modified":"2026-04-16T02:02:12","modified_gmt":"2026-04-15T23:02:12","slug":"psikoloji-tarihi","status":"publish","type":"product","link":"https:\/\/roveyayinevi.com.tr\/index.php\/urun\/psikoloji-tarihi\/","title":{"rendered":"Psikoloji Tarihi"},"content":{"rendered":"<p>Prof. Dr. Y\u0131lmaz \u00d6zakp\u0131nar, psikolojiyi bug\u00fcnk\u00fc konumuna getiren d\u00f6n\u00fc\u015f\u00fcmleri ve etki kaynaklar\u0131n\u0131 ortaya koyuyor. Psikolojinin felsefe ve biyoloji i\u00e7indeki k\u00f6klerini inceleyen yazar, psikolojiyi bir bilim disiplini yapan \u00f6nemli deneysel teknikleri, olgular\u0131 ve teorileri tarihsel perspektif i\u00e7inde tan\u0131t\u0131yor. Yazara g\u00f6re, davran\u0131\u015flar, i\u00e7 ve d\u0131\u015f \u00e7evre ko\u015fullar\u0131na adaptasyon arac\u0131d\u0131r ve uygun davran\u0131\u015flar\u0131 olu\u015fturma bak\u0131m\u0131ndan bilin\u00e7 ya\u015famsal \u00f6nem ta\u015f\u0131r. Zihnin i\u015fleyi\u015finde bilince yans\u0131mayan s\u00fcre\u00e7ler de vard\u0131r; fakat \u00e7\u00f6z\u00fcm ya da karar gerektiren durumlarda bilin\u00e7 \u00f6n plana ge\u00e7er. Modern psikoloji, davran\u0131\u015f olgular\u0131ndan hareket ediyor, o davran\u0131\u015flar\u0131 do\u011furan zihin s\u00fcre\u00e7lerini deney anlamaya \u00e7al\u0131\u015f\u0131yor. Art\u0131k psikolojide k\u0131s\u0131r tart\u0131\u015fmalar devri kapanm\u0131\u015f, kan\u0131t olu\u015fturan deneysel olgular\u0131n hakemli\u011fine ba\u015fvurma yolu a\u00e7\u0131lm\u0131\u015ft\u0131r. Psikoloji Tarihi, ba\u015flang\u0131c\u0131ndan bug\u00fcne psikolojide \u00e7\u0131\u011f\u0131r a\u00e7\u0131c\u0131 geli\u015fmeleri, o geli\u015fmelerin tarihsel ko\u015fullar\u0131n\u0131 ve o geli\u015fmelere yol a\u00e7an bak\u0131\u015f a\u00e7\u0131lar\u0131n\u0131 inceleyerek ortaya koyuyor. Bug\u00fcn, d\u00fcn\u00fcn i\u00e7inden \u00e7\u0131k\u0131yor. D\u00fcn\u00fc bilmek, bug\u00fcn\u00fc daha derin bir anlay\u0131\u015fla de\u011ferlendirmeyi sa\u011fl\u0131yor. Kitap, her bilimin ba\u015flang\u0131\u00e7 evresinde kendini g\u00f6stermi\u015f olan ekollerin art\u0131k psikolojide etkisini yitirdi\u011fini, psikolojinin, g\u00fcn\u00fcm\u00fczde, do\u011fa bilimleriyle ayn\u0131 genel metodolojiyi payla\u015farak s\u00fcrekli ilerleme yoluna girdi\u011fini vurguluyor.<\/p>\n","protected":false},"excerpt":{"rendered":"<p>Prof. Dr. Y\u0131lmaz \u00d6zakp\u0131nar, psikolojiyi bug\u00fcnk\u00fc konumuna getiren d\u00f6n\u00fc\u015f\u00fcmleri ve etki kaynaklar\u0131n\u0131 ortaya koyuyor. Psikolojinin felsefe ve biyoloji i\u00e7indeki k\u00f6klerini inceleyen yazar, psikolojiyi bir bilim disiplini<span class=\"excerpt-hellip\"> [\u2026]<\/span><\/p>\n","protected":false},"featured_media":0,"template":"","meta":{"_monsterinsights_skip_tracking":false,"_monsterinsights_sitenote_active":false,"_monsterinsights_sitenote_note":"","_monsterinsights_sitenote_category":0},"product_brand":[],"product_cat":[12358,12357],"product_tag":[],"class_list":{"0":"post-692242","1":"product","2":"type-product","3":"status-publish","5":"product_cat-genel-psikoloji","6":"product_cat-psikoloji","7":"pa_cilt-ciltsiz","8":"pa_tur-kitap","9":"pa_yayinevi-otuken-nesriyat","10":"pa_yazar-yilmaz-ozakpinar","12":"first","13":"instock","14":"sale","15":"shipping-taxable","16":"purchasable","17":"product-type-simple"},"_links":{"self":[{"href":"https:\/\/roveyayinevi.com.tr\/index.php\/wp-json\/wp\/v2\/product\/692242","targetHints":{"allow":["GET"]}}],"collection":[{"href":"https:\/\/roveyayinevi.com.tr\/index.php\/wp-json\/wp\/v2\/product"}],"about":[{"href":"https:\/\/roveyayinevi.com.tr\/index.php\/wp-json\/wp\/v2\/types\/product"}],"wp:attachment":[{"href":"https:\/\/roveyayinevi.com.tr\/index.php\/wp-json\/wp\/v2\/media?parent=692242"}],"wp:term":[{"taxonomy":"product_brand","embeddable":true,"href":"https:\/\/roveyayinevi.com.tr\/index.php\/wp-json\/wp\/v2\/product_brand?post=692242"},{"taxonomy":"product_cat","embeddable":true,"href":"https:\/\/roveyayinevi.com.tr\/index.php\/wp-json\/wp\/v2\/product_cat?post=692242"},{"taxonomy":"product_tag","embeddable":true,"href":"https:\/\/roveyayinevi.com.tr\/index.php\/wp-json\/wp\/v2\/product_tag?post=692242"}],"curies":[{"name":"wp","href":"https:\/\/api.w.org\/{rel}","templated":true}]}}