{"id":692241,"date":"2025-08-27T14:05:47","date_gmt":"2025-08-27T11:05:47","guid":{"rendered":"https:\/\/roveyayinevi.com.tr\/index.php\/urun\/panislamizmden-buyuk-asyaciliga\/"},"modified":"2026-04-16T02:02:12","modified_gmt":"2026-04-15T23:02:12","slug":"panislamizmden-buyuk-asyaciliga","status":"publish","type":"product","link":"https:\/\/roveyayinevi.com.tr\/index.php\/urun\/panislamizmden-buyuk-asyaciliga\/","title":{"rendered":"Panislamizm\u2019den B\u00fcy\u00fck Asyac\u0131l\u0131\u011fa"},"content":{"rendered":"<p>Pan-\u0130sl\u00e2mizm\u2019den B\u00fcy\u00fck Asyac\u0131l\u0131\u011fa: Osmanl\u0131 \u0130mparatorlu\u011fu, Japonya ve Orta Asya 20. y\u00fczy\u0131l\u0131n ba\u015f\u0131ndan Orta Asya, jeopolitik \u00f6nemi, bar\u0131nd\u0131rd\u0131\u011f\u0131 n\u00fcfusun k\u00fclt\u00fcrel, din\u00ee ve siyas\u00ee \u00f6zellikleri dolay\u0131s\u0131yla, Japonya ve Osmanl\u0131 \u0130mparatorlu\u011fu\u2019nun d\u0131\u015f siyasetinde ortak co\u011frafi paydalardan biri olmu\u015f, politik ve asker\u00ee \u00e7\u0131karlar\u0131 burada kesi\u015fmi\u015ftir. Her iki taraf, b\u00f6lgede n\u00fcfuz kazanmak ve b\u00f6lge halklar\u0131n\u0131 kendi yanlar\u0131na \u00e7ekebilmek i\u00e7in \u00e7al\u0131\u015fm\u0131\u015flard\u0131r. A.B.D., \u0130ngiltere, Japonya ve T\u00fcrkiye Cumhuriyeti resm\u00ee ar\u015fiv kay\u0131tlar\u0131na dayanarak haz\u0131rlanan bu \u00e7al\u0131\u015fma, T\u00fcrk-Japon ili\u015fkilerine farkl\u0131 bir a\u00e7\u0131dan yakla\u015fmakta, iki \u00fclke tarihinin karanl\u0131kta kalan bir d\u00f6nemine \u0131\u015f\u0131k tutmaktad\u0131r. Bu incelemede, iki \u00fclkenin siyas\u00ee durumu., Orta Asya ile olan ilgilerinin tarih\u00ee arka pl\u00e2n\u0131 verilmi\u015f, daha sonra burayla ilgili politikalar\u0131n\u0131 olu\u015ftururken temel olarak ald\u0131klar\u0131 fikr\u00ee altyap\u0131, insan unsuru ve propaganda faaliyetlerinin i\u00e7eri\u011fi incelenmi\u015f, taraflar\u0131n y\u00fcr\u00fctt\u00fc\u011f\u00fc siyasetin kesi\u015fen ve \u00f6rt\u00fc\u015fen noktalar\u0131 ortaya konmaya \u00e7al\u0131\u015f\u0131lm\u0131\u015ft\u0131r. Bu politikalar\u0131n bir safhas\u0131 olarak, bir Osmanl\u0131 \u015fehz\u00e2desi reisli\u011finde Hil\u00e2fet ihya edilerek Orta Asya\u2019da bir devlet kurulmas\u0131 projesi de d\u00e2hil, kimi zaman i\u00e7 i\u00e7e ge\u00e7mi\u015f g\u00f6z\u00fcken, Pan-\u0130sl\u00e2mizm, Pan-t\u00fcrkizm, Pan-Turanizm, Pan-Asyac\u0131l\u0131k ve B\u00fcy\u00fck Asyac\u0131l\u0131k kavramlar\u0131 tarih\u00ee s\u00fcre\u00e7 i\u00e7inde incelenmi\u015f, bu ak\u0131mlar\u0131n Orta Asya halk\u0131 ve propaganistler i\u00e7in ne anlam ta\u015f\u0131d\u0131\u011f\u0131 irdelenmi\u015ftir. \ufffcTan\u0131t\u0131m Metni<\/p>\n","protected":false},"excerpt":{"rendered":"<p>Pan-\u0130sl\u00e2mizm\u2019den B\u00fcy\u00fck Asyac\u0131l\u0131\u011fa: Osmanl\u0131 \u0130mparatorlu\u011fu, Japonya ve Orta Asya 20. y\u00fczy\u0131l\u0131n ba\u015f\u0131ndan Orta Asya, jeopolitik \u00f6nemi, bar\u0131nd\u0131rd\u0131\u011f\u0131 n\u00fcfusun k\u00fclt\u00fcrel, din\u00ee ve siyas\u00ee \u00f6zellikleri dolay\u0131s\u0131yla, Japonya ve<span class=\"excerpt-hellip\"> [\u2026]<\/span><\/p>\n","protected":false},"featured_media":0,"template":"","meta":{"_monsterinsights_skip_tracking":false,"_monsterinsights_sitenote_active":false,"_monsterinsights_sitenote_note":"","_monsterinsights_sitenote_category":0},"product_brand":[],"product_cat":[13517,12304],"product_tag":[],"class_list":{"0":"post-692241","1":"product","2":"type-product","3":"status-publish","5":"product_cat-osmanli-tarihi","6":"product_cat-tarih","7":"pa_cilt-ciltsiz","8":"pa_tur-kitap","9":"pa_yayinevi-otuken-nesriyat","10":"pa_yazar-ali-merthan-dundar","12":"first","13":"instock","14":"sale","15":"shipping-taxable","16":"purchasable","17":"product-type-simple"},"_links":{"self":[{"href":"https:\/\/roveyayinevi.com.tr\/index.php\/wp-json\/wp\/v2\/product\/692241","targetHints":{"allow":["GET"]}}],"collection":[{"href":"https:\/\/roveyayinevi.com.tr\/index.php\/wp-json\/wp\/v2\/product"}],"about":[{"href":"https:\/\/roveyayinevi.com.tr\/index.php\/wp-json\/wp\/v2\/types\/product"}],"wp:attachment":[{"href":"https:\/\/roveyayinevi.com.tr\/index.php\/wp-json\/wp\/v2\/media?parent=692241"}],"wp:term":[{"taxonomy":"product_brand","embeddable":true,"href":"https:\/\/roveyayinevi.com.tr\/index.php\/wp-json\/wp\/v2\/product_brand?post=692241"},{"taxonomy":"product_cat","embeddable":true,"href":"https:\/\/roveyayinevi.com.tr\/index.php\/wp-json\/wp\/v2\/product_cat?post=692241"},{"taxonomy":"product_tag","embeddable":true,"href":"https:\/\/roveyayinevi.com.tr\/index.php\/wp-json\/wp\/v2\/product_tag?post=692241"}],"curies":[{"name":"wp","href":"https:\/\/api.w.org\/{rel}","templated":true}]}}