{"id":692239,"date":"2025-08-27T14:05:46","date_gmt":"2025-08-27T11:05:46","guid":{"rendered":"https:\/\/roveyayinevi.com.tr\/index.php\/urun\/sozum-soz\/"},"modified":"2026-04-16T02:02:12","modified_gmt":"2026-04-15T23:02:12","slug":"sozum-soz","status":"publish","type":"product","link":"https:\/\/roveyayinevi.com.tr\/index.php\/urun\/sozum-soz\/","title":{"rendered":"S\u00f6z\u00fcm S\u00f6z"},"content":{"rendered":"<p>S\u00f6z\u00fcm S\u00f6z, Fatma Barbaroso\u011flu ile yap\u0131lan s\u00f6yle\u015filerden olu\u015fan bir kitap. Doksanl\u0131 y\u0131llardan g\u00fcn\u00fcm\u00fcze yirmi y\u0131ll\u0131k bir zaman aral\u0131\u011f\u0131na yay\u0131lan s\u00f6yle\u015filer, hem yap\u0131ld\u0131\u011f\u0131 d\u00f6nem\/ler a\u00e7\u0131s\u0131ndan, hem de yazar\u0131n modernle\u015fmenin belli ba\u015fl\u0131 g\u00f6r\u00fcn\u00fcmleri ve s\u00fcre\u00e7leri hakk\u0131ndaki d\u00fc\u015f\u00fcnsel s\u00fcreklili\u011fini ortaya koymas\u0131 bak\u0131m\u0131ndan \u00f6nem ta\u015f\u0131yor. <\/p>\n","protected":false},"excerpt":{"rendered":"<p>S\u00f6z\u00fcm S\u00f6z, Fatma Barbaroso\u011flu ile yap\u0131lan s\u00f6yle\u015filerden olu\u015fan bir kitap. Doksanl\u0131 y\u0131llardan g\u00fcn\u00fcm\u00fcze yirmi y\u0131ll\u0131k bir zaman aral\u0131\u011f\u0131na yay\u0131lan s\u00f6yle\u015filer, hem yap\u0131ld\u0131\u011f\u0131 d\u00f6nem\/ler a\u00e7\u0131s\u0131ndan, hem de<span class=\"excerpt-hellip\"> [\u2026]<\/span><\/p>\n","protected":false},"featured_media":0,"template":"","meta":{"_monsterinsights_skip_tracking":false,"_monsterinsights_sitenote_active":false,"_monsterinsights_sitenote_note":"","_monsterinsights_sitenote_category":0},"product_brand":[],"product_cat":[12364,12826],"product_tag":[],"class_list":{"0":"post-692239","1":"product","2":"type-product","3":"status-publish","5":"product_cat-genel-konular","6":"product_cat-soylesi","7":"pa_tur-kitap","8":"pa_yayinevi-profil-kitap","9":"pa_yazar-fatma-barbarosoglu","11":"first","12":"instock","13":"sale","14":"shipping-taxable","15":"purchasable","16":"product-type-simple"},"_links":{"self":[{"href":"https:\/\/roveyayinevi.com.tr\/index.php\/wp-json\/wp\/v2\/product\/692239","targetHints":{"allow":["GET"]}}],"collection":[{"href":"https:\/\/roveyayinevi.com.tr\/index.php\/wp-json\/wp\/v2\/product"}],"about":[{"href":"https:\/\/roveyayinevi.com.tr\/index.php\/wp-json\/wp\/v2\/types\/product"}],"wp:attachment":[{"href":"https:\/\/roveyayinevi.com.tr\/index.php\/wp-json\/wp\/v2\/media?parent=692239"}],"wp:term":[{"taxonomy":"product_brand","embeddable":true,"href":"https:\/\/roveyayinevi.com.tr\/index.php\/wp-json\/wp\/v2\/product_brand?post=692239"},{"taxonomy":"product_cat","embeddable":true,"href":"https:\/\/roveyayinevi.com.tr\/index.php\/wp-json\/wp\/v2\/product_cat?post=692239"},{"taxonomy":"product_tag","embeddable":true,"href":"https:\/\/roveyayinevi.com.tr\/index.php\/wp-json\/wp\/v2\/product_tag?post=692239"}],"curies":[{"name":"wp","href":"https:\/\/api.w.org\/{rel}","templated":true}]}}