{"id":692236,"date":"2025-08-27T14:05:46","date_gmt":"2025-08-27T11:05:46","guid":{"rendered":"https:\/\/roveyayinevi.com.tr\/index.php\/urun\/okullar-icin-mesneviden-secmeler\/"},"modified":"2026-04-16T02:02:12","modified_gmt":"2026-04-15T23:02:12","slug":"okullar-icin-mesneviden-secmeler","status":"publish","type":"product","link":"https:\/\/roveyayinevi.com.tr\/index.php\/urun\/okullar-icin-mesneviden-secmeler\/","title":{"rendered":"Okullar \u0130\u00e7in Mesnevi\u2019den Se\u00e7meler"},"content":{"rendered":"<p>Mill\u00ee E\u011fitim Bakanl\u0131\u011f\u0131&#8217;n\u0131n tavsiyesinin do\u011furdu\u011fu ihtiyac\u0131 kar\u015f\u0131lamak \u00fczere Mesnev\u00ee&#8217;de yer alan k\u0131sa hikayelerden olu\u015fan bir derlemedir. Giri\u015fte Hazret-i Mevlana&#8217;n\u0131n hayat\u0131 ve eserleri hakk\u0131nda \u00f6zet bilgiler verilir. Hikayeler \u00f6\u011frencilerin dima\u011flar\u0131nda tat b\u0131rakacak ve onlara Mesnevi&#8217;yi sevdirecek \u015fekilde se\u00e7ilmi\u015ftir. Hikayelerde tasavvufi g\u00f6r\u00fc\u015f\u00fcn temel kavram ve olgulara nas\u0131l bakt\u0131\u011f\u0131 aksettirilmi\u015ftir. Otuz iki ana ba\u015fl\u0131ktan olu\u015fur. Bu ba\u015fl\u0131klar i\u00e7 i\u00e7e ge\u00e7en k\u00fc\u00e7\u00fck hikayelerle i\u015flenmi\u015f ve a\u00e7\u0131klanm\u0131\u015ft\u0131r. \ufffc<\/p>\n","protected":false},"excerpt":{"rendered":"<p>Mill\u00ee E\u011fitim Bakanl\u0131\u011f\u0131&#8217;n\u0131n tavsiyesinin do\u011furdu\u011fu ihtiyac\u0131 kar\u015f\u0131lamak \u00fczere Mesnev\u00ee&#8217;de yer alan k\u0131sa hikayelerden olu\u015fan bir derlemedir. Giri\u015fte Hazret-i Mevlana&#8217;n\u0131n hayat\u0131 ve eserleri hakk\u0131nda \u00f6zet bilgiler verilir.<span class=\"excerpt-hellip\"> [\u2026]<\/span><\/p>\n","protected":false},"featured_media":0,"template":"","meta":{"_monsterinsights_skip_tracking":false,"_monsterinsights_sitenote_active":false,"_monsterinsights_sitenote_note":"","_monsterinsights_sitenote_category":0},"product_brand":[],"product_cat":[12718,12719,12720],"product_tag":[],"class_list":{"0":"post-692236","1":"product","2":"type-product","3":"status-publish","5":"product_cat-din","6":"product_cat-islam","7":"product_cat-tasavvuf-mezhepler-tarikatlar","8":"pa_cilt-ciltsiz","9":"pa_tur-kitap","10":"pa_yayinevi-otuken-nesriyat","11":"pa_yazar-sefik-can","13":"first","14":"instock","15":"sale","16":"shipping-taxable","17":"purchasable","18":"product-type-simple"},"_links":{"self":[{"href":"https:\/\/roveyayinevi.com.tr\/index.php\/wp-json\/wp\/v2\/product\/692236","targetHints":{"allow":["GET"]}}],"collection":[{"href":"https:\/\/roveyayinevi.com.tr\/index.php\/wp-json\/wp\/v2\/product"}],"about":[{"href":"https:\/\/roveyayinevi.com.tr\/index.php\/wp-json\/wp\/v2\/types\/product"}],"wp:attachment":[{"href":"https:\/\/roveyayinevi.com.tr\/index.php\/wp-json\/wp\/v2\/media?parent=692236"}],"wp:term":[{"taxonomy":"product_brand","embeddable":true,"href":"https:\/\/roveyayinevi.com.tr\/index.php\/wp-json\/wp\/v2\/product_brand?post=692236"},{"taxonomy":"product_cat","embeddable":true,"href":"https:\/\/roveyayinevi.com.tr\/index.php\/wp-json\/wp\/v2\/product_cat?post=692236"},{"taxonomy":"product_tag","embeddable":true,"href":"https:\/\/roveyayinevi.com.tr\/index.php\/wp-json\/wp\/v2\/product_tag?post=692236"}],"curies":[{"name":"wp","href":"https:\/\/api.w.org\/{rel}","templated":true}]}}