{"id":692230,"date":"2025-08-27T14:04:58","date_gmt":"2025-08-27T11:04:58","guid":{"rendered":"https:\/\/roveyayinevi.com.tr\/index.php\/urun\/nasreddin-hoca-secme-hikayeler\/"},"modified":"2026-04-16T02:02:12","modified_gmt":"2026-04-15T23:02:12","slug":"nasreddin-hoca-secme-hikayeler","status":"publish","type":"product","link":"https:\/\/roveyayinevi.com.tr\/index.php\/urun\/nasreddin-hoca-secme-hikayeler\/","title":{"rendered":"Nasreddin Hoca Se\u00e7me Hikayeler"},"content":{"rendered":"<p>Bir g\u00fcn adam\u0131n biri, Nasreddin Hoca&#8217;ya bir mektup getirmi\u015f. Ama bu mektup hocan\u0131n bildi\u011fi bir dilde de\u011filmi\u015f. Hoca mektubu alm\u0131\u015f, evirmi\u015f \u00e7evirmi\u015f. Sonra adama: Ben bunu okuyamam, demi\u015f. Adam bunu duyunca ka\u015flar\u0131n\u0131 \u00e7atm\u0131\u015f: Yahu bir de hoca olacaks\u0131n, benden utanm\u0131yorsan ba\u015f\u0131ndaki kavuktan utan, demi\u015f. Hoca bunu duyunca, kavu\u011fu ba\u015f\u0131ndan \u00e7\u0131karm\u0131\u015f, adam\u0131n ba\u015f\u0131na ge\u00e7irmi\u015f: Marifet kavuktaysa, al sen oku, demi\u015f. <\/p>\n","protected":false},"excerpt":{"rendered":"<p>Bir g\u00fcn adam\u0131n biri, Nasreddin Hoca&#8217;ya bir mektup getirmi\u015f. Ama bu mektup hocan\u0131n bildi\u011fi bir dilde de\u011filmi\u015f. Hoca mektubu alm\u0131\u015f, evirmi\u015f \u00e7evirmi\u015f. Sonra adama: Ben bunu<span class=\"excerpt-hellip\"> [\u2026]<\/span><\/p>\n","protected":false},"featured_media":0,"template":"","meta":{"_monsterinsights_skip_tracking":false,"_monsterinsights_sitenote_active":false,"_monsterinsights_sitenote_note":"","_monsterinsights_sitenote_category":0},"product_brand":[],"product_cat":[12274,20117],"product_tag":[],"class_list":{"0":"post-692230","1":"product","2":"type-product","3":"status-publish","5":"product_cat-cocuk-ve-genclik-kitaplari","6":"product_cat-turk-klasikleri","7":"pa_tur-kitap","8":"pa_yayinevi-profil-kitap","9":"pa_yazar-kolektif","11":"first","12":"instock","13":"sale","14":"shipping-taxable","15":"purchasable","16":"product-type-simple"},"_links":{"self":[{"href":"https:\/\/roveyayinevi.com.tr\/index.php\/wp-json\/wp\/v2\/product\/692230","targetHints":{"allow":["GET"]}}],"collection":[{"href":"https:\/\/roveyayinevi.com.tr\/index.php\/wp-json\/wp\/v2\/product"}],"about":[{"href":"https:\/\/roveyayinevi.com.tr\/index.php\/wp-json\/wp\/v2\/types\/product"}],"wp:attachment":[{"href":"https:\/\/roveyayinevi.com.tr\/index.php\/wp-json\/wp\/v2\/media?parent=692230"}],"wp:term":[{"taxonomy":"product_brand","embeddable":true,"href":"https:\/\/roveyayinevi.com.tr\/index.php\/wp-json\/wp\/v2\/product_brand?post=692230"},{"taxonomy":"product_cat","embeddable":true,"href":"https:\/\/roveyayinevi.com.tr\/index.php\/wp-json\/wp\/v2\/product_cat?post=692230"},{"taxonomy":"product_tag","embeddable":true,"href":"https:\/\/roveyayinevi.com.tr\/index.php\/wp-json\/wp\/v2\/product_tag?post=692230"}],"curies":[{"name":"wp","href":"https:\/\/api.w.org\/{rel}","templated":true}]}}