{"id":692226,"date":"2025-08-27T14:04:58","date_gmt":"2025-08-27T11:04:58","guid":{"rendered":"https:\/\/roveyayinevi.com.tr\/index.php\/urun\/dikkat-eksikligi-bozuklugu\/"},"modified":"2026-04-16T02:02:12","modified_gmt":"2026-04-15T23:02:12","slug":"dikkat-eksikligi-bozuklugu","status":"publish","type":"product","link":"https:\/\/roveyayinevi.com.tr\/index.php\/urun\/dikkat-eksikligi-bozuklugu\/","title":{"rendered":"Dikkat Eksikli\u011fi Bozuklu\u011fu"},"content":{"rendered":"<p>Hastalara dair (hem yeti\u015fkinler, hem de \u00e7ocuklar\u0131n) renkli hik\u00e2yeler ve \u00f6rnek vakalar ile birlikte, Dikkat Eksikli\u011fi Bozuklu\u011fu\u2019nun (DEB) ald\u0131\u011f\u0131 farkl\u0131 formlar\u0131 ke\u015ffederek, -hiperaktivite, g\u00fcnd\u00fcz d\u00fc\u015f\u00e7\u00fcl\u00fc\u011f\u00fc, madde ba\u011f\u0131ml\u0131l\u0131\u011f\u0131, depresyon, s\u0131n\u0131r ki\u015filik, v.b.- onlara ili\u015fkin te\u015fhis ve tedavi y\u00f6ntemlerini aktaran Dr. Hallowell ve Dr. Ratey, bu alanda \u00e7ok \u00f6nemli bir \u00e7al\u0131\u015fmaya imza atm\u0131\u015flard\u0131r. Her iki yazar\u0131n da DEB\u2019e sahip olmas\u0131 bu kitab\u0131 daha anlaml\u0131 ve \u00e7ekici k\u0131lmaktad\u0131r. Eser, DEB hakk\u0131ndaki yayg\u0131n \u015fehir efsanelerini yok etmeye, hastal\u0131kla m\u00fccadelede yard\u0131mc\u0131 ara\u00e7lara dair \u00f6nerilere, te\u015fhis ve tedavi se\u00e7enekleri hakk\u0131nda bilgilere ve hastalar ile hasta yak\u0131nlar\u0131n\u0131n durumla ba\u015f edebilmeleri i\u00e7in \u00f6nemli ipu\u00e7lar\u0131na yer vermektedir. Ama en \u00f6nemlisi, bu hastal\u0131\u011f\u0131n y\u00fcksek enerji, sezgisellik, yarat\u0131c\u0131l\u0131k ve co\u015fku ba\u015fta olmak \u00fczere pozitif y\u00f6nlerine de odaklanmakta ve Dikkat Eksikli\u011fi Bozuklu\u011fu\u2019na sahip ki\u015filerin hayalci olan tan\u0131mlamalar\u0131n\u0131, tedavinin de\u011fi\u015ftirici g\u00fcc\u00fcyle, d\u00e2hi ye \u00e7evirebilmenin nas\u0131l m\u00fcmk\u00fcn oldu\u011funu g\u00f6stermektedir. DEB \u00fczerine okunmas\u0131 \u00e7ok keyifli ve daha da \u00f6nemlisi pratik ve faydal\u0131 bir kitap. -Dr. Judith L. Rapoport, National Institute of Mental Health \u00c7ocuk Psikiyatrisi Dal\u0131 Ba\u015fkan\u0131, The Boy Who Couldn\u2019t Stop Washing kitab\u0131n\u0131n yazar\u0131- Konu\u015fma dilinde, ansiklopedik i\u00e7eri\u011fe sahip ve hepsinden iyisi de klinik deneyimlere dayand\u0131\u011f\u0131ndan tamamen ikna edici olan kitap, Dikkat Eksikli\u011fi Bozuklu\u011fu\u2019nu en dikkati da\u011f\u0131n\u0131k okuyucu i\u00e7in bile anla\u015f\u0131l\u0131r h\u00e2le getirmektedir. -Dr. Peter D. Kramer, Listening to Prozac kitab\u0131n\u0131n yazar\u0131- Bu zengin kaynak her\u015feye -e\u011fitim, aile perspektifleri, te\u015fhis ve tedavi, alt t\u00fcrler- sahiptir. Ba\u015f\u0131ndan sonuna dek ne\u015feli ve ku\u015fat\u0131c\u0131 bir umut anlay\u0131\u015f\u0131 vard\u0131r. Bir insan bu kitab\u0131 DEB\u2019le ya\u015faman\u0131n -bunun yaratt\u0131\u011f\u0131 eksiklikleri gidermenin, hatta onlardan yarar sa\u011flaman\u0131n, bu sendromun karakteristiklerinin- nas\u0131l bir his oldu\u011funa dair muazzam bir sa\u011fduyu geli\u015ftirmeden okuyamaz. -Sandra Freed Thomas, C.H.A.D.D. (Children and Adults with Attention Deficit Disorder) Ba\u015fkan\u0131- Yard\u0131m ve iyile\u015fmeye dair en \u00fcst\u00fcn d\u00fczen bu kitap boyunca par\u0131ldamaktad\u0131r. Bilgilendirici, m\u00fc\u015ffik, uygulanabilir ve -evet- komik. Okuru s\u00fcr\u00fckl\u00fcyor ve kafa kar\u0131\u015f\u0131kl\u0131klar\u0131n\u0131 tamamen ortadan kald\u0131r\u0131yor. -Priscilla L. Vail, Smart Kids with School Problems kitab\u0131n\u0131n yazar\u0131- \ufffcTan\u0131t\u0131m Metni<\/p>\n","protected":false},"excerpt":{"rendered":"<p>Hastalara dair (hem yeti\u015fkinler, hem de \u00e7ocuklar\u0131n) renkli hik\u00e2yeler ve \u00f6rnek vakalar ile birlikte, Dikkat Eksikli\u011fi Bozuklu\u011fu\u2019nun (DEB) ald\u0131\u011f\u0131 farkl\u0131 formlar\u0131 ke\u015ffederek, -hiperaktivite, g\u00fcnd\u00fcz d\u00fc\u015f\u00e7\u00fcl\u00fc\u011f\u00fc, madde<span class=\"excerpt-hellip\"> [\u2026]<\/span><\/p>\n","protected":false},"featured_media":0,"template":"","meta":{"_monsterinsights_skip_tracking":false,"_monsterinsights_sitenote_active":false,"_monsterinsights_sitenote_note":"","_monsterinsights_sitenote_category":0},"product_brand":[],"product_cat":[12679,12357],"product_tag":[],"class_list":{"0":"post-692226","1":"product","2":"type-product","3":"status-publish","5":"product_cat-cocuk-psikolojisi","6":"product_cat-psikoloji","7":"pa_cilt-ciltsiz","8":"pa_tur-kitap","9":"pa_yayinevi-pozitif-yayinlari","10":"pa_yazar-john-j-ratey","12":"first","13":"instock","14":"sale","15":"shipping-taxable","16":"purchasable","17":"product-type-simple"},"_links":{"self":[{"href":"https:\/\/roveyayinevi.com.tr\/index.php\/wp-json\/wp\/v2\/product\/692226","targetHints":{"allow":["GET"]}}],"collection":[{"href":"https:\/\/roveyayinevi.com.tr\/index.php\/wp-json\/wp\/v2\/product"}],"about":[{"href":"https:\/\/roveyayinevi.com.tr\/index.php\/wp-json\/wp\/v2\/types\/product"}],"wp:attachment":[{"href":"https:\/\/roveyayinevi.com.tr\/index.php\/wp-json\/wp\/v2\/media?parent=692226"}],"wp:term":[{"taxonomy":"product_brand","embeddable":true,"href":"https:\/\/roveyayinevi.com.tr\/index.php\/wp-json\/wp\/v2\/product_brand?post=692226"},{"taxonomy":"product_cat","embeddable":true,"href":"https:\/\/roveyayinevi.com.tr\/index.php\/wp-json\/wp\/v2\/product_cat?post=692226"},{"taxonomy":"product_tag","embeddable":true,"href":"https:\/\/roveyayinevi.com.tr\/index.php\/wp-json\/wp\/v2\/product_tag?post=692226"}],"curies":[{"name":"wp","href":"https:\/\/api.w.org\/{rel}","templated":true}]}}