{"id":692225,"date":"2025-08-27T14:04:57","date_gmt":"2025-08-27T11:04:57","guid":{"rendered":"https:\/\/roveyayinevi.com.tr\/index.php\/urun\/imparatorlugun-batis-yillari\/"},"modified":"2026-04-16T02:02:12","modified_gmt":"2026-04-15T23:02:12","slug":"imparatorlugun-batis-yillari","status":"publish","type":"product","link":"https:\/\/roveyayinevi.com.tr\/index.php\/urun\/imparatorlugun-batis-yillari\/","title":{"rendered":"\u0130mparatorlu\u011fun Bat\u0131\u015f Y\u0131llar\u0131"},"content":{"rendered":"<p>\u201cFalih R\u0131fk\u0131 Atay\u2019\u0131n s\u00fcr\u00fckleyici, zengin muhteval\u0131, z\u0131t g\u00f6r\u00fcn\u00fcm ve olaylara dayanarak tezlerini savunan bir \u00fcslubu vard\u0131r.\u201d Prof.Dr. \u0130lber ORTAYLI   \u201cBiz Osmanl\u0131 \u0130mparatorlu\u011fu\u2019nun son \u00e7ocuklar\u0131y\u0131z. Biraz b\u00fcy\u00fcy\u00fcp kendimize geldi\u011fimiz zaman memleket s\u0131n\u0131rlar\u0131n\u0131n bir ucu Adriyatik, bir ucu Fars K\u00f6rfezi k\u0131y\u0131lar\u0131ndayd\u0131. R\u00fc\u015ftiye Mektebi\u2019nde okudu\u011fumuz co\u011frafya kitab\u0131na g\u00f6re \u00fclkemiz daha da b\u00fcy\u00fckt\u00fc. M\u0131s\u0131r ve Sudan, Bulgaristan Prensli\u011fi, Bosna ve Hersek s\u0131n\u0131rlar\u0131m\u0131z i\u00e7indeydi. Hen\u00fcz Tuna\u2019lar, Nil\u2019ler ve F\u0131rat\u2019lar T\u00fcrkiye\u2019siydik. \u015eimdiki Do\u011fu petrollerinin b\u00fct\u00fcn kaynaklar\u0131 topraklar\u0131m\u0131zdayd\u0131.\u201d &#8230; \u201cBu sayfalarda \u00e7ocuklu\u011fumun ve ilk gen\u00e7li\u011fimin havas\u0131n\u0131 teneff\u00fcs ettirmek \u00fczere sizleri gerilere g\u00f6t\u00fcrmek istiyorum. 1918\u2019e kadar ge\u00e7mi\u015fin hat\u0131ralar\u0131n\u0131, durmadan ve son dakikaya kadar uslanmadan ve ay\u0131lmadan \u00f6deyen bir nesil olduk. Hi\u00e7birini kendi i\u015flemedi\u011fimiz g\u00fcnahlar\u0131n ac\u0131 ve a\u011f\u0131r azaplar\u0131n\u0131 biz \u00e7ektik. Bug\u00fcn ve yar\u0131n i\u00e7in faydal\u0131 dersler verebilecek \u00f6l\u00fcm kal\u0131m imtihanlar\u0131ndan ge\u00e7tik. Maksad\u0131m, bug\u00fcn\u00fcn ve yar\u0131n\u0131n gen\u00e7lerine Osmanl\u0131&#8217;n\u0131n bat\u0131\u015f ve da\u011f\u0131l\u0131\u015f y\u0131llar\u0131n\u0131n hik\u00e2yelerini anlatmak ve onlar\u0131 T\u00fcrkiye\u2019nin gelece\u011fi \u00fczerinde daha uyan\u0131k tutmaktan ibaret.\u201d <\/p>\n","protected":false},"excerpt":{"rendered":"<p>\u201cFalih R\u0131fk\u0131 Atay\u2019\u0131n s\u00fcr\u00fckleyici, zengin muhteval\u0131, z\u0131t g\u00f6r\u00fcn\u00fcm ve olaylara dayanarak tezlerini savunan bir \u00fcslubu vard\u0131r.\u201d Prof.Dr. \u0130lber ORTAYLI \u201cBiz Osmanl\u0131 \u0130mparatorlu\u011fu\u2019nun son \u00e7ocuklar\u0131y\u0131z. Biraz b\u00fcy\u00fcy\u00fcp<span class=\"excerpt-hellip\"> [\u2026]<\/span><\/p>\n","protected":false},"featured_media":0,"template":"","meta":{"_monsterinsights_skip_tracking":false,"_monsterinsights_sitenote_active":false,"_monsterinsights_sitenote_note":"","_monsterinsights_sitenote_category":0},"product_brand":[],"product_cat":[12312,12304],"product_tag":[],"class_list":{"0":"post-692225","1":"product","2":"type-product","3":"status-publish","5":"product_cat-diger","6":"product_cat-tarih","7":"pa_cilt-ciltsiz","8":"pa_tur-kitap","9":"pa_yayinevi-pozitif-yayinlari","10":"pa_yazar-falih-rifki-atay","12":"first","13":"instock","14":"sale","15":"shipping-taxable","16":"purchasable","17":"product-type-simple"},"_links":{"self":[{"href":"https:\/\/roveyayinevi.com.tr\/index.php\/wp-json\/wp\/v2\/product\/692225","targetHints":{"allow":["GET"]}}],"collection":[{"href":"https:\/\/roveyayinevi.com.tr\/index.php\/wp-json\/wp\/v2\/product"}],"about":[{"href":"https:\/\/roveyayinevi.com.tr\/index.php\/wp-json\/wp\/v2\/types\/product"}],"wp:attachment":[{"href":"https:\/\/roveyayinevi.com.tr\/index.php\/wp-json\/wp\/v2\/media?parent=692225"}],"wp:term":[{"taxonomy":"product_brand","embeddable":true,"href":"https:\/\/roveyayinevi.com.tr\/index.php\/wp-json\/wp\/v2\/product_brand?post=692225"},{"taxonomy":"product_cat","embeddable":true,"href":"https:\/\/roveyayinevi.com.tr\/index.php\/wp-json\/wp\/v2\/product_cat?post=692225"},{"taxonomy":"product_tag","embeddable":true,"href":"https:\/\/roveyayinevi.com.tr\/index.php\/wp-json\/wp\/v2\/product_tag?post=692225"}],"curies":[{"name":"wp","href":"https:\/\/api.w.org\/{rel}","templated":true}]}}