{"id":692224,"date":"2025-08-27T14:04:57","date_gmt":"2025-08-27T11:04:57","guid":{"rendered":"https:\/\/roveyayinevi.com.tr\/index.php\/urun\/pratik-ingilizce-konusma-kilavuzu\/"},"modified":"2026-04-16T02:02:12","modified_gmt":"2026-04-15T23:02:12","slug":"pratik-ingilizce-konusma-kilavuzu","status":"publish","type":"product","link":"https:\/\/roveyayinevi.com.tr\/index.php\/urun\/pratik-ingilizce-konusma-kilavuzu\/","title":{"rendered":"Pratik \u0130ngilizce Konu\u015fma K\u0131lavuzu"},"content":{"rendered":"<p>Pek \u00e7ok konuda g\u00fcnl\u00fck hayattan pratik c\u00fcmleler i\u00e7eren bu kitapta; \u00f6rnek c\u00fcmleler ve konu\u015fma kal\u0131plar\u0131n\u0131, \u0130ngilizce dilbilgisi \u00f6zetini, en uygun ve g\u00fcncel kar\u015f\u0131l\u0131klar\u0131 ile \u0130ngilizce &#8211; T\u00fcrk\u00e7e ve T\u00fcrk\u00e7e &#8211; \u0130ngilizce s\u00f6zl\u00fc\u011f\u00fc bulacaks\u0131n\u0131z. Konular\u0131n sunulu\u015fu ve okunu\u015f \u015fekillerinin de verilmesi a\u00e7\u0131s\u0131ndan bu kitap size pratik \u0130ngilizce konu\u015fmak i\u00e7in yard\u0131mc\u0131 olabilecek ideal bir kaynak olacakt\u0131r.<\/p>\n","protected":false},"excerpt":{"rendered":"<p>Pek \u00e7ok konuda g\u00fcnl\u00fck hayattan pratik c\u00fcmleler i\u00e7eren bu kitapta; \u00f6rnek c\u00fcmleler ve konu\u015fma kal\u0131plar\u0131n\u0131, \u0130ngilizce dilbilgisi \u00f6zetini, en uygun ve g\u00fcncel kar\u015f\u0131l\u0131klar\u0131 ile \u0130ngilizce &#8211;<span class=\"excerpt-hellip\"> [\u2026]<\/span><\/p>\n","protected":false},"featured_media":0,"template":"","meta":{"_monsterinsights_skip_tracking":false,"_monsterinsights_sitenote_active":false,"_monsterinsights_sitenote_note":"","_monsterinsights_sitenote_category":0},"product_brand":[],"product_cat":[12566,13611],"product_tag":[],"class_list":{"0":"post-692224","1":"product","2":"type-product","3":"status-publish","5":"product_cat-egitim","6":"product_cat-sozlukler-ve-konusma-kilavuzlari","7":"pa_cilt-ciltsiz","8":"pa_tur-kitap","9":"pa_yayinevi-pozitif-yayinlari","10":"pa_yazar-arzu-turkan","12":"first","13":"instock","14":"sale","15":"shipping-taxable","16":"purchasable","17":"product-type-simple"},"_links":{"self":[{"href":"https:\/\/roveyayinevi.com.tr\/index.php\/wp-json\/wp\/v2\/product\/692224","targetHints":{"allow":["GET"]}}],"collection":[{"href":"https:\/\/roveyayinevi.com.tr\/index.php\/wp-json\/wp\/v2\/product"}],"about":[{"href":"https:\/\/roveyayinevi.com.tr\/index.php\/wp-json\/wp\/v2\/types\/product"}],"wp:attachment":[{"href":"https:\/\/roveyayinevi.com.tr\/index.php\/wp-json\/wp\/v2\/media?parent=692224"}],"wp:term":[{"taxonomy":"product_brand","embeddable":true,"href":"https:\/\/roveyayinevi.com.tr\/index.php\/wp-json\/wp\/v2\/product_brand?post=692224"},{"taxonomy":"product_cat","embeddable":true,"href":"https:\/\/roveyayinevi.com.tr\/index.php\/wp-json\/wp\/v2\/product_cat?post=692224"},{"taxonomy":"product_tag","embeddable":true,"href":"https:\/\/roveyayinevi.com.tr\/index.php\/wp-json\/wp\/v2\/product_tag?post=692224"}],"curies":[{"name":"wp","href":"https:\/\/api.w.org\/{rel}","templated":true}]}}