{"id":692221,"date":"2025-08-27T14:04:57","date_gmt":"2025-08-27T11:04:57","guid":{"rendered":"https:\/\/roveyayinevi.com.tr\/index.php\/urun\/bir-aktor-hazirlaniyor\/"},"modified":"2026-04-16T02:02:12","modified_gmt":"2026-04-15T23:02:12","slug":"bir-aktor-hazirlaniyor","status":"publish","type":"product","link":"https:\/\/roveyayinevi.com.tr\/index.php\/urun\/bir-aktor-hazirlaniyor\/","title":{"rendered":"Bir Akt\u00f6r Haz\u0131rlan\u0131yor"},"content":{"rendered":"<p>Stanislavski\u2019nin sahne sanatlar\u0131 konusundaki dehas\u0131n\u0131 konu\u015fturdu\u011fu bu kitap, adeta bir \u00f6\u011frenci anlat\u0131m\u0131yla i\u00e7 sesinize kulak vermenize ve korkular\u0131n\u0131z\u0131 bir bir yenmenize yard\u0131mc\u0131 olacak. En ba\u015f\u0131ndan, yani s\u0131f\u0131r noktas\u0131ndan sahneye \u00e7\u0131kana kadarki s\u00fcre\u00e7te her t\u00fcrl\u00fc bilgi i\u00e7in s\u0131rt\u0131n\u0131z\u0131 dayayabilece\u011finiz bir destek ar\u0131yorsan\u0131z, Bir Akt\u00f6r Haz\u0131rlan\u0131yor sizin i\u00e7in paha bi\u00e7ilemez bir kaynak.<\/p>\n","protected":false},"excerpt":{"rendered":"<p>Stanislavski\u2019nin sahne sanatlar\u0131 konusundaki dehas\u0131n\u0131 konu\u015fturdu\u011fu bu kitap, adeta bir \u00f6\u011frenci anlat\u0131m\u0131yla i\u00e7 sesinize kulak vermenize ve korkular\u0131n\u0131z\u0131 bir bir yenmenize yard\u0131mc\u0131 olacak. En ba\u015f\u0131ndan, yani<span class=\"excerpt-hellip\"> [\u2026]<\/span><\/p>\n","protected":false},"featured_media":0,"template":"","meta":{"_monsterinsights_skip_tracking":false,"_monsterinsights_sitenote_active":false,"_monsterinsights_sitenote_note":"","_monsterinsights_sitenote_category":0},"product_brand":[],"product_cat":[12409,12408],"product_tag":[],"class_list":{"0":"post-692221","1":"product","2":"type-product","3":"status-publish","5":"product_cat-fotograf-sinema-tiyatro","6":"product_cat-sanat","7":"pa_cilt-ciltsiz","8":"pa_tur-kitap","9":"pa_yayinevi-pozitif-yayinlari","10":"pa_yazar-konstantin-stanislavski","12":"first","13":"instock","14":"sale","15":"shipping-taxable","16":"purchasable","17":"product-type-simple"},"_links":{"self":[{"href":"https:\/\/roveyayinevi.com.tr\/index.php\/wp-json\/wp\/v2\/product\/692221","targetHints":{"allow":["GET"]}}],"collection":[{"href":"https:\/\/roveyayinevi.com.tr\/index.php\/wp-json\/wp\/v2\/product"}],"about":[{"href":"https:\/\/roveyayinevi.com.tr\/index.php\/wp-json\/wp\/v2\/types\/product"}],"wp:attachment":[{"href":"https:\/\/roveyayinevi.com.tr\/index.php\/wp-json\/wp\/v2\/media?parent=692221"}],"wp:term":[{"taxonomy":"product_brand","embeddable":true,"href":"https:\/\/roveyayinevi.com.tr\/index.php\/wp-json\/wp\/v2\/product_brand?post=692221"},{"taxonomy":"product_cat","embeddable":true,"href":"https:\/\/roveyayinevi.com.tr\/index.php\/wp-json\/wp\/v2\/product_cat?post=692221"},{"taxonomy":"product_tag","embeddable":true,"href":"https:\/\/roveyayinevi.com.tr\/index.php\/wp-json\/wp\/v2\/product_tag?post=692221"}],"curies":[{"name":"wp","href":"https:\/\/api.w.org\/{rel}","templated":true}]}}