{"id":692219,"date":"2025-08-27T14:04:56","date_gmt":"2025-08-27T11:04:56","guid":{"rendered":"https:\/\/roveyayinevi.com.tr\/index.php\/urun\/devlet-cep-boy\/"},"modified":"2026-04-16T02:02:12","modified_gmt":"2026-04-15T23:02:12","slug":"devlet-cep-boy","status":"publish","type":"product","link":"https:\/\/roveyayinevi.com.tr\/index.php\/urun\/devlet-cep-boy\/","title":{"rendered":"Devlet Cep Boy"},"content":{"rendered":"<p>En \u00f6nemli ba\u015fvuru kaynaklar\u0131ndan, en \u00e7ok okunan metinlerinden birisidir, Devlet. Y\u00fczy\u0131llard\u0131r, iki b\u00fcy\u00fck dinin, Hristiyanl\u0131\u011f\u0131n ve M\u00fcsl\u00fcmanl\u0131\u011f\u0131n yery\u00fcz\u00fcnde bilinmesinden \u00f6nce de sonra da bu b\u00f6yleydi. Kutsal olmasa bile, ilahi kitaplar\u0131n pe\u015finden giden e\u015fsiz yorumcular\u0131n\u0131n da kitapl\u0131\u011f\u0131n\u0131n en de\u011ferli raf\u0131nda bulunduruldu. \u0130\u00e7eri\u011finde, en temel konular\u0131n okuru taraf\u0131ndan yeniden ke\u015ffedildi\u011fi s\u00f6ylenir. Bu ifade, ayn\u0131 ki\u015fi taraf\u0131ndan yine okundu\u011funda yenilenir. Ve bu, hep tekrar eder. Adil bir devlet olu\u015fmayabilir ama insan adil olmal\u0131d\u0131r, olabiliyor diyor, Eflatun; bug\u00fcne ta\u015f\u0131nan fenomenler var, Devlet&#8217;te. Bug\u00fcn\u00fcn de ferah a\u00e7\u0131l\u0131mlar\u0131na rastlad\u0131\u011f\u0131m\u0131z bu bilge kitap, sadece \u015fimdi de\u011fil y\u00fczy\u0131llard\u0131r \u00f6\u011f\u00fctlemekten uzak bir noktada insanl\u0131\u011f\u0131n iliklerine \u00e7oktan ilerlemi\u015f, okurunu bekliyor. <\/p>\n","protected":false},"excerpt":{"rendered":"<p>En \u00f6nemli ba\u015fvuru kaynaklar\u0131ndan, en \u00e7ok okunan metinlerinden birisidir, Devlet. Y\u00fczy\u0131llard\u0131r, iki b\u00fcy\u00fck dinin, Hristiyanl\u0131\u011f\u0131n ve M\u00fcsl\u00fcmanl\u0131\u011f\u0131n yery\u00fcz\u00fcnde bilinmesinden \u00f6nce de sonra da bu b\u00f6yleydi. Kutsal<span class=\"excerpt-hellip\"> [\u2026]<\/span><\/p>\n","protected":false},"featured_media":0,"template":"","meta":{"_monsterinsights_skip_tracking":false,"_monsterinsights_sitenote_active":false,"_monsterinsights_sitenote_note":"","_monsterinsights_sitenote_category":0},"product_brand":[],"product_cat":[12388,14717],"product_tag":[],"class_list":{"0":"post-692219","1":"product","2":"type-product","3":"status-publish","5":"product_cat-felsefe","6":"product_cat-felsefe-tarihi","7":"pa_tur-kitap","8":"pa_yayinevi-profil-kitap","9":"pa_yazar-platon-eflatun","11":"first","12":"instock","13":"sale","14":"shipping-taxable","15":"purchasable","16":"product-type-simple"},"_links":{"self":[{"href":"https:\/\/roveyayinevi.com.tr\/index.php\/wp-json\/wp\/v2\/product\/692219","targetHints":{"allow":["GET"]}}],"collection":[{"href":"https:\/\/roveyayinevi.com.tr\/index.php\/wp-json\/wp\/v2\/product"}],"about":[{"href":"https:\/\/roveyayinevi.com.tr\/index.php\/wp-json\/wp\/v2\/types\/product"}],"wp:attachment":[{"href":"https:\/\/roveyayinevi.com.tr\/index.php\/wp-json\/wp\/v2\/media?parent=692219"}],"wp:term":[{"taxonomy":"product_brand","embeddable":true,"href":"https:\/\/roveyayinevi.com.tr\/index.php\/wp-json\/wp\/v2\/product_brand?post=692219"},{"taxonomy":"product_cat","embeddable":true,"href":"https:\/\/roveyayinevi.com.tr\/index.php\/wp-json\/wp\/v2\/product_cat?post=692219"},{"taxonomy":"product_tag","embeddable":true,"href":"https:\/\/roveyayinevi.com.tr\/index.php\/wp-json\/wp\/v2\/product_tag?post=692219"}],"curies":[{"name":"wp","href":"https:\/\/api.w.org\/{rel}","templated":true}]}}