{"id":692218,"date":"2025-08-27T14:04:56","date_gmt":"2025-08-27T11:04:56","guid":{"rendered":"https:\/\/roveyayinevi.com.tr\/index.php\/urun\/cizimde-ustalik\/"},"modified":"2026-04-16T02:02:12","modified_gmt":"2026-04-15T23:02:12","slug":"cizimde-ustalik","status":"publish","type":"product","link":"https:\/\/roveyayinevi.com.tr\/index.php\/urun\/cizimde-ustalik\/","title":{"rendered":"\u00c7izimde Ustal\u0131k"},"content":{"rendered":"<p>Bu ilham verici kitapta,\u00e7ok satan yazar ve ressam Barrington Barber,gurur duyabilice\u011finiz pek \u00e7ok \u00e7izimi yapman\u0131z konusunda size rehber oluyor. Resim konusunda her seviyeye hitap eden projeler,evde yap\u0131labilicek nat\u00fcrmortlardan ba\u015flayarak \u015fehir manzaralar\u0131 ve grup portleri gibi daha zorlay\u0131c\u0131 konulara ge\u00e7iyor.Projelerin i\u00e7inde teknik al\u0131\u015ft\u0131rmalar\u0131n yan\u0131nda usta ressamlardan \u00f6rnekler de yer al\u0131rken yap\u0131l\u0131cak \u00e7al\u0131\u015fman\u0131n son haline ad\u0131m ad\u0131m ilerleyeceksiniz.   Projeler : *Nat\u00fcrmort ile ba\u015flang\u0131. *\u0130\u00e7 mekan-evin i\u00e7i *Manzaray\u0131 ke\u015ffetmek *Kent g\u00f6r\u00fcn\u00fcm\u00fc *Oto-portre<\/p>\n","protected":false},"excerpt":{"rendered":"<p>Bu ilham verici kitapta,\u00e7ok satan yazar ve ressam Barrington Barber,gurur duyabilice\u011finiz pek \u00e7ok \u00e7izimi yapman\u0131z konusunda size rehber oluyor. Resim konusunda her seviyeye hitap eden projeler,evde<span class=\"excerpt-hellip\"> [\u2026]<\/span><\/p>\n","protected":false},"featured_media":0,"template":"","meta":{"_monsterinsights_skip_tracking":false,"_monsterinsights_sitenote_active":false,"_monsterinsights_sitenote_note":"","_monsterinsights_sitenote_category":0},"product_brand":[],"product_cat":[15733,12408],"product_tag":[],"class_list":{"0":"post-692218","1":"product","2":"type-product","3":"status-publish","5":"product_cat-resim","6":"product_cat-sanat","7":"pa_cilt-ciltsiz","8":"pa_tur-kitap","9":"pa_yayinevi-profil-kitap","10":"pa_yazar-barrington-barber","12":"first","13":"instock","14":"sale","15":"shipping-taxable","16":"purchasable","17":"product-type-simple"},"_links":{"self":[{"href":"https:\/\/roveyayinevi.com.tr\/index.php\/wp-json\/wp\/v2\/product\/692218","targetHints":{"allow":["GET"]}}],"collection":[{"href":"https:\/\/roveyayinevi.com.tr\/index.php\/wp-json\/wp\/v2\/product"}],"about":[{"href":"https:\/\/roveyayinevi.com.tr\/index.php\/wp-json\/wp\/v2\/types\/product"}],"wp:attachment":[{"href":"https:\/\/roveyayinevi.com.tr\/index.php\/wp-json\/wp\/v2\/media?parent=692218"}],"wp:term":[{"taxonomy":"product_brand","embeddable":true,"href":"https:\/\/roveyayinevi.com.tr\/index.php\/wp-json\/wp\/v2\/product_brand?post=692218"},{"taxonomy":"product_cat","embeddable":true,"href":"https:\/\/roveyayinevi.com.tr\/index.php\/wp-json\/wp\/v2\/product_cat?post=692218"},{"taxonomy":"product_tag","embeddable":true,"href":"https:\/\/roveyayinevi.com.tr\/index.php\/wp-json\/wp\/v2\/product_tag?post=692218"}],"curies":[{"name":"wp","href":"https:\/\/api.w.org\/{rel}","templated":true}]}}