{"id":692217,"date":"2025-08-27T14:04:56","date_gmt":"2025-08-27T11:04:56","guid":{"rendered":"https:\/\/roveyayinevi.com.tr\/index.php\/urun\/cumhuriyetin-dindar-kadinlari\/"},"modified":"2026-04-16T02:02:12","modified_gmt":"2026-04-15T23:02:12","slug":"cumhuriyetin-dindar-kadinlari","status":"publish","type":"product","link":"https:\/\/roveyayinevi.com.tr\/index.php\/urun\/cumhuriyetin-dindar-kadinlari\/","title":{"rendered":"Cumhuriyet\u2019in Dindar Kad\u0131nlar\u0131"},"content":{"rendered":"<p>Resmi tarih, kad\u0131nlar\u0131  \u00e7a\u011fda\u015f kad\u0131n  paydas\u0131nda e\u015fitlendi. E\u015fitli\u011fin d\u0131\u015f\u0131nda kalanlar g\u00f6r\u00fcnmeyecek, bilinmeyecekti. Oysa Cumhuriyet&#8217;in bir de dindar kad\u0131nlar\u0131 vard\u0131. Hayatlar\u0131 ge\u00e7mi\u015f ile gelecek aras\u0131nda kurulmu\u015f k\u00f6pr\u00fc&#8230; Hayatlar\u0131n\u0131n kimyas\u0131 gayret, hizmet, edep ve zerafet olan kad\u0131rlar&#8230; \u015eimdiye kadar hep toplu bir resim olarak alg\u0131lanan dindar kad\u0131nlar\u0131; Fatma K. Barbaroso\u011flu, bireyin hikayesi ile devletin hikayesinin kesi\u015fme noktalar\u0131 \u00fczerinden ele al\u0131yor. Asl\u0131nda bu hikayeyi biliyorsunuz, fakat daha \u00f6nce hi\u00e7  okuma d\u0131n\u0131z. Okudu\u011funuzda hayat\u0131n\u0131z de\u011fi\u015fmeyecek, ama hayat\u0131n\u0131za bak\u0131\u015f\u0131n\u0131z de\u011fi\u015fecek. <\/p>\n","protected":false},"excerpt":{"rendered":"<p>Resmi tarih, kad\u0131nlar\u0131 \u00e7a\u011fda\u015f kad\u0131n paydas\u0131nda e\u015fitlendi. E\u015fitli\u011fin d\u0131\u015f\u0131nda kalanlar g\u00f6r\u00fcnmeyecek, bilinmeyecekti. Oysa Cumhuriyet&#8217;in bir de dindar kad\u0131nlar\u0131 vard\u0131. Hayatlar\u0131 ge\u00e7mi\u015f ile gelecek aras\u0131nda kurulmu\u015f k\u00f6pr\u00fc&#8230;<span class=\"excerpt-hellip\"> [\u2026]<\/span><\/p>\n","protected":false},"featured_media":0,"template":"","meta":{"_monsterinsights_skip_tracking":false,"_monsterinsights_sitenote_active":false,"_monsterinsights_sitenote_note":"","_monsterinsights_sitenote_category":0},"product_brand":[],"product_cat":[12777,12291],"product_tag":[],"class_list":{"0":"post-692217","1":"product","2":"type-product","3":"status-publish","5":"product_cat-deneme","6":"product_cat-edebiyat","7":"pa_tur-kitap","8":"pa_yayinevi-profil-kitap","9":"pa_yazar-fatma-barbarosoglu","11":"first","12":"instock","13":"sale","14":"shipping-taxable","15":"purchasable","16":"product-type-simple"},"_links":{"self":[{"href":"https:\/\/roveyayinevi.com.tr\/index.php\/wp-json\/wp\/v2\/product\/692217","targetHints":{"allow":["GET"]}}],"collection":[{"href":"https:\/\/roveyayinevi.com.tr\/index.php\/wp-json\/wp\/v2\/product"}],"about":[{"href":"https:\/\/roveyayinevi.com.tr\/index.php\/wp-json\/wp\/v2\/types\/product"}],"wp:attachment":[{"href":"https:\/\/roveyayinevi.com.tr\/index.php\/wp-json\/wp\/v2\/media?parent=692217"}],"wp:term":[{"taxonomy":"product_brand","embeddable":true,"href":"https:\/\/roveyayinevi.com.tr\/index.php\/wp-json\/wp\/v2\/product_brand?post=692217"},{"taxonomy":"product_cat","embeddable":true,"href":"https:\/\/roveyayinevi.com.tr\/index.php\/wp-json\/wp\/v2\/product_cat?post=692217"},{"taxonomy":"product_tag","embeddable":true,"href":"https:\/\/roveyayinevi.com.tr\/index.php\/wp-json\/wp\/v2\/product_tag?post=692217"}],"curies":[{"name":"wp","href":"https:\/\/api.w.org\/{rel}","templated":true}]}}