{"id":692216,"date":"2025-08-27T14:04:56","date_gmt":"2025-08-27T11:04:56","guid":{"rendered":"https:\/\/roveyayinevi.com.tr\/index.php\/urun\/osmanlica-turkce-uydurmaca\/"},"modified":"2026-04-16T02:02:12","modified_gmt":"2026-04-15T23:02:12","slug":"osmanlica-turkce-uydurmaca","status":"publish","type":"product","link":"https:\/\/roveyayinevi.com.tr\/index.php\/urun\/osmanlica-turkce-uydurmaca\/","title":{"rendered":"Osmanl\u0131ca-T\u00fcrk\u00e7e Uydurmaca"},"content":{"rendered":"<p>T\u00fcrk dili \u00fczerindeki tart\u0131\u015fmalar devam etmektedir. Bir T\u00fcrk\u00e7\u00fcl\u00fck hareketi olarak ba\u015flat\u0131lan \u00f6zle\u015ftirme ak\u0131m\u0131 tam bir milli k\u00fclt\u00fcr yabanc\u0131la\u015fmas\u0131 haline d\u00f6n\u00fc\u015ft\u00fcr\u00fclm\u00fc\u015ft\u00fcr. Kelimeler -ve tabii onlarla birlikte milli k\u00fclt\u00fcr muhtevalar\u0131- at\u0131l\u0131yor, uydurma kelimelerle gayri milli bir k\u00fclt\u00fcr kurulmaya \u00e7al\u0131\u015f\u0131l\u0131yor. B\u00f6ylece nesiller birbirine ve yeni nesiller milli k\u00fclt\u00fcre yabanc\u0131la\u015fmaya devam ediyor. \u015e\u00fcphesiz ki, T\u00fcrk\u00e7e` yi sevenler, bu yozla\u015ft\u0131rma hareketinden dilimizi ve k\u00fclt\u00fcr\u00fcm\u00fcz\u00fc kurtarmak i\u00e7in sava\u015f\u0131yorlar. Bu ciltte, yazar\u0131n dil hakk\u0131nda yazd\u0131klar\u0131ndan bir demet sunuyoruz&#8230;<\/p>\n","protected":false},"excerpt":{"rendered":"<p>T\u00fcrk dili \u00fczerindeki tart\u0131\u015fmalar devam etmektedir. Bir T\u00fcrk\u00e7\u00fcl\u00fck hareketi olarak ba\u015flat\u0131lan \u00f6zle\u015ftirme ak\u0131m\u0131 tam bir milli k\u00fclt\u00fcr yabanc\u0131la\u015fmas\u0131 haline d\u00f6n\u00fc\u015ft\u00fcr\u00fclm\u00fc\u015ft\u00fcr. Kelimeler -ve tabii onlarla birlikte milli<span class=\"excerpt-hellip\"> [\u2026]<\/span><\/p>\n","protected":false},"featured_media":0,"template":"","meta":{"_monsterinsights_skip_tracking":false,"_monsterinsights_sitenote_active":false,"_monsterinsights_sitenote_note":"","_monsterinsights_sitenote_category":0},"product_brand":[],"product_cat":[12365,12364],"product_tag":[],"class_list":{"0":"post-692216","1":"product","2":"type-product","3":"status-publish","5":"product_cat-diger-genel-konular","6":"product_cat-genel-konular","7":"pa_cilt-ciltsiz","8":"pa_tur-kitap","9":"pa_yayinevi-otuken-nesriyat","10":"pa_yazar-peyami-safa","12":"first","13":"instock","14":"sale","15":"shipping-taxable","16":"purchasable","17":"product-type-simple"},"_links":{"self":[{"href":"https:\/\/roveyayinevi.com.tr\/index.php\/wp-json\/wp\/v2\/product\/692216","targetHints":{"allow":["GET"]}}],"collection":[{"href":"https:\/\/roveyayinevi.com.tr\/index.php\/wp-json\/wp\/v2\/product"}],"about":[{"href":"https:\/\/roveyayinevi.com.tr\/index.php\/wp-json\/wp\/v2\/types\/product"}],"wp:attachment":[{"href":"https:\/\/roveyayinevi.com.tr\/index.php\/wp-json\/wp\/v2\/media?parent=692216"}],"wp:term":[{"taxonomy":"product_brand","embeddable":true,"href":"https:\/\/roveyayinevi.com.tr\/index.php\/wp-json\/wp\/v2\/product_brand?post=692216"},{"taxonomy":"product_cat","embeddable":true,"href":"https:\/\/roveyayinevi.com.tr\/index.php\/wp-json\/wp\/v2\/product_cat?post=692216"},{"taxonomy":"product_tag","embeddable":true,"href":"https:\/\/roveyayinevi.com.tr\/index.php\/wp-json\/wp\/v2\/product_tag?post=692216"}],"curies":[{"name":"wp","href":"https:\/\/api.w.org\/{rel}","templated":true}]}}