{"id":692215,"date":"2025-08-27T14:04:55","date_gmt":"2025-08-27T11:04:55","guid":{"rendered":"https:\/\/roveyayinevi.com.tr\/index.php\/urun\/millet-ve-turk-milliyetciligi\/"},"modified":"2026-04-16T02:02:12","modified_gmt":"2026-04-15T23:02:12","slug":"millet-ve-turk-milliyetciligi","status":"publish","type":"product","link":"https:\/\/roveyayinevi.com.tr\/index.php\/urun\/millet-ve-turk-milliyetciligi\/","title":{"rendered":"Millet ve T\u00fcrk Milliyet\u00e7ili\u011fi"},"content":{"rendered":"<p>D\u00fcnyay\u0131 idrak etmi\u015f, belli seviyeye gelmi\u015f ayd\u0131nlar\u0131n hemen hemen tamam\u0131 \u00e7a\u011f\u0131m\u0131z\u0131n  milliyet\u00e7ilik \u00e7a\u011f\u0131  oldu\u011funu \u00e7ok s\u0131k tekrar ederler.  Milliyet\u00e7ilik nedir?  sorusuna da  milletini sevmek  veya  milleti i\u00e7in \u00e7al\u0131\u015fmak  gibi cevaplar verirler.  Sevmek  s\u00fcbjektif bir olayd\u0131r; tart\u0131lmaz, \u00f6l\u00e7\u00fclmez; kimin milletini sevdi\u011fini veya kimin daha \u00e7ok sevdi\u011fini nas\u0131l anlayaca\u011f\u0131z? \u0130stisnai tipler hari\u00e7 herkes milletini sever. Zerre kadar akl\u0131 olan bir ki\u015finin de  milletim i\u00e7in \u00e7al\u0131\u015fmam  dedi\u011fi duyulmam\u0131\u015ft\u0131r. \u00d6yleyse herkes milliyet\u00e7idir; bunu vurgulay\u0131p,  milliyet\u00e7iyim  demeye ne gerek var?  Sevmek ,  milleti i\u00e7in \u00e7al\u0131\u015fmak  s\u00fcbjektif olaylard\u0131r; oysa  Ben milliyet\u00e7iyim  derken bir d\u00fcnya g\u00f6r\u00fc\u015f\u00fc ifade edilmektedir. Bir d\u00fcnya g\u00f6r\u00fc\u015f\u00fcn\u00fc subjektif olaylarla a\u00e7\u0131klamaya imk\u00e2n yoktur. 0 halde  milliyet\u00e7ilik  nedir? Milliyet\u00e7ili\u011fi bilmeden de sosyolojik boyutlar\u0131yla milleti ve hayat\u0131m\u0131zdaki rol\u00fcn\u00fc yeterince anlamak m\u00fcmk\u00fcn de\u011fildir. <\/p>\n","protected":false},"excerpt":{"rendered":"<p>D\u00fcnyay\u0131 idrak etmi\u015f, belli seviyeye gelmi\u015f ayd\u0131nlar\u0131n hemen hemen tamam\u0131 \u00e7a\u011f\u0131m\u0131z\u0131n milliyet\u00e7ilik \u00e7a\u011f\u0131 oldu\u011funu \u00e7ok s\u0131k tekrar ederler. Milliyet\u00e7ilik nedir? sorusuna da milletini sevmek veya milleti<span class=\"excerpt-hellip\"> [\u2026]<\/span><\/p>\n","protected":false},"featured_media":0,"template":"","meta":{"_monsterinsights_skip_tracking":false,"_monsterinsights_sitenote_active":false,"_monsterinsights_sitenote_note":"","_monsterinsights_sitenote_category":0},"product_brand":[],"product_cat":[12835,12324],"product_tag":[],"class_list":{"0":"post-692215","1":"product","2":"type-product","3":"status-publish","5":"product_cat-genel-sosyoloji","6":"product_cat-sosyoloji","7":"pa_cilt-ciltsiz","8":"pa_tur-kitap","9":"pa_yayinevi-otuken-nesriyat","10":"pa_yazar-mehmed-niyazi","12":"first","13":"instock","14":"sale","15":"shipping-taxable","16":"purchasable","17":"product-type-simple"},"_links":{"self":[{"href":"https:\/\/roveyayinevi.com.tr\/index.php\/wp-json\/wp\/v2\/product\/692215","targetHints":{"allow":["GET"]}}],"collection":[{"href":"https:\/\/roveyayinevi.com.tr\/index.php\/wp-json\/wp\/v2\/product"}],"about":[{"href":"https:\/\/roveyayinevi.com.tr\/index.php\/wp-json\/wp\/v2\/types\/product"}],"wp:attachment":[{"href":"https:\/\/roveyayinevi.com.tr\/index.php\/wp-json\/wp\/v2\/media?parent=692215"}],"wp:term":[{"taxonomy":"product_brand","embeddable":true,"href":"https:\/\/roveyayinevi.com.tr\/index.php\/wp-json\/wp\/v2\/product_brand?post=692215"},{"taxonomy":"product_cat","embeddable":true,"href":"https:\/\/roveyayinevi.com.tr\/index.php\/wp-json\/wp\/v2\/product_cat?post=692215"},{"taxonomy":"product_tag","embeddable":true,"href":"https:\/\/roveyayinevi.com.tr\/index.php\/wp-json\/wp\/v2\/product_tag?post=692215"}],"curies":[{"name":"wp","href":"https:\/\/api.w.org\/{rel}","templated":true}]}}