{"id":692214,"date":"2025-08-27T14:04:55","date_gmt":"2025-08-27T11:04:55","guid":{"rendered":"https:\/\/roveyayinevi.com.tr\/index.php\/urun\/iran\/"},"modified":"2026-04-12T02:01:53","modified_gmt":"2026-04-11T23:01:53","slug":"iran","status":"publish","type":"product","link":"https:\/\/roveyayinevi.com.tr\/index.php\/urun\/iran\/","title":{"rendered":"\u0130ran"},"content":{"rendered":"<p>\u0130ran hali-i haz\u0131rda devam eden b\u00fcy\u00fck satrac\u0131n her zaman g\u00f6be\u011finde olan bir \u00fclkeydi. \u0130\u015fgallere maruz kald\u0131, sava\u015flar ya\u015fad\u0131, hanedenlar g\u00f6rd\u00fc hanedanlar g\u00f6md\u00fc. Lakin bunlar\u0131n hi\u00e7birisi, \u0130ran&#8217;\u0131n 2500 y\u0131ll\u0131k k\u00fclt\u00fcr\u00fcn\u00fc asimile etmeye yetmedi. Bu \u00f6yle bir k\u00fclt\u00fcrd\u00fc ki, en basit \u00f6rne\u011fiyle y\u00f6netim \u015fekilleri de\u011fi\u015fse dahi devlet akl\u0131 ba\u011flam\u0131nda,   Acem Diplomasisi   deyimini literat\u00fcrlere sokacak denli mevcudiyetini korudu. Sald\u0131rmaya kalkanlara belki yava\u015f ama \u00e7ok sars\u0131c\u0131, derinden darbeler indirdi. Dil, edebiyat, felsefe, siyaset bilimi vb konularda \u0130ran, her zaman bir kom\u015fu ama ayn\u0131 zamanda tam olarak kabul edilemeyen bir   yabanc\u0131   olarak alg\u0131lan\u0131p buna ra\u011fmen me\u015fruiyetini sa\u011flamas\u0131n\u0131 bildi&#8230; <\/p>\n","protected":false},"excerpt":{"rendered":"<p>\u0130ran hali-i haz\u0131rda devam eden b\u00fcy\u00fck satrac\u0131n her zaman g\u00f6be\u011finde olan bir \u00fclkeydi. \u0130\u015fgallere maruz kald\u0131, sava\u015flar ya\u015fad\u0131, hanedenlar g\u00f6rd\u00fc hanedanlar g\u00f6md\u00fc. Lakin bunlar\u0131n hi\u00e7birisi, \u0130ran&#8217;\u0131n<span class=\"excerpt-hellip\"> [\u2026]<\/span><\/p>\n","protected":false},"featured_media":0,"template":"","meta":{"_monsterinsights_skip_tracking":false,"_monsterinsights_sitenote_active":false,"_monsterinsights_sitenote_note":"","_monsterinsights_sitenote_category":0},"product_brand":[],"product_cat":[20085,12337],"product_tag":[],"class_list":{"0":"post-692214","1":"product","2":"type-product","3":"status-publish","5":"product_cat-islam-ortadogu","6":"product_cat-politika-siyaset","7":"pa_tur-kitap","8":"pa_yayinevi-profil-kitap","9":"pa_yazar-sercan-zorbozan","11":"first","12":"instock","13":"sale","14":"shipping-taxable","15":"purchasable","16":"product-type-simple"},"_links":{"self":[{"href":"https:\/\/roveyayinevi.com.tr\/index.php\/wp-json\/wp\/v2\/product\/692214","targetHints":{"allow":["GET"]}}],"collection":[{"href":"https:\/\/roveyayinevi.com.tr\/index.php\/wp-json\/wp\/v2\/product"}],"about":[{"href":"https:\/\/roveyayinevi.com.tr\/index.php\/wp-json\/wp\/v2\/types\/product"}],"wp:attachment":[{"href":"https:\/\/roveyayinevi.com.tr\/index.php\/wp-json\/wp\/v2\/media?parent=692214"}],"wp:term":[{"taxonomy":"product_brand","embeddable":true,"href":"https:\/\/roveyayinevi.com.tr\/index.php\/wp-json\/wp\/v2\/product_brand?post=692214"},{"taxonomy":"product_cat","embeddable":true,"href":"https:\/\/roveyayinevi.com.tr\/index.php\/wp-json\/wp\/v2\/product_cat?post=692214"},{"taxonomy":"product_tag","embeddable":true,"href":"https:\/\/roveyayinevi.com.tr\/index.php\/wp-json\/wp\/v2\/product_tag?post=692214"}],"curies":[{"name":"wp","href":"https:\/\/api.w.org\/{rel}","templated":true}]}}