{"id":692208,"date":"2025-08-27T14:04:54","date_gmt":"2025-08-27T11:04:54","guid":{"rendered":"https:\/\/roveyayinevi.com.tr\/index.php\/urun\/ikisi\/"},"modified":"2026-04-16T02:02:11","modified_gmt":"2026-04-15T23:02:11","slug":"ikisi","status":"publish","type":"product","link":"https:\/\/roveyayinevi.com.tr\/index.php\/urun\/ikisi\/","title":{"rendered":"\u0130kisi"},"content":{"rendered":"<p>\u00e7ak\u0131r derler nam\u0131 kendiyle y\u00fcr\u00fcr i\u015fte g\u00fcn, bordodak vuru\u015fma g\u00fcn\u00fcd\u00fcr kurtulmakt\u0131r, kalk\u0131p d\u00f6v\u00fc\u015fmektir \u00e7ak\u0131r\u0131n bir de \u00e7ocuklu\u011fu s\u00f6ylenmemi\u015ftir \u015fimdi o gelir akl\u0131na bakt\u0131k\u00e7a kolunun kendinde kalan k\u0131sm\u0131na biri g\u00f6rd\u00fc\u011f\u00fc, biri g\u00f6rmedi\u011fi iki d\u00fcnyan\u0131n incelip bedenine giren, girdik\u00e7e b\u00fcy\u00fcyen ac\u0131n\u0131n hakl\u0131d\u0131r belki de kalk\u0131p gidememekte gidemiyoruz. <\/p>\n","protected":false},"excerpt":{"rendered":"<p>\u00e7ak\u0131r derler nam\u0131 kendiyle y\u00fcr\u00fcr i\u015fte g\u00fcn, bordodak vuru\u015fma g\u00fcn\u00fcd\u00fcr kurtulmakt\u0131r, kalk\u0131p d\u00f6v\u00fc\u015fmektir \u00e7ak\u0131r\u0131n bir de \u00e7ocuklu\u011fu s\u00f6ylenmemi\u015ftir \u015fimdi o gelir akl\u0131na bakt\u0131k\u00e7a kolunun kendinde kalan<span class=\"excerpt-hellip\"> [\u2026]<\/span><\/p>\n","protected":false},"featured_media":0,"template":"","meta":{"_monsterinsights_skip_tracking":false,"_monsterinsights_sitenote_active":false,"_monsterinsights_sitenote_note":"","_monsterinsights_sitenote_category":0},"product_brand":[],"product_cat":[12291,12509],"product_tag":[],"class_list":{"0":"post-692208","1":"product","2":"type-product","3":"status-publish","5":"product_cat-edebiyat","6":"product_cat-siir","7":"pa_tur-kitap","8":"pa_yayinevi-profil-kitap","9":"pa_yazar-ismail-kilicarslan","11":"first","12":"instock","13":"sale","14":"shipping-taxable","15":"purchasable","16":"product-type-simple"},"_links":{"self":[{"href":"https:\/\/roveyayinevi.com.tr\/index.php\/wp-json\/wp\/v2\/product\/692208","targetHints":{"allow":["GET"]}}],"collection":[{"href":"https:\/\/roveyayinevi.com.tr\/index.php\/wp-json\/wp\/v2\/product"}],"about":[{"href":"https:\/\/roveyayinevi.com.tr\/index.php\/wp-json\/wp\/v2\/types\/product"}],"wp:attachment":[{"href":"https:\/\/roveyayinevi.com.tr\/index.php\/wp-json\/wp\/v2\/media?parent=692208"}],"wp:term":[{"taxonomy":"product_brand","embeddable":true,"href":"https:\/\/roveyayinevi.com.tr\/index.php\/wp-json\/wp\/v2\/product_brand?post=692208"},{"taxonomy":"product_cat","embeddable":true,"href":"https:\/\/roveyayinevi.com.tr\/index.php\/wp-json\/wp\/v2\/product_cat?post=692208"},{"taxonomy":"product_tag","embeddable":true,"href":"https:\/\/roveyayinevi.com.tr\/index.php\/wp-json\/wp\/v2\/product_tag?post=692208"}],"curies":[{"name":"wp","href":"https:\/\/api.w.org\/{rel}","templated":true}]}}