{"id":692206,"date":"2025-08-27T14:04:54","date_gmt":"2025-08-27T11:04:54","guid":{"rendered":"https:\/\/roveyayinevi.com.tr\/index.php\/urun\/harem\/"},"modified":"2026-04-16T02:02:11","modified_gmt":"2026-04-15T23:02:11","slug":"harem","status":"publish","type":"product","link":"https:\/\/roveyayinevi.com.tr\/index.php\/urun\/harem\/","title":{"rendered":"Harem"},"content":{"rendered":"<p>Bat\u0131l\u0131lar Do\u011fu\u2019yu genelde egzotik ve do\u011fa\u00fcst\u00fc olaylarla tasvir ederler. Hele hele Do\u011fulular\u0131n genel inan\u0131\u015f, ya\u015fam ve sosyal hayatlar\u0131na dair Bat\u0131\u2019da anlat\u0131lanlar\u0131n \u00e7o\u011fu uydurma ve oryantalist dedi\u011fimiz bak\u0131\u015f a\u00e7\u0131s\u0131n\u0131 yans\u0131t\u0131r. M\u00fcsl\u00fcmanlara ve T\u00fcrklere kar\u015f\u0131 olumsuz yakla\u015f\u0131m Bat\u0131\u2019n\u0131n zihninden hi\u00e7 ayr\u0131lmam\u0131\u015ft\u0131r. Ancak her \u015feye ra\u011fmen olumlu yakla\u015f\u0131p objektif olmaya \u00e7al\u0131\u015fanlar da yok de\u011fildir. Bunlardan biri MissPardoe\u2019dir. Ger\u00e7ek ad\u0131 Julia Pardoe olan yazar Romance of the Harem kitab\u0131nda ger\u00e7ek d\u0131\u015f\u0131 olaylardan ziyade hakikati arama pe\u015finde oldu\u011funun alt\u0131n\u0131 \u00e7iziyor. Yazar eserinin giri\u015f k\u0131sm\u0131nda \u015f\u00f6yle diyor: \u201cHer z\u00fcmreden okuyucunun herhangi olumsuz bir tepki g\u00f6stermeyece\u011fine inand\u0131\u011f\u0131m, bir tanesi d\u0131\u015f\u0131ndaki t\u00fcm hik\u00e2yelerde do\u011fa\u00fcst\u00fc olaylara ve varl\u0131klara yer vermemeye, ger\u00e7ek ya\u015famdan al\u0131nm\u0131\u015f veya ger\u00e7ek ya\u015fam unsurlar\u0131 ta\u015f\u0131yan hik\u00e2yeleri aktarmaya b\u00fcy\u00fck \u00f6zen g\u00f6sterdim. Onun i\u00e7in, benim hik\u00e2yelerimde ecinniler, hortlaklar, gulyabaniler yerine, Avrupal\u0131lar\u0131n neredeyse hi\u00e7 bilmedikleri t\u00fcrden duygularla hareket eden s\u0131radan insanlar\u0131 bulacaks\u0131n\u0131z.\u201d <\/p>\n","protected":false},"excerpt":{"rendered":"<p>Bat\u0131l\u0131lar Do\u011fu\u2019yu genelde egzotik ve do\u011fa\u00fcst\u00fc olaylarla tasvir ederler. Hele hele Do\u011fulular\u0131n genel inan\u0131\u015f, ya\u015fam ve sosyal hayatlar\u0131na dair Bat\u0131\u2019da anlat\u0131lanlar\u0131n \u00e7o\u011fu uydurma ve oryantalist dedi\u011fimiz<span class=\"excerpt-hellip\"> [\u2026]<\/span><\/p>\n","protected":false},"featured_media":0,"template":"","meta":{"_monsterinsights_skip_tracking":false,"_monsterinsights_sitenote_active":false,"_monsterinsights_sitenote_note":"","_monsterinsights_sitenote_category":0},"product_brand":[],"product_cat":[12291,12711],"product_tag":[],"class_list":{"0":"post-692206","1":"product","2":"type-product","3":"status-publish","5":"product_cat-edebiyat","6":"product_cat-roman-oyku","7":"pa_cilt-ciltsiz","8":"pa_tur-kitap","9":"pa_yayinevi-profil-kitap","10":"pa_yazar-miss-pardoe","12":"first","13":"instock","14":"sale","15":"shipping-taxable","16":"purchasable","17":"product-type-simple"},"_links":{"self":[{"href":"https:\/\/roveyayinevi.com.tr\/index.php\/wp-json\/wp\/v2\/product\/692206","targetHints":{"allow":["GET"]}}],"collection":[{"href":"https:\/\/roveyayinevi.com.tr\/index.php\/wp-json\/wp\/v2\/product"}],"about":[{"href":"https:\/\/roveyayinevi.com.tr\/index.php\/wp-json\/wp\/v2\/types\/product"}],"wp:attachment":[{"href":"https:\/\/roveyayinevi.com.tr\/index.php\/wp-json\/wp\/v2\/media?parent=692206"}],"wp:term":[{"taxonomy":"product_brand","embeddable":true,"href":"https:\/\/roveyayinevi.com.tr\/index.php\/wp-json\/wp\/v2\/product_brand?post=692206"},{"taxonomy":"product_cat","embeddable":true,"href":"https:\/\/roveyayinevi.com.tr\/index.php\/wp-json\/wp\/v2\/product_cat?post=692206"},{"taxonomy":"product_tag","embeddable":true,"href":"https:\/\/roveyayinevi.com.tr\/index.php\/wp-json\/wp\/v2\/product_tag?post=692206"}],"curies":[{"name":"wp","href":"https:\/\/api.w.org\/{rel}","templated":true}]}}