{"id":692205,"date":"2025-08-27T14:04:53","date_gmt":"2025-08-27T11:04:53","guid":{"rendered":"https:\/\/roveyayinevi.com.tr\/index.php\/urun\/hadis-gunlugu\/"},"modified":"2026-04-16T02:02:11","modified_gmt":"2026-04-15T23:02:11","slug":"hadis-gunlugu","status":"publish","type":"product","link":"https:\/\/roveyayinevi.com.tr\/index.php\/urun\/hadis-gunlugu\/","title":{"rendered":"Hadis G\u00fcnl\u00fc\u011f\u00fc"},"content":{"rendered":"<p>Y\u0131llar s\u00fcren, uzun ve yorucu bir aray\u0131\u015ftan sonra nih\u00e2yet Hak ve Hak\u00eekat\u2019i bulabilmi\u015f olman\u0131n b\u00fcy\u00fck heyecan\u0131 i\u00e7inde, bana mutlaka ve bir \u00e2n evvel Had\u00ees-i \u015eer\u00eef\u2019ler ve siyer ile de tan\u0131\u015f\u0131p onlarla iyice hemh\u00e2l olmam gerekti\u011fini hat\u0131rlatan M\u00fc\u2019min ve de M\u00fc\u2019mine M\u00fcsl\u00fcman karde\u015flerime, Hz. \u00d6mer\u2019e (r.a.) at\u0131fta bulunarak Kef\u00e2n\u00e2 Kit\u00e2bull\u00e2h! &#8211; Allah\u2019\u0131n, azze ve celle, kit\u00e2b\u0131 bize yeter! diyordum. B\u00fcy\u00fck bir nez\u00e2ket g\u00f6stererek fazla ses \u00e7\u0131kartm\u0131yorlard\u0131 bu ukal\u00e2l\u0131\u011f\u0131ma besbelli Hz. \u00d6mer\u2019e (r.a.) h\u00fcrmeten ve hen\u00fcz hid\u00e2yet bulmu\u015f bir karde\u015flerini fazla zorlamamak, hatta k\u0131rmamak i\u00e7in. Do\u011frusu ben de o g\u00fcnlerde bu tavr\u0131m\u0131n, t\u00e2bir c\u00e2izse, c\u00e2hiliye entelekt\u00fcelli\u011fi d\u00f6nemimin hen\u00fcz kurtulamad\u0131\u011f\u0131m bir tortusundan kaynakland\u0131\u011f\u0131n\u0131 farkedemiyordum bir t\u00fcrl\u00fc; \u00f6ylesine kap\u0131lm\u0131\u015ft\u0131m, kendimi hakl\u0131 g\u00f6rmenin tatl\u0131 sarho\u015flu\u011funa! T\u00e2 ki, g\u00fcnlerden bir g\u00fcn, i\u00e7lerinden biri, c\u00e2n dostum, az\u00eez ve muhterem karde\u015fim \u0130smet U\u00e7ma Hakk Te\u2019\u00e2l\u00e2, azze ve celle, ondan ebediyyen r\u00e2z\u0131 olsun- ben \u00e7i\u00e7e\u011fi burnunda t\u00e2ze M\u00fcsl\u00fcman \u0131 \u015f\u00f6yle adamak\u0131ll\u0131 bir sars\u0131p silkeleyip, yine t\u00e2bir c\u00e2izse, nefs-i entellekt\u00fcelliye mi k\u0131rman\u0131n art\u0131k ka\u00e7\u0131n\u0131lmaz h\u00e2le geldi\u011fine karar verip de: \u0130yi s\u00f6yl\u00fcyorsun, do\u011fru s\u00f6yl\u00fcyorsun ama, Hz. \u00d6mer (r.a.) bu s\u00f6z\u00fc s\u00f6yledi\u011finde, Hz. Peygamber (s.a.v.) sa\u011fd\u0131 hen\u00fcz! Kit\u00e2bull\u00e2h\u2019\u0131n hayata en do\u011fru \u015fekilde aktar\u0131labilmesi i\u00e7in s\u00f6zleriyle, davran\u0131\u015flar\u0131yla ortaya koydu\u011fu rehberlik, canl\u0131yd\u0131, g\u00fcndelik hayat\u0131n tabi\u00ee, olmazsa olmaz bir par\u00e7as\u0131yd\u0131! Hz. \u00d6mer\u2019in (r.a.) bu \u00e7\u0131k\u0131\u015f\u0131\u015f\u0131n\u0131, bu \u00e7er\u00e7eve i\u00e7inde de\u011ferlendirmezsen e\u011fer, yar\u0131n, Allah muhafaza, \u00e7ok pi\u015fman olabilece\u011fin vahim hatalara d\u00fc\u015fersin! Gel, sen ak\u0131ll\u0131 adams\u0131n, sen sen ol ve bir \u00e2n evvel Hz. Peygamber\u2019in \u00f6rnek hayat\u0131 ve had\u00eesleriyle tan\u0131\u015f. G\u00f6receksin, yepyeni bir ufuk a\u00e7\u0131lacak sana o zaman. \u0130nan, \u00c2lemlerin Rabbi Y\u00fcce Allah\u2019\u0131n, azze ve celle, d\u00eeni \u0130sl\u00e2m\u2019\u0131 en do\u011fru, y\u00e2ni Mur\u00e2d-\u0131 \u0130l\u00e2h\u00ee\u2019ye en uygun \u015feklide ya\u015faman\u0131n ba\u015fka yolu yok! \ufffcTan\u0131t\u0131m Metni<\/p>\n","protected":false},"excerpt":{"rendered":"<p>Y\u0131llar s\u00fcren, uzun ve yorucu bir aray\u0131\u015ftan sonra nih\u00e2yet Hak ve Hak\u00eekat\u2019i bulabilmi\u015f olman\u0131n b\u00fcy\u00fck heyecan\u0131 i\u00e7inde, bana mutlaka ve bir \u00e2n evvel Had\u00ees-i \u015eer\u00eef\u2019ler ve<span class=\"excerpt-hellip\"> [\u2026]<\/span><\/p>\n","protected":false},"featured_media":0,"template":"","meta":{"_monsterinsights_skip_tracking":false,"_monsterinsights_sitenote_active":false,"_monsterinsights_sitenote_note":"","_monsterinsights_sitenote_category":0},"product_brand":[],"product_cat":[13036,12718,12719],"product_tag":[],"class_list":{"0":"post-692205","1":"product","2":"type-product","3":"status-publish","5":"product_cat-arastirma-inceleme-islam","6":"product_cat-din","7":"product_cat-islam","8":"pa_tur-kitap","9":"pa_yayinevi-profil-kitap","10":"pa_yazar-munib-engin-noyan","12":"first","13":"instock","14":"sale","15":"shipping-taxable","16":"purchasable","17":"product-type-simple"},"_links":{"self":[{"href":"https:\/\/roveyayinevi.com.tr\/index.php\/wp-json\/wp\/v2\/product\/692205","targetHints":{"allow":["GET"]}}],"collection":[{"href":"https:\/\/roveyayinevi.com.tr\/index.php\/wp-json\/wp\/v2\/product"}],"about":[{"href":"https:\/\/roveyayinevi.com.tr\/index.php\/wp-json\/wp\/v2\/types\/product"}],"wp:attachment":[{"href":"https:\/\/roveyayinevi.com.tr\/index.php\/wp-json\/wp\/v2\/media?parent=692205"}],"wp:term":[{"taxonomy":"product_brand","embeddable":true,"href":"https:\/\/roveyayinevi.com.tr\/index.php\/wp-json\/wp\/v2\/product_brand?post=692205"},{"taxonomy":"product_cat","embeddable":true,"href":"https:\/\/roveyayinevi.com.tr\/index.php\/wp-json\/wp\/v2\/product_cat?post=692205"},{"taxonomy":"product_tag","embeddable":true,"href":"https:\/\/roveyayinevi.com.tr\/index.php\/wp-json\/wp\/v2\/product_tag?post=692205"}],"curies":[{"name":"wp","href":"https:\/\/api.w.org\/{rel}","templated":true}]}}