{"id":692201,"date":"2025-08-27T14:04:53","date_gmt":"2025-08-27T11:04:53","guid":{"rendered":"https:\/\/roveyayinevi.com.tr\/index.php\/urun\/doria-ve-barbaros\/"},"modified":"2026-04-16T02:02:11","modified_gmt":"2026-04-15T23:02:11","slug":"doria-ve-barbaros","status":"publish","type":"product","link":"https:\/\/roveyayinevi.com.tr\/index.php\/urun\/doria-ve-barbaros\/","title":{"rendered":"Doria ve Barbaros"},"content":{"rendered":"<p>Frans\u0131z amiral Jurien de la Gravi\u00e8re\u2019nin bu de\u011ferli eseri, Akdeniz\u2019in nas\u0131l bir Osmanl\u0131 g\u00f6l\u00fc haline geldi\u011fini g\u00f6zler \u00f6n\u00fcne seriyor. Yazar \u00f6zellikle 16. y\u00fczy\u0131lda Akdeniz \u00fczerindeki g\u00fc\u00e7ler sava\u015f\u0131n\u0131 ele al\u0131p, bu sava\u015ftan Osmanl\u0131\u2019n\u0131n nas\u0131l galip \u00e7\u0131kt\u0131\u011f\u0131n\u0131 ortaya koyuyor. Bu g\u00fc\u00e7 sava\u015f\u0131n\u0131 ele al\u0131rken \u00e7e\u015fitli tarih\u00ee olaylar\u0131 inceleyip, H\u0131ristiyan Avrupa devletleri aras\u0131ndaki m\u00fccadelelerden de bahsediyor.Ba\u015fta Oru\u00e7 ve H\u0131z\u0131r Reis olmak \u00fczere Akdeniz\u2019de gittik\u00e7e g\u00fc\u00e7lenen Osmanl\u0131 denizcilerini anlatan yazar, tarihin en \u00f6nemli deniz sava\u015flar\u0131ndan biri olan ve Osmanl\u0131 donanmas\u0131n\u0131n galibiyetiyle neticelenen Preveze deniz sava\u015f\u0131na varan s\u00fcreci g\u00f6zler \u00f6n\u00fcne seriyor. Bunu yaparken yazar, bazen ha\u00e7l\u0131 ba\u011fnazl\u0131\u011f\u0131yla hareket etmekte, T\u00fcrklere ve Osmanl\u0131\u2019ya kar\u015f\u0131 \u00f6nyarg\u0131 ve iftiralar\u0131n\u0131 da dile getirmektedir. Ama buna ra\u011fmen bu kitap, Akdeniz\u2019in Osmanl\u0131 hakimiyetine giri\u015fini farkl\u0131 bir g\u00f6zle ve ak\u0131c\u0131 bir \u00fcslupla okumak isteyenler i\u00e7in ilgi \u00e7ekici bir eser olma niteli\u011fini ta\u015f\u0131yor. <\/p>\n","protected":false},"excerpt":{"rendered":"<p>Frans\u0131z amiral Jurien de la Gravi\u00e8re\u2019nin bu de\u011ferli eseri, Akdeniz\u2019in nas\u0131l bir Osmanl\u0131 g\u00f6l\u00fc haline geldi\u011fini g\u00f6zler \u00f6n\u00fcne seriyor. Yazar \u00f6zellikle 16. y\u00fczy\u0131lda Akdeniz \u00fczerindeki g\u00fc\u00e7ler<span class=\"excerpt-hellip\"> [\u2026]<\/span><\/p>\n","protected":false},"featured_media":0,"template":"","meta":{"_monsterinsights_skip_tracking":false,"_monsterinsights_sitenote_active":false,"_monsterinsights_sitenote_note":"","_monsterinsights_sitenote_category":0},"product_brand":[],"product_cat":[12305,12304],"product_tag":[],"class_list":{"0":"post-692201","1":"product","2":"type-product","3":"status-publish","5":"product_cat-dunya-tarihi","6":"product_cat-tarih","7":"pa_cilt-ciltsiz","8":"pa_tur-kitap","9":"pa_yayinevi-profil-kitap","10":"pa_yazar-jurien-de-la-graviere","12":"first","13":"instock","14":"sale","15":"shipping-taxable","16":"purchasable","17":"product-type-simple"},"_links":{"self":[{"href":"https:\/\/roveyayinevi.com.tr\/index.php\/wp-json\/wp\/v2\/product\/692201","targetHints":{"allow":["GET"]}}],"collection":[{"href":"https:\/\/roveyayinevi.com.tr\/index.php\/wp-json\/wp\/v2\/product"}],"about":[{"href":"https:\/\/roveyayinevi.com.tr\/index.php\/wp-json\/wp\/v2\/types\/product"}],"wp:attachment":[{"href":"https:\/\/roveyayinevi.com.tr\/index.php\/wp-json\/wp\/v2\/media?parent=692201"}],"wp:term":[{"taxonomy":"product_brand","embeddable":true,"href":"https:\/\/roveyayinevi.com.tr\/index.php\/wp-json\/wp\/v2\/product_brand?post=692201"},{"taxonomy":"product_cat","embeddable":true,"href":"https:\/\/roveyayinevi.com.tr\/index.php\/wp-json\/wp\/v2\/product_cat?post=692201"},{"taxonomy":"product_tag","embeddable":true,"href":"https:\/\/roveyayinevi.com.tr\/index.php\/wp-json\/wp\/v2\/product_tag?post=692201"}],"curies":[{"name":"wp","href":"https:\/\/api.w.org\/{rel}","templated":true}]}}