{"id":692200,"date":"2025-08-27T14:04:52","date_gmt":"2025-08-27T11:04:52","guid":{"rendered":"https:\/\/roveyayinevi.com.tr\/index.php\/urun\/inorganik-kimya\/"},"modified":"2025-10-02T02:19:23","modified_gmt":"2025-10-01T23:19:23","slug":"inorganik-kimya","status":"publish","type":"product","link":"https:\/\/roveyayinevi.com.tr\/index.php\/urun\/inorganik-kimya\/","title":{"rendered":"\u0130norganik Kimya"},"content":{"rendered":"<p>S\u00fcrekli ve yo\u011fun bilimsel ara\u015ft\u0131rmalar\u0131n sonucu olarak, son y\u0131llarda teknolojide ve temel bilimlerde \u00f6nemli geli\u015fmeler olmaktad\u0131r. Bilimdeki geli\u015fmeye paralel olarak inorganik kimya ders kitaplar\u0131n\u0131n i\u00e7eri\u011fi de s\u00fcrekli de\u011fi\u015fmektedir. Kitab\u0131n temel ald\u0131\u011f\u0131 konular, bu yenilikleri ve geli\u015fmeleri dikkate alarak d\u00fczenlenmi\u015ftir. \u00d6zellikle Fen-Edebiyat Fak\u00fclteleri ve E\u011fitim Fak\u00fcltelerinin program\u0131na uygun olan bu kitap, \u00f6\u011frencilere yararl\u0131 olacakt\u0131r.Konu Ba\u015fl\u0131klar\u0131\u0130norganik Kimyaya Giri\u015fSimetri ve Grup Kuram\u0131Kristal Kat\u0131larTemel Grup Elementleri Kimyas\u0131Koordinasyon Kimyas\u0131Organometaller Kimyas\u0131Biyoinorganik ve \u00c7evre Kimyas\u0131 <\/p>\n","protected":false},"excerpt":{"rendered":"<p>S\u00fcrekli ve yo\u011fun bilimsel ara\u015ft\u0131rmalar\u0131n sonucu olarak, son y\u0131llarda teknolojide ve temel bilimlerde \u00f6nemli geli\u015fmeler olmaktad\u0131r. Bilimdeki geli\u015fmeye paralel olarak inorganik kimya ders kitaplar\u0131n\u0131n i\u00e7eri\u011fi de<span class=\"excerpt-hellip\"> [\u2026]<\/span><\/p>\n","protected":false},"featured_media":0,"template":"","meta":{"_monsterinsights_skip_tracking":false,"_monsterinsights_sitenote_active":false,"_monsterinsights_sitenote_note":"","_monsterinsights_sitenote_category":0},"product_brand":[],"product_cat":[12573,12566],"product_tag":[],"class_list":{"0":"post-692200","1":"product","2":"type-product","3":"status-publish","5":"product_cat-akademik-kitaplar","6":"product_cat-egitim","7":"pa_cilt-ciltsiz","8":"pa_tur-kitap","9":"pa_yayinevi-palme-yayincilik-akademik","10":"pa_yazar-gurkan","11":"pa_yazar-karacan","13":"first","14":"instock","15":"sale","16":"shipping-taxable","17":"purchasable","18":"product-type-simple"},"_links":{"self":[{"href":"https:\/\/roveyayinevi.com.tr\/index.php\/wp-json\/wp\/v2\/product\/692200","targetHints":{"allow":["GET"]}}],"collection":[{"href":"https:\/\/roveyayinevi.com.tr\/index.php\/wp-json\/wp\/v2\/product"}],"about":[{"href":"https:\/\/roveyayinevi.com.tr\/index.php\/wp-json\/wp\/v2\/types\/product"}],"wp:attachment":[{"href":"https:\/\/roveyayinevi.com.tr\/index.php\/wp-json\/wp\/v2\/media?parent=692200"}],"wp:term":[{"taxonomy":"product_brand","embeddable":true,"href":"https:\/\/roveyayinevi.com.tr\/index.php\/wp-json\/wp\/v2\/product_brand?post=692200"},{"taxonomy":"product_cat","embeddable":true,"href":"https:\/\/roveyayinevi.com.tr\/index.php\/wp-json\/wp\/v2\/product_cat?post=692200"},{"taxonomy":"product_tag","embeddable":true,"href":"https:\/\/roveyayinevi.com.tr\/index.php\/wp-json\/wp\/v2\/product_tag?post=692200"}],"curies":[{"name":"wp","href":"https:\/\/api.w.org\/{rel}","templated":true}]}}