{"id":692199,"date":"2025-08-27T14:04:52","date_gmt":"2025-08-27T11:04:52","guid":{"rendered":"https:\/\/roveyayinevi.com.tr\/index.php\/urun\/cizimin-sirlari-1\/"},"modified":"2026-04-16T02:02:11","modified_gmt":"2026-04-15T23:02:11","slug":"cizimin-sirlari-1","status":"publish","type":"product","link":"https:\/\/roveyayinevi.com.tr\/index.php\/urun\/cizimin-sirlari-1\/","title":{"rendered":"\u00c7izimin S\u0131rlar\u0131 &#8211; 1"},"content":{"rendered":"<p>Biraz olsun azimli ve istekli olan herkes iyi \u00e7izim yapmay\u0131 \u00f6\u011frenebilir ve i\u015fte bu, her seviyedeki merakl\u0131lar i\u00e7in kapsaml\u0131 ve pratik bir kurs niteli\u011finde olan \u00c7izimin S\u0131rlar\u0131&#8217;n\u0131n ba\u015flang\u0131\u00e7 noktas\u0131d\u0131r. Nat\u00fcrmorttan, bitkilere, manzaradan, hayvanlara, fig\u00fcr \u00e7iziminden portreye kadar geni\u015f bir yelpazeye sahip bu kitap, uygulama yapman\u0131z ve kendinizi geli\u015ftirmeniz i\u00e7in b\u00fcy\u00fck bir f\u0131rsat sunarken, perspektif ve kompozisyonun da dahil oldu\u011fu pek \u00e7ok beceri ve teknikle ilgili g\u00f6sterimlerle de geli\u015fim s\u00fcrecinize ivme kazand\u0131r\u0131yor. <\/p>\n","protected":false},"excerpt":{"rendered":"<p>Biraz olsun azimli ve istekli olan herkes iyi \u00e7izim yapmay\u0131 \u00f6\u011frenebilir ve i\u015fte bu, her seviyedeki merakl\u0131lar i\u00e7in kapsaml\u0131 ve pratik bir kurs niteli\u011finde olan \u00c7izimin<span class=\"excerpt-hellip\"> [\u2026]<\/span><\/p>\n","protected":false},"featured_media":0,"template":"","meta":{"_monsterinsights_skip_tracking":false,"_monsterinsights_sitenote_active":false,"_monsterinsights_sitenote_note":"","_monsterinsights_sitenote_category":0},"product_brand":[],"product_cat":[15733,12408],"product_tag":[],"class_list":{"0":"post-692199","1":"product","2":"type-product","3":"status-publish","5":"product_cat-resim","6":"product_cat-sanat","7":"pa_cilt-ciltsiz","8":"pa_tur-kitap","9":"pa_yayinevi-profil-kitap","10":"pa_yazar-barrington-barber","12":"first","13":"instock","14":"sale","15":"shipping-taxable","16":"purchasable","17":"product-type-simple"},"_links":{"self":[{"href":"https:\/\/roveyayinevi.com.tr\/index.php\/wp-json\/wp\/v2\/product\/692199","targetHints":{"allow":["GET"]}}],"collection":[{"href":"https:\/\/roveyayinevi.com.tr\/index.php\/wp-json\/wp\/v2\/product"}],"about":[{"href":"https:\/\/roveyayinevi.com.tr\/index.php\/wp-json\/wp\/v2\/types\/product"}],"wp:attachment":[{"href":"https:\/\/roveyayinevi.com.tr\/index.php\/wp-json\/wp\/v2\/media?parent=692199"}],"wp:term":[{"taxonomy":"product_brand","embeddable":true,"href":"https:\/\/roveyayinevi.com.tr\/index.php\/wp-json\/wp\/v2\/product_brand?post=692199"},{"taxonomy":"product_cat","embeddable":true,"href":"https:\/\/roveyayinevi.com.tr\/index.php\/wp-json\/wp\/v2\/product_cat?post=692199"},{"taxonomy":"product_tag","embeddable":true,"href":"https:\/\/roveyayinevi.com.tr\/index.php\/wp-json\/wp\/v2\/product_tag?post=692199"}],"curies":[{"name":"wp","href":"https:\/\/api.w.org\/{rel}","templated":true}]}}