{"id":692198,"date":"2025-08-27T14:04:52","date_gmt":"2025-08-27T11:04:52","guid":{"rendered":"https:\/\/roveyayinevi.com.tr\/index.php\/urun\/kasgarli-mahmut\/"},"modified":"2026-04-16T02:02:11","modified_gmt":"2026-04-15T23:02:11","slug":"kasgarli-mahmut","status":"publish","type":"product","link":"https:\/\/roveyayinevi.com.tr\/index.php\/urun\/kasgarli-mahmut\/","title":{"rendered":"Ka\u015fgarl\u0131 Mahmut"},"content":{"rendered":"<p>Ka\u015fgarl\u0131 Mahmut, \u00fcnl\u00fc eserinin giri\u015finde der ki: Tanr\u0131 devlet g\u00fcne\u015fini T\u00fcrklerin burcunda yaratt\u0131. Fele\u011fi onlar\u0131n m\u00fclk\u00fcne uyarlay\u0131p d\u00f6nd\u00fcr\u00fcr. Onlar\u0131 T\u00fcrk diye adland\u0131rd\u0131, cihan m\u00fclk\u00fcn\u00fcn sahibi yapt\u0131. O, Divan\u00fc Lugati\u2019t-T\u00fcrk\u2019\u00fc T\u00fcrk\u2019\u00fc T\u00fcrk\u2019e sevdirmek, T\u00fcrk\u2019\u00fc Arap\u2019a, Acem\u2019e ve Arap dili medeniyetlerine tan\u0131tmak amac\u0131yla yazm\u0131\u015ft\u0131r. Eserinde yaln\u0131z s\u00f6z hazinemizi vermekle kalmam\u0131\u015f, zengin T\u00fcrk s\u00f6zl\u00fc medeniyetini tan\u0131t\u0131p \u00f6\u011fretmek istemi\u015f. Dilimiz, k\u00fclt\u00fcr\u00fcm\u00fcz, kimli\u011fimiz hakk\u0131nda son derece k\u0131ymetli bilgilerle dolu olan eseri, ansiklopedik bir s\u00f6zl\u00fckt\u00fcr ve T\u00fcrkolojinin ba\u015fyap\u0131t\u0131 durumundad\u0131r. Sekiz b\u00f6l\u00fcmden olu\u015fmaktad\u0131r; T\u00fcrk dili ve leh\u00e7eleri, leh\u00e7elerin s\u0131n\u0131fland\u0131r\u0131lmas\u0131, T\u00fcrk\u00e7enin ses ve bi\u00e7im \u00f6zellikleri, yaz\u0131 k\u00fclt\u00fcr\u00fc, T\u00fcrk\u00e7enin grafik sistemi, T\u00fcrk folkloru, T\u00fcrk boylar\u0131, T\u00fcrk co\u011frafyas\u0131 vs. hakk\u0131nda bilgiler i\u00e7ermektedir ve zengin edeb\u00ee metinlerle s\u00fcslenmi\u015ftir. Unesco, bu \u00fcnl\u00fc T\u00fcrk Bilgin ve Ansiklopedisti\u2019nin do\u011fumunun 1000\u2019inci y\u0131l\u0131 olan 2008\u2019i K\u00e2\u015fgarl\u0131 Mahmut Y\u0131l\u0131 il\u00e2n etti. Bu m\u00fcnasebetle, T\u00fcrk k\u00fclt\u00fcr\u00fc, T\u00fcrk dili ve T\u00fcrk mitolojisi hakk\u0131ndaki son derece k\u0131ymetli \u00e7al\u0131\u015fmalar\u0131yla ilim \u00e2leminde m\u00fcstesn\u00e2 bir mevki i\u015fgal eden Prof. Dr. Fuzuli Bayat\u2019\u0131n bir kadir\u015finasl\u0131k n\u00fcm\u00fbnesi olarak kaleme ald\u0131\u011f\u0131 bu \u00e7al\u0131\u015fmay\u0131 T\u00fcrk okuyucusuna sunmaktan gurur duyar\u0131z. \ufffcTan\u0131t\u0131m Metni<\/p>\n","protected":false},"excerpt":{"rendered":"<p>Ka\u015fgarl\u0131 Mahmut, \u00fcnl\u00fc eserinin giri\u015finde der ki: Tanr\u0131 devlet g\u00fcne\u015fini T\u00fcrklerin burcunda yaratt\u0131. Fele\u011fi onlar\u0131n m\u00fclk\u00fcne uyarlay\u0131p d\u00f6nd\u00fcr\u00fcr. Onlar\u0131 T\u00fcrk diye adland\u0131rd\u0131, cihan m\u00fclk\u00fcn\u00fcn sahibi yapt\u0131.<span class=\"excerpt-hellip\"> [\u2026]<\/span><\/p>\n","protected":false},"featured_media":0,"template":"","meta":{"_monsterinsights_skip_tracking":false,"_monsterinsights_sitenote_active":false,"_monsterinsights_sitenote_note":"","_monsterinsights_sitenote_category":0},"product_brand":[],"product_cat":[12370,12304],"product_tag":[],"class_list":{"0":"post-692198","1":"product","2":"type-product","3":"status-publish","5":"product_cat-arastirma-inceleme","6":"product_cat-tarih","7":"pa_tur-kitap","8":"pa_yayinevi-otuken-nesriyat","9":"pa_yazar-fuzuli-bayat","11":"first","12":"instock","13":"sale","14":"shipping-taxable","15":"purchasable","16":"product-type-simple"},"_links":{"self":[{"href":"https:\/\/roveyayinevi.com.tr\/index.php\/wp-json\/wp\/v2\/product\/692198","targetHints":{"allow":["GET"]}}],"collection":[{"href":"https:\/\/roveyayinevi.com.tr\/index.php\/wp-json\/wp\/v2\/product"}],"about":[{"href":"https:\/\/roveyayinevi.com.tr\/index.php\/wp-json\/wp\/v2\/types\/product"}],"wp:attachment":[{"href":"https:\/\/roveyayinevi.com.tr\/index.php\/wp-json\/wp\/v2\/media?parent=692198"}],"wp:term":[{"taxonomy":"product_brand","embeddable":true,"href":"https:\/\/roveyayinevi.com.tr\/index.php\/wp-json\/wp\/v2\/product_brand?post=692198"},{"taxonomy":"product_cat","embeddable":true,"href":"https:\/\/roveyayinevi.com.tr\/index.php\/wp-json\/wp\/v2\/product_cat?post=692198"},{"taxonomy":"product_tag","embeddable":true,"href":"https:\/\/roveyayinevi.com.tr\/index.php\/wp-json\/wp\/v2\/product_tag?post=692198"}],"curies":[{"name":"wp","href":"https:\/\/api.w.org\/{rel}","templated":true}]}}