{"id":692197,"date":"2025-08-27T14:04:52","date_gmt":"2025-08-27T11:04:52","guid":{"rendered":"https:\/\/roveyayinevi.com.tr\/index.php\/urun\/kargalar-dernegi\/"},"modified":"2026-04-16T02:02:11","modified_gmt":"2026-04-15T23:02:11","slug":"kargalar-dernegi","status":"publish","type":"product","link":"https:\/\/roveyayinevi.com.tr\/index.php\/urun\/kargalar-dernegi\/","title":{"rendered":"Kargalar Derne\u011fi"},"content":{"rendered":"<p>Durumdan vazife \u00e7\u0131karmay\u0131 kendine \u015fiar edinmi\u015f, k\u00f6k\u00fc kadim zamanlara dayanan gizli bir te\u015fkil\u00e2t\u0131n ve bu te\u015fkil\u00e2ta rakip olan unsurlar\u0131n pe\u015finden ko\u015ftu\u011fu gizem dolu bir mukaddes emanet&#8230; S\u00f6z konusu mukaddes emaneti aramak ve bulduktan sonra da ehil ellere teslim etmek gayretke\u015fli\u011fi i\u00e7indeki birtak\u0131m insanlar\u0131n \u015fahs\u00ee hayat tecr\u00fcbeleri ve dramlar\u0131&#8230; Mukaddes emanetle kendi yazg\u0131lar\u0131n\u0131n kesi\u015fti\u011fini \u00f6\u011frendiklerinde ge\u00e7mi\u015flerindeki s\u0131rlar\u0131 da a\u00e7\u0131\u011fa \u00e7\u0131k\u0131yor&#8230; <\/p>\n","protected":false},"excerpt":{"rendered":"<p>Durumdan vazife \u00e7\u0131karmay\u0131 kendine \u015fiar edinmi\u015f, k\u00f6k\u00fc kadim zamanlara dayanan gizli bir te\u015fkil\u00e2t\u0131n ve bu te\u015fkil\u00e2ta rakip olan unsurlar\u0131n pe\u015finden ko\u015ftu\u011fu gizem dolu bir mukaddes emanet&#8230;<span class=\"excerpt-hellip\"> [\u2026]<\/span><\/p>\n","protected":false},"featured_media":0,"template":"","meta":{"_monsterinsights_skip_tracking":false,"_monsterinsights_sitenote_active":false,"_monsterinsights_sitenote_note":"","_monsterinsights_sitenote_category":0},"product_brand":[],"product_cat":[12291,12745],"product_tag":[],"class_list":{"0":"post-692197","1":"product","2":"type-product","3":"status-publish","5":"product_cat-edebiyat","6":"product_cat-tarihi-roman","7":"pa_tur-kitap","8":"pa_yayinevi-otuken-nesriyat","9":"pa_yazar-metin-savas","11":"first","12":"instock","13":"sale","14":"shipping-taxable","15":"purchasable","16":"product-type-simple"},"_links":{"self":[{"href":"https:\/\/roveyayinevi.com.tr\/index.php\/wp-json\/wp\/v2\/product\/692197","targetHints":{"allow":["GET"]}}],"collection":[{"href":"https:\/\/roveyayinevi.com.tr\/index.php\/wp-json\/wp\/v2\/product"}],"about":[{"href":"https:\/\/roveyayinevi.com.tr\/index.php\/wp-json\/wp\/v2\/types\/product"}],"wp:attachment":[{"href":"https:\/\/roveyayinevi.com.tr\/index.php\/wp-json\/wp\/v2\/media?parent=692197"}],"wp:term":[{"taxonomy":"product_brand","embeddable":true,"href":"https:\/\/roveyayinevi.com.tr\/index.php\/wp-json\/wp\/v2\/product_brand?post=692197"},{"taxonomy":"product_cat","embeddable":true,"href":"https:\/\/roveyayinevi.com.tr\/index.php\/wp-json\/wp\/v2\/product_cat?post=692197"},{"taxonomy":"product_tag","embeddable":true,"href":"https:\/\/roveyayinevi.com.tr\/index.php\/wp-json\/wp\/v2\/product_tag?post=692197"}],"curies":[{"name":"wp","href":"https:\/\/api.w.org\/{rel}","templated":true}]}}