{"id":692195,"date":"2025-08-27T14:04:52","date_gmt":"2025-08-27T11:04:52","guid":{"rendered":"https:\/\/roveyayinevi.com.tr\/index.php\/urun\/muzigin-insan-ve-hayvanlara-etkisi\/"},"modified":"2026-04-16T02:02:11","modified_gmt":"2026-04-15T23:02:11","slug":"muzigin-insan-ve-hayvanlara-etkisi","status":"publish","type":"product","link":"https:\/\/roveyayinevi.com.tr\/index.php\/urun\/muzigin-insan-ve-hayvanlara-etkisi\/","title":{"rendered":"M\u00fczi\u011fin \u0130nsan ve Hayvanlara Etkisi"},"content":{"rendered":"<p>M\u00fczi\u011fin hissedilen, tarih i\u00e7erisinde tecr\u00fcbe edilen fakat pek bilinmeyen bir y\u00f6n\u00fcne de\u011finiyor. M\u00fczi\u011fin insan ahlak\u0131 \u00fczerindeki tesirleri nelerdir? Tarihe y\u00f6n veren b\u00fcy\u00fck hadiselerin bir par\u00e7as\u0131 olarak m\u00fczi\u011fin rol\u00fc nedir? M\u00fczi\u011fin t\u0131p alan\u0131ndaki kullan\u0131m sahalar\u0131 nerelerdir? Hastal\u0131k ve sakatl\u0131klar\u0131n m\u00fczik vas\u0131tas\u0131yla tedavisi yollar\u0131 var m\u0131d\u0131r ve zaman i\u00e7erisinde bu hususu ispat i\u00e7in nas\u0131l tecr\u00fcbeler yap\u0131lm\u0131\u015ft\u0131r? Hayvanlar\u0131n m\u00fczi\u011fe olan ilgisi ve m\u00fczikle olan ili\u015fkisi hangi \u00e7er\u00e7evededir? Ne t\u00fcr m\u00fczikler hangi hayvanlar\u0131n hareketlerini nas\u0131l y\u00f6nlendirir? \u0130lginizi \u00e7ekecek, ufkunuzu a\u00e7acak farkl\u0131 bir musiki kitab\u0131&#8230; <\/p>\n","protected":false},"excerpt":{"rendered":"<p>M\u00fczi\u011fin hissedilen, tarih i\u00e7erisinde tecr\u00fcbe edilen fakat pek bilinmeyen bir y\u00f6n\u00fcne de\u011finiyor. M\u00fczi\u011fin insan ahlak\u0131 \u00fczerindeki tesirleri nelerdir? Tarihe y\u00f6n veren b\u00fcy\u00fck hadiselerin bir par\u00e7as\u0131 olarak<span class=\"excerpt-hellip\"> [\u2026]<\/span><\/p>\n","protected":false},"featured_media":0,"template":"","meta":{"_monsterinsights_skip_tracking":false,"_monsterinsights_sitenote_active":false,"_monsterinsights_sitenote_note":"","_monsterinsights_sitenote_category":0},"product_brand":[],"product_cat":[14556],"product_tag":[],"class_list":{"0":"post-692195","1":"product","2":"type-product","3":"status-publish","5":"product_cat-muzik","6":"pa_cilt-ciltsiz","7":"pa_tur-kitap","8":"pa_yayinevi-otuken-nesriyat","9":"pa_yazar-casimire-colombe","11":"first","12":"instock","13":"sale","14":"shipping-taxable","15":"purchasable","16":"product-type-simple"},"_links":{"self":[{"href":"https:\/\/roveyayinevi.com.tr\/index.php\/wp-json\/wp\/v2\/product\/692195","targetHints":{"allow":["GET"]}}],"collection":[{"href":"https:\/\/roveyayinevi.com.tr\/index.php\/wp-json\/wp\/v2\/product"}],"about":[{"href":"https:\/\/roveyayinevi.com.tr\/index.php\/wp-json\/wp\/v2\/types\/product"}],"wp:attachment":[{"href":"https:\/\/roveyayinevi.com.tr\/index.php\/wp-json\/wp\/v2\/media?parent=692195"}],"wp:term":[{"taxonomy":"product_brand","embeddable":true,"href":"https:\/\/roveyayinevi.com.tr\/index.php\/wp-json\/wp\/v2\/product_brand?post=692195"},{"taxonomy":"product_cat","embeddable":true,"href":"https:\/\/roveyayinevi.com.tr\/index.php\/wp-json\/wp\/v2\/product_cat?post=692195"},{"taxonomy":"product_tag","embeddable":true,"href":"https:\/\/roveyayinevi.com.tr\/index.php\/wp-json\/wp\/v2\/product_tag?post=692195"}],"curies":[{"name":"wp","href":"https:\/\/api.w.org\/{rel}","templated":true}]}}