{"id":692193,"date":"2025-08-27T14:04:51","date_gmt":"2025-08-27T11:04:51","guid":{"rendered":"https:\/\/roveyayinevi.com.tr\/index.php\/urun\/osmanli-iktisat-dusuncesinin-cagdaslasmasi\/"},"modified":"2026-04-16T02:02:11","modified_gmt":"2026-04-15T23:02:11","slug":"osmanli-iktisat-dusuncesinin-cagdaslasmasi","status":"publish","type":"product","link":"https:\/\/roveyayinevi.com.tr\/index.php\/urun\/osmanli-iktisat-dusuncesinin-cagdaslasmasi\/","title":{"rendered":"Osmanl\u0131 \u0130ktisat D\u00fc\u015f\u00fcncesinin \u00c7a\u011fda\u015fla\u015fmas\u0131"},"content":{"rendered":"<p>Osmanl\u0131 iktisat d\u00fc\u015f\u00fcncesi Klasik d\u00f6nemde ekonominin dengelerini somut ger\u00e7ek kar\u015f\u0131s\u0131nda ba\u015far\u0131yla kuran politikalar\u0131 \u00fcretebilmi\u015fti. Ancak on alt\u0131nc\u0131 y\u00fczy\u0131l\u0131n sonlar\u0131ndan itibaren Osmanl\u0131 kadim iktisat \u00e7er\u00e7evesi somut kar\u015f\u0131s\u0131nda ba\u015far\u0131l\u0131 olamad\u0131. Bu d\u00f6nem i\u00e7in etkin siyasalar\u0131 \u00fcreten Osmanl\u0131 hukuki muhiti hi\u00e7 bir vakit modern iktisat standartlar\u0131na ge\u00e7i\u015fin k\u0131v\u0131lc\u0131m\u0131n\u0131 \u00e7akamad\u0131. III. Selim\u2019den itibaren sanc\u0131l\u0131 bir aray\u0131\u015f i\u00e7erisinde, hem yordamlaman\u0131n g\u00fcd\u00fcm\u00fcnde kendili\u011finden, hem de Bat\u0131l\u0131 tazyik ve yol g\u00f6stermelerle Osmanl\u0131 \u0130ktisat d\u00fc\u015f\u00fcncesi Bat\u0131l\u0131 normlarla temasa ge\u00e7ti. Bir bak\u0131ma Tanzimat Klasik iktisat d\u00fc\u015f\u00fcncesine ge\u00e7ilebilirli\u011fin resmi bir ba\u015flang\u0131c\u0131 oldu. Daha sonraki geli\u015fmeler Osmanl\u0131 iktisat d\u00fc\u015f\u00fcncesini Bat\u0131 iktisat d\u00fc\u015f\u00fcncesinin pozitif ve normatif kanatlar\u0131yla etki ve itaati alt\u0131na ald\u0131. Daha \u00e7ok iktisat siyasalar\u0131nda g\u00f6r\u00fclen b\u00f6l\u00fcnme ve farkl\u0131l\u0131klar bilimsel bir tabandan hareket etmek ihtiyac\u0131n\u0131 yeteri kadar duymad\u0131. <\/p>\n","protected":false},"excerpt":{"rendered":"<p>Osmanl\u0131 iktisat d\u00fc\u015f\u00fcncesi Klasik d\u00f6nemde ekonominin dengelerini somut ger\u00e7ek kar\u015f\u0131s\u0131nda ba\u015far\u0131yla kuran politikalar\u0131 \u00fcretebilmi\u015fti. Ancak on alt\u0131nc\u0131 y\u00fczy\u0131l\u0131n sonlar\u0131ndan itibaren Osmanl\u0131 kadim iktisat \u00e7er\u00e7evesi somut kar\u015f\u0131s\u0131nda<span class=\"excerpt-hellip\"> [\u2026]<\/span><\/p>\n","protected":false},"featured_media":0,"template":"","meta":{"_monsterinsights_skip_tracking":false,"_monsterinsights_sitenote_active":false,"_monsterinsights_sitenote_note":"","_monsterinsights_sitenote_category":0},"product_brand":[],"product_cat":[12364],"product_tag":[],"class_list":{"0":"post-692193","1":"product","2":"type-product","3":"status-publish","5":"product_cat-genel-konular","6":"pa_tur-kitap","7":"pa_yayinevi-otuken-nesriyat","8":"pa_yazar-ahmed-guner-sayar","10":"first","11":"instock","12":"sale","13":"shipping-taxable","14":"purchasable","15":"product-type-simple"},"_links":{"self":[{"href":"https:\/\/roveyayinevi.com.tr\/index.php\/wp-json\/wp\/v2\/product\/692193","targetHints":{"allow":["GET"]}}],"collection":[{"href":"https:\/\/roveyayinevi.com.tr\/index.php\/wp-json\/wp\/v2\/product"}],"about":[{"href":"https:\/\/roveyayinevi.com.tr\/index.php\/wp-json\/wp\/v2\/types\/product"}],"wp:attachment":[{"href":"https:\/\/roveyayinevi.com.tr\/index.php\/wp-json\/wp\/v2\/media?parent=692193"}],"wp:term":[{"taxonomy":"product_brand","embeddable":true,"href":"https:\/\/roveyayinevi.com.tr\/index.php\/wp-json\/wp\/v2\/product_brand?post=692193"},{"taxonomy":"product_cat","embeddable":true,"href":"https:\/\/roveyayinevi.com.tr\/index.php\/wp-json\/wp\/v2\/product_cat?post=692193"},{"taxonomy":"product_tag","embeddable":true,"href":"https:\/\/roveyayinevi.com.tr\/index.php\/wp-json\/wp\/v2\/product_tag?post=692193"}],"curies":[{"name":"wp","href":"https:\/\/api.w.org\/{rel}","templated":true}]}}