{"id":692192,"date":"2025-08-27T14:04:51","date_gmt":"2025-08-27T11:04:51","guid":{"rendered":"https:\/\/roveyayinevi.com.tr\/index.php\/urun\/muslumanliktan-evvel-turk-dinleri-samanizm\/"},"modified":"2026-04-16T02:02:11","modified_gmt":"2026-04-15T23:02:11","slug":"muslumanliktan-evvel-turk-dinleri-samanizm","status":"publish","type":"product","link":"https:\/\/roveyayinevi.com.tr\/index.php\/urun\/muslumanliktan-evvel-turk-dinleri-samanizm\/","title":{"rendered":"M\u00fcsl\u00fcmanl\u0131ktan Evvel T\u00fcrk Dinleri : \u015eamanizm"},"content":{"rendered":"<p>Y\u00f6r\u00fckan&#8217;\u0131n bug\u00fcne kadar yay\u0131mlanmam\u0131\u015f olan T\u00fcrk Dinleri ve Mezhepleri Tarihi adl\u0131 iki ciltlik eserinin birinci cildini meydana getiren M\u00fcsl\u00fcmanl\u0131ktan Evvel T\u00fcrk Dinleri adl\u0131 kitab\u0131n\u0131n ba\u015f taraf\u0131n\u0131 olu\u015fturmaktad\u0131r. Atat\u00fcrk&#8217;\u00fcn iste\u011fi \u00fczerine kaleme al\u0131nm\u0131\u015f ve 1.1.1932 tarihinde tamamlanarak kendisine Dolmabah\u00e7e Saray\u0131&#8217;nda bizzat yazar\u0131 taraf\u0131ndan takdim edilmi\u015ftir. T\u00fcrk \u015eamanizm&#8217;i anlat\u0131l\u0131rken, onun T\u00fcrk M\u00fcsl\u00fcmanl\u0131\u011f\u0131n\u0131n yan\u0131nda, di\u011fer dinler ve mezhepler \u00fczerinde ve bu vesileyle Anadolu T\u00fcrk Alev\u00eeli\u011fi ve S\u00fcnn\u00eeli\u011fi \u00fczerinde yapm\u0131\u015f oldu\u011fu etkiler de g\u00f6zler \u00f6n\u00fcne serilir. Ayn\u0131 zamanda \u00fclkemizde Din Sosyolojisi sahas\u0131nda verilmi\u015f ilk ciddi eserdir. \ufffc<\/p>\n","protected":false},"excerpt":{"rendered":"<p>Y\u00f6r\u00fckan&#8217;\u0131n bug\u00fcne kadar yay\u0131mlanmam\u0131\u015f olan T\u00fcrk Dinleri ve Mezhepleri Tarihi adl\u0131 iki ciltlik eserinin birinci cildini meydana getiren M\u00fcsl\u00fcmanl\u0131ktan Evvel T\u00fcrk Dinleri adl\u0131 kitab\u0131n\u0131n ba\u015f taraf\u0131n\u0131<span class=\"excerpt-hellip\"> [\u2026]<\/span><\/p>\n","protected":false},"featured_media":0,"template":"","meta":{"_monsterinsights_skip_tracking":false,"_monsterinsights_sitenote_active":false,"_monsterinsights_sitenote_note":"","_monsterinsights_sitenote_category":0},"product_brand":[],"product_cat":[16382,12718],"product_tag":[],"class_list":{"0":"post-692192","1":"product","2":"type-product","3":"status-publish","5":"product_cat-diger-inanclar","6":"product_cat-din","7":"pa_cilt-ciltsiz","8":"pa_tur-kitap","9":"pa_yayinevi-otuken-nesriyat","10":"pa_yazar-yusuf-ziya-yorukan","12":"first","13":"instock","14":"sale","15":"shipping-taxable","16":"purchasable","17":"product-type-simple"},"_links":{"self":[{"href":"https:\/\/roveyayinevi.com.tr\/index.php\/wp-json\/wp\/v2\/product\/692192","targetHints":{"allow":["GET"]}}],"collection":[{"href":"https:\/\/roveyayinevi.com.tr\/index.php\/wp-json\/wp\/v2\/product"}],"about":[{"href":"https:\/\/roveyayinevi.com.tr\/index.php\/wp-json\/wp\/v2\/types\/product"}],"wp:attachment":[{"href":"https:\/\/roveyayinevi.com.tr\/index.php\/wp-json\/wp\/v2\/media?parent=692192"}],"wp:term":[{"taxonomy":"product_brand","embeddable":true,"href":"https:\/\/roveyayinevi.com.tr\/index.php\/wp-json\/wp\/v2\/product_brand?post=692192"},{"taxonomy":"product_cat","embeddable":true,"href":"https:\/\/roveyayinevi.com.tr\/index.php\/wp-json\/wp\/v2\/product_cat?post=692192"},{"taxonomy":"product_tag","embeddable":true,"href":"https:\/\/roveyayinevi.com.tr\/index.php\/wp-json\/wp\/v2\/product_tag?post=692192"}],"curies":[{"name":"wp","href":"https:\/\/api.w.org\/{rel}","templated":true}]}}