{"id":692191,"date":"2025-08-27T14:04:51","date_gmt":"2025-08-27T11:04:51","guid":{"rendered":"https:\/\/roveyayinevi.com.tr\/index.php\/urun\/mitolojiye-giris\/"},"modified":"2026-04-16T02:02:11","modified_gmt":"2026-04-15T23:02:11","slug":"mitolojiye-giris","status":"publish","type":"product","link":"https:\/\/roveyayinevi.com.tr\/index.php\/urun\/mitolojiye-giris\/","title":{"rendered":"Mitolojiye Giri\u015f"},"content":{"rendered":"<p>B\u00fct\u00fcn T\u00fcrk ayd\u0131n ve okuyucular\u0131na rehber olacak evsafta bir eserdir. Yunan mitolojisi hayranl\u0131\u011f\u0131n\u0131 irdeler ve bizim mitolojimizin esaslar\u0131n\u0131 belirler. &#8230; T\u00fcrk mitolojisi terimini kullanmaktan ka\u00e7\u0131nd\u0131klar\u0131 ve ne yaz\u0131k ki uzun zaman g\u00fcndemi belirlemeyi de ba\u015fard\u0131klar\u0131 i\u00e7in Yunan mitolojisi zihinleri i\u015fgal etmi\u015ftir. \u00dcniversitelerde mitoloji dersi Yunan-Roma mitolojisi ba\u011flam\u0131nda \u00f6\u011fretilmi\u015ftir. \u00d6zellikle Arkeoloji b\u00f6l\u00fcmlerinde i\u015flenen mitoloji dersinde, kesinlikle T\u00fcrk mitolojisi kavram\u0131na yer verilmemektedir. \u0130ster bilin\u00e7li ister bilin\u00e7siz olsun; ihanet k\u00f6t\u00fcd\u00fcr, \u00fcz\u00fcc\u00fcd\u00fcr ve tehlikelidir. Dahas\u0131 k\u00fclt\u00fcr ihaneti en ba\u011f\u0131\u015flanamaz olan\u0131d\u0131r. Kaybolan k\u00fclt\u00fcr \u00f6\u011felerimizi geri getirmek \u00e7ok zordur, bazen de m\u00fcmk\u00fcn de\u011fildir. \u00c7\u00fcnk\u00fc k\u00fclt\u00fcr milletin varl\u0131k ve kimlik meselesidir. Kimliklerini kaybeden milletler ise yok olma\u011fa mahkumdur. Eser, Yazar\u0131n mitolojimizle alakal\u0131 eserlerine de giri\u015f niteli\u011findedir. \ufffc<\/p>\n","protected":false},"excerpt":{"rendered":"<p>B\u00fct\u00fcn T\u00fcrk ayd\u0131n ve okuyucular\u0131na rehber olacak evsafta bir eserdir. Yunan mitolojisi hayranl\u0131\u011f\u0131n\u0131 irdeler ve bizim mitolojimizin esaslar\u0131n\u0131 belirler. &#8230; T\u00fcrk mitolojisi terimini kullanmaktan ka\u00e7\u0131nd\u0131klar\u0131 ve<span class=\"excerpt-hellip\"> [\u2026]<\/span><\/p>\n","protected":false},"featured_media":0,"template":"","meta":{"_monsterinsights_skip_tracking":false,"_monsterinsights_sitenote_active":false,"_monsterinsights_sitenote_note":"","_monsterinsights_sitenote_category":0},"product_brand":[],"product_cat":[12718,12858],"product_tag":[],"class_list":{"0":"post-692191","1":"product","2":"type-product","3":"status-publish","5":"product_cat-din","6":"product_cat-mitolojiler","7":"pa_cilt-ciltsiz","8":"pa_tur-kitap","9":"pa_yayinevi-otuken-nesriyat","10":"pa_yazar-fuzuli-bayat","12":"first","13":"instock","14":"sale","15":"shipping-taxable","16":"purchasable","17":"product-type-simple"},"_links":{"self":[{"href":"https:\/\/roveyayinevi.com.tr\/index.php\/wp-json\/wp\/v2\/product\/692191","targetHints":{"allow":["GET"]}}],"collection":[{"href":"https:\/\/roveyayinevi.com.tr\/index.php\/wp-json\/wp\/v2\/product"}],"about":[{"href":"https:\/\/roveyayinevi.com.tr\/index.php\/wp-json\/wp\/v2\/types\/product"}],"wp:attachment":[{"href":"https:\/\/roveyayinevi.com.tr\/index.php\/wp-json\/wp\/v2\/media?parent=692191"}],"wp:term":[{"taxonomy":"product_brand","embeddable":true,"href":"https:\/\/roveyayinevi.com.tr\/index.php\/wp-json\/wp\/v2\/product_brand?post=692191"},{"taxonomy":"product_cat","embeddable":true,"href":"https:\/\/roveyayinevi.com.tr\/index.php\/wp-json\/wp\/v2\/product_cat?post=692191"},{"taxonomy":"product_tag","embeddable":true,"href":"https:\/\/roveyayinevi.com.tr\/index.php\/wp-json\/wp\/v2\/product_tag?post=692191"}],"curies":[{"name":"wp","href":"https:\/\/api.w.org\/{rel}","templated":true}]}}