{"id":692190,"date":"2025-08-27T14:04:51","date_gmt":"2025-08-27T11:04:51","guid":{"rendered":"https:\/\/roveyayinevi.com.tr\/index.php\/urun\/islamiyet-oncesi-turk-destanlari\/"},"modified":"2026-04-16T02:02:11","modified_gmt":"2026-04-15T23:02:11","slug":"islamiyet-oncesi-turk-destanlari","status":"publish","type":"product","link":"https:\/\/roveyayinevi.com.tr\/index.php\/urun\/islamiyet-oncesi-turk-destanlari\/","title":{"rendered":"\u0130slamiyet \u00d6ncesi T\u00fcrk Destanlar\u0131"},"content":{"rendered":"<p>K\u00fclt\u00fcr ve edebiyat\u0131m\u0131z\u0131n, \u00fczerinde pek az durulan konular\u0131ndan biri de destanlar\u0131m\u0131zd\u0131r. Zengin bir destan edebiyat\u0131na sahip olmam\u0131za kar\u015f\u0131l\u0131k \u00fczerinde etrafl\u0131ca durabildi\u011fimiz destanlar\u0131m\u0131z\u0131n say\u0131s\u0131 \u00fc\u00e7\u00fc be\u015fi ge\u00e7mez. Destanlar\u0131m\u0131zla ilgili \u00e7al\u0131\u015fmalar Cumhuriyet d\u00f6neminde ba\u015flar ve g\u00f6r\u00fc\u015fleriyle \u00fcsluplar\u0131 farkl\u0131la\u015fan \u00fc\u00e7 ku\u015fak ortaya \u00e7\u0131kar. Ziya G\u00f6kalp, Fuat K\u00f6pr\u00fcl\u00fc, Abd\u00fclkadir \u0130nan, Nihal Ats\u0131z, Zeki Velidi Togan gibi isimlerden olu\u015fan ilk ku\u015fak, Mehmet Kaplan, \u015e\u00fckr\u00fc El\u00e7in gibi hocalardan olu\u015fan orta ku\u015fak ve Ahmet B. Ercilasun, Dursun Y\u0131ld\u0131r\u0131m, Emine G\u00fcrsoy-Naskali, Ali Berat Alptekin, Metin Ergun, Ali Duymaz ve Mehmet A\u00e7a gibi isimleri kapsayan yeni ku\u015fak&#8230; Kitab\u0131n ilk b\u00f6l\u00fcm\u00fcnde de\u011fi\u015fik ku\u015faklara mensup olan destan ara\u015ft\u0131rmac\u0131lar\u0131n\u0131n yaz\u0131lar\u0131 derlenir, ikinci b\u00f6l\u00fcm\u00fcnde destan metinlerinden \u00f6rnekler verilir. \u00d6\u011frenciler, ara\u015ft\u0131rmac\u0131lar ve destan severler i\u00e7in&#8230;<\/p>\n","protected":false},"excerpt":{"rendered":"<p>K\u00fclt\u00fcr ve edebiyat\u0131m\u0131z\u0131n, \u00fczerinde pek az durulan konular\u0131ndan biri de destanlar\u0131m\u0131zd\u0131r. Zengin bir destan edebiyat\u0131na sahip olmam\u0131za kar\u015f\u0131l\u0131k \u00fczerinde etrafl\u0131ca durabildi\u011fimiz destanlar\u0131m\u0131z\u0131n say\u0131s\u0131 \u00fc\u00e7\u00fc be\u015fi ge\u00e7mez.<span class=\"excerpt-hellip\"> [\u2026]<\/span><\/p>\n","protected":false},"featured_media":0,"template":"","meta":{"_monsterinsights_skip_tracking":false,"_monsterinsights_sitenote_active":false,"_monsterinsights_sitenote_note":"","_monsterinsights_sitenote_category":0},"product_brand":[],"product_cat":[20039,13488],"product_tag":[],"class_list":{"0":"post-692190","1":"product","2":"type-product","3":"status-publish","5":"product_cat-kultur-tarihi","6":"product_cat-toplum-ve-insan","7":"pa_cilt-ciltsiz","8":"pa_tur-kitap","9":"pa_yayinevi-otuken-nesriyat","10":"pa_yazar-ali-duymaz-saim-sakaoglu","12":"first","13":"instock","14":"sale","15":"shipping-taxable","16":"purchasable","17":"product-type-simple"},"_links":{"self":[{"href":"https:\/\/roveyayinevi.com.tr\/index.php\/wp-json\/wp\/v2\/product\/692190","targetHints":{"allow":["GET"]}}],"collection":[{"href":"https:\/\/roveyayinevi.com.tr\/index.php\/wp-json\/wp\/v2\/product"}],"about":[{"href":"https:\/\/roveyayinevi.com.tr\/index.php\/wp-json\/wp\/v2\/types\/product"}],"wp:attachment":[{"href":"https:\/\/roveyayinevi.com.tr\/index.php\/wp-json\/wp\/v2\/media?parent=692190"}],"wp:term":[{"taxonomy":"product_brand","embeddable":true,"href":"https:\/\/roveyayinevi.com.tr\/index.php\/wp-json\/wp\/v2\/product_brand?post=692190"},{"taxonomy":"product_cat","embeddable":true,"href":"https:\/\/roveyayinevi.com.tr\/index.php\/wp-json\/wp\/v2\/product_cat?post=692190"},{"taxonomy":"product_tag","embeddable":true,"href":"https:\/\/roveyayinevi.com.tr\/index.php\/wp-json\/wp\/v2\/product_tag?post=692190"}],"curies":[{"name":"wp","href":"https:\/\/api.w.org\/{rel}","templated":true}]}}