{"id":692189,"date":"2025-08-27T14:04:50","date_gmt":"2025-08-27T11:04:50","guid":{"rendered":"https:\/\/roveyayinevi.com.tr\/index.php\/urun\/kanatsiz-kuslar-sehri\/"},"modified":"2026-04-16T02:02:11","modified_gmt":"2026-04-15T23:02:11","slug":"kanatsiz-kuslar-sehri","status":"publish","type":"product","link":"https:\/\/roveyayinevi.com.tr\/index.php\/urun\/kanatsiz-kuslar-sehri\/","title":{"rendered":"Kanats\u0131z Ku\u015flar \u015eehri"},"content":{"rendered":"<p>\u015eehirler insanlara benziyorlar. Ya g\u00fczel oluyorlar ya \u00e7irkin, Ya suskun ya c\u0131v\u0131l c\u0131v\u0131l. Ya gizemli ya a\u015f\u00fcfte. \u0130\u00e7inde ya\u015fayanlar\u0131n ruhu siniyor \u015fehirlere. Sevdal\u0131 insanlar\u0131n \u015fehri, kendileri gibi g\u00fczel oluyor. \u015eehri \u00e7evreleyen y\u00fcksek tepelere kurulmu\u015f ba\u011f evlerinin toprak damlar\u0131nda, geceleri y\u0131ld\u0131z c\u00fcmb\u00fc\u015flerini seyrederek uyuyan \u00e7ocuklar, yaz g\u00fcnlerinin \u0131l\u0131k sabahlar\u0131na hep ayn\u0131 sesle uyan\u0131rlar.. ye\u015fil ceviz a\u011fa\u00e7lar\u0131n\u0131n, birbirine kar\u0131\u015fm\u0131\u015f g\u00fcr meyve dallar\u0131n\u0131n aras\u0131ndan s\u00fcz\u00fcl\u00fcp gelen k\u0131rg\u0131n, yorgun, ezgin.. buruk bir sevda t\u00fcrk\u00fcs\u00fcd\u00fcr bu&#8230; Gayr\u0131 dayanacak \u00f6z\u00fcm kalmad\u0131 Mektuba yazacak s\u00f6z\u00fcm kalmad\u0131&#8230; <\/p>\n","protected":false},"excerpt":{"rendered":"<p>\u015eehirler insanlara benziyorlar. Ya g\u00fczel oluyorlar ya \u00e7irkin, Ya suskun ya c\u0131v\u0131l c\u0131v\u0131l. Ya gizemli ya a\u015f\u00fcfte. \u0130\u00e7inde ya\u015fayanlar\u0131n ruhu siniyor \u015fehirlere. Sevdal\u0131 insanlar\u0131n \u015fehri, kendileri<span class=\"excerpt-hellip\"> [\u2026]<\/span><\/p>\n","protected":false},"featured_media":0,"template":"","meta":{"_monsterinsights_skip_tracking":false,"_monsterinsights_sitenote_active":false,"_monsterinsights_sitenote_note":"","_monsterinsights_sitenote_category":0},"product_brand":[],"product_cat":[12291,12711],"product_tag":[],"class_list":{"0":"post-692189","1":"product","2":"type-product","3":"status-publish","5":"product_cat-edebiyat","6":"product_cat-roman-oyku","7":"pa_cilt-ciltsiz","8":"pa_tur-kitap","9":"pa_yayinevi-otuken-nesriyat","10":"pa_yazar-emir-kalkan","12":"first","13":"instock","14":"sale","15":"shipping-taxable","16":"purchasable","17":"product-type-simple"},"_links":{"self":[{"href":"https:\/\/roveyayinevi.com.tr\/index.php\/wp-json\/wp\/v2\/product\/692189","targetHints":{"allow":["GET"]}}],"collection":[{"href":"https:\/\/roveyayinevi.com.tr\/index.php\/wp-json\/wp\/v2\/product"}],"about":[{"href":"https:\/\/roveyayinevi.com.tr\/index.php\/wp-json\/wp\/v2\/types\/product"}],"wp:attachment":[{"href":"https:\/\/roveyayinevi.com.tr\/index.php\/wp-json\/wp\/v2\/media?parent=692189"}],"wp:term":[{"taxonomy":"product_brand","embeddable":true,"href":"https:\/\/roveyayinevi.com.tr\/index.php\/wp-json\/wp\/v2\/product_brand?post=692189"},{"taxonomy":"product_cat","embeddable":true,"href":"https:\/\/roveyayinevi.com.tr\/index.php\/wp-json\/wp\/v2\/product_cat?post=692189"},{"taxonomy":"product_tag","embeddable":true,"href":"https:\/\/roveyayinevi.com.tr\/index.php\/wp-json\/wp\/v2\/product_tag?post=692189"}],"curies":[{"name":"wp","href":"https:\/\/api.w.org\/{rel}","templated":true}]}}