{"id":692188,"date":"2025-08-27T14:04:50","date_gmt":"2025-08-27T11:04:50","guid":{"rendered":"https:\/\/roveyayinevi.com.tr\/index.php\/urun\/islami-anlamak\/"},"modified":"2026-04-16T02:02:11","modified_gmt":"2026-04-15T23:02:11","slug":"islami-anlamak","status":"publish","type":"product","link":"https:\/\/roveyayinevi.com.tr\/index.php\/urun\/islami-anlamak\/","title":{"rendered":"\u0130slam\u2019\u0131 Anlamak"},"content":{"rendered":"<p>Bu kitab\u0131n amac\u0131; ger\u00e7ek \u0130sl\u00e2m\u2019\u0131 ortaya koymak i\u00e7in, ele ald\u0131\u011f\u0131 konular \u00fczerinde, bir yandan Kur\u2019an\u2019a d\u00f6n\u00fc\u015f\u00fc sa\u011flamak, di\u011fer yandan da yabanc\u0131 unsurlar, \u00f6rf ve geleneklerle kar\u0131\u015fm\u0131\u015f bin d\u00f6rt y\u00fcz y\u0131ll\u0131k \u0130sl\u00e2m k\u00fclt\u00fcr\u00fcn\u00fc ve din anlay\u0131\u015f\u0131n\u0131 Kur\u2019an, ak\u0131l ve ilim perspektifinden sorgulamakt\u0131r. Bunun i\u00e7in, tabiri caizse pergelin sabit aya\u011f\u0131 Kur\u2019an\u2019da di\u011fer aya\u011f\u0131 da on d\u00f6rt as\u0131rl\u0131k \u0130sl\u00e2m gelene\u011fini ele\u015ftirel olarak taramaktad\u0131r. B\u00f6ylece yanl\u0131\u015f inan\u00e7lar ve anlay\u0131\u015flar, dine sonradan sokulan, hurafeler, mitolojiler, hadis ad\u0131 alt\u0131nda Hz. Peygamber\u2019e yak\u0131\u015ft\u0131r\u0131lan s\u00f6zler vs ne kadar be\u015feri unsur varsa, hepsinin kolayca fark\u0131na var\u0131lacakt\u0131r&#8230; <\/p>\n","protected":false},"excerpt":{"rendered":"<p>Bu kitab\u0131n amac\u0131; ger\u00e7ek \u0130sl\u00e2m\u2019\u0131 ortaya koymak i\u00e7in, ele ald\u0131\u011f\u0131 konular \u00fczerinde, bir yandan Kur\u2019an\u2019a d\u00f6n\u00fc\u015f\u00fc sa\u011flamak, di\u011fer yandan da yabanc\u0131 unsurlar, \u00f6rf ve geleneklerle kar\u0131\u015fm\u0131\u015f<span class=\"excerpt-hellip\"> [\u2026]<\/span><\/p>\n","protected":false},"featured_media":0,"template":"","meta":{"_monsterinsights_skip_tracking":false,"_monsterinsights_sitenote_active":false,"_monsterinsights_sitenote_note":"","_monsterinsights_sitenote_category":0},"product_brand":[],"product_cat":[16789,12718,12719],"product_tag":[],"class_list":{"0":"post-692188","1":"product","2":"type-product","3":"status-publish","5":"product_cat-diger-islam","6":"product_cat-din","7":"product_cat-islam","8":"pa_cilt-ciltsiz","9":"pa_tur-kitap","10":"pa_yayinevi-otuken-nesriyat","11":"pa_yazar-ismail-yakit","13":"first","14":"instock","15":"sale","16":"shipping-taxable","17":"purchasable","18":"product-type-simple"},"_links":{"self":[{"href":"https:\/\/roveyayinevi.com.tr\/index.php\/wp-json\/wp\/v2\/product\/692188","targetHints":{"allow":["GET"]}}],"collection":[{"href":"https:\/\/roveyayinevi.com.tr\/index.php\/wp-json\/wp\/v2\/product"}],"about":[{"href":"https:\/\/roveyayinevi.com.tr\/index.php\/wp-json\/wp\/v2\/types\/product"}],"wp:attachment":[{"href":"https:\/\/roveyayinevi.com.tr\/index.php\/wp-json\/wp\/v2\/media?parent=692188"}],"wp:term":[{"taxonomy":"product_brand","embeddable":true,"href":"https:\/\/roveyayinevi.com.tr\/index.php\/wp-json\/wp\/v2\/product_brand?post=692188"},{"taxonomy":"product_cat","embeddable":true,"href":"https:\/\/roveyayinevi.com.tr\/index.php\/wp-json\/wp\/v2\/product_cat?post=692188"},{"taxonomy":"product_tag","embeddable":true,"href":"https:\/\/roveyayinevi.com.tr\/index.php\/wp-json\/wp\/v2\/product_tag?post=692188"}],"curies":[{"name":"wp","href":"https:\/\/api.w.org\/{rel}","templated":true}]}}