{"id":692185,"date":"2025-08-27T14:04:50","date_gmt":"2025-08-27T11:04:50","guid":{"rendered":"https:\/\/roveyayinevi.com.tr\/index.php\/urun\/her-anne-bir-melektir\/"},"modified":"2026-04-16T02:02:11","modified_gmt":"2026-04-15T23:02:11","slug":"her-anne-bir-melektir","status":"publish","type":"product","link":"https:\/\/roveyayinevi.com.tr\/index.php\/urun\/her-anne-bir-melektir\/","title":{"rendered":"Her Anne Bir Melektir"},"content":{"rendered":"<p>Anne, i\u00e7imizdeki k\u00e2inat yolculu\u011funun ana\u00e7 yazmal\u0131 \u015fefkat rotas\u0131&#8230; Anne, atlas\u0131n g\u00f6\u011fs\u00fcne topra\u011f\u0131n tenini seren huzur m\u0131r\u0131ldanmas\u0131&#8230; Anne, \u00fc\u015f\u00fcten bazen de yakan ya\u015fam g\u00fcvertesinde hep dalgalanacak olan s\u0131\u011f\u0131nak bayra\u011f\u0131&#8230;     A\u011flarsa anam a\u011flar, gerisi yalan a\u011flar   demi\u015f eskiler. Ne kadar g\u00fczel demi\u015fler. Bu s\u00f6z annelerden ba\u015fka kimseye de uymaz herhalde. Her dertleni\u015fimizde, akl\u0131m\u0131za annemiz gelir. O y\u00fczdendir ki, anne duas\u0131 alarak cennetin kap\u0131s\u0131n\u0131 aralayanlara ya\u015fam\u0131n en g\u00fc\u00e7l\u00fc kilitleri bile kar\u015f\u0131 koyamaz! Gelece\u011fin ve ahirini annesinin ak s\u00fct\u00fcndeki safl\u0131\u011f\u0131n z\u0131rh\u0131nda b\u00fcy\u00fctenlerindir ger\u00e7ek olan d\u00fcnyan\u0131n huzuru. Annemizi \u00e7ok severiz ama ya\u015fam\u0131n prati\u011fine dair onunla hi\u00e7bir \u015fey payla\u015fmad\u0131\u011f\u0131m\u0131z\u0131 ona en \u00e7ok ihtiyac\u0131m\u0131z oldu\u011fu zaman fark ederiz ve bundan da tarifsiz ac\u0131lar duyar\u0131z. Toplumsal sanc\u0131lar\u0131m\u0131z\u0131n, artan su\u00e7 oranlar\u0131n\u0131n \u00e7\u00f6z\u00fcm\u00fc de sadece annelerdin elindedir. \u00c7ocuklar\u0131m\u0131z\u0131n karakter mayas\u0131n\u0131n kayna\u011f\u0131d\u0131r anneler. <\/p>\n","protected":false},"excerpt":{"rendered":"<p>Anne, i\u00e7imizdeki k\u00e2inat yolculu\u011funun ana\u00e7 yazmal\u0131 \u015fefkat rotas\u0131&#8230; Anne, atlas\u0131n g\u00f6\u011fs\u00fcne topra\u011f\u0131n tenini seren huzur m\u0131r\u0131ldanmas\u0131&#8230; Anne, \u00fc\u015f\u00fcten bazen de yakan ya\u015fam g\u00fcvertesinde hep dalgalanacak olan<span class=\"excerpt-hellip\"> [\u2026]<\/span><\/p>\n","protected":false},"featured_media":0,"template":"","meta":{"_monsterinsights_skip_tracking":false,"_monsterinsights_sitenote_active":false,"_monsterinsights_sitenote_note":"","_monsterinsights_sitenote_category":0},"product_brand":[],"product_cat":[14741,13488],"product_tag":[],"class_list":{"0":"post-692185","1":"product","2":"type-product","3":"status-publish","5":"product_cat-kadin-sorunlari-feminizm","6":"product_cat-toplum-ve-insan","7":"pa_tur-kitap","8":"pa_yayinevi-profil-kitap","9":"pa_yazar-sinan-yagmur","11":"first","12":"instock","13":"sale","14":"shipping-taxable","15":"purchasable","16":"product-type-simple"},"_links":{"self":[{"href":"https:\/\/roveyayinevi.com.tr\/index.php\/wp-json\/wp\/v2\/product\/692185","targetHints":{"allow":["GET"]}}],"collection":[{"href":"https:\/\/roveyayinevi.com.tr\/index.php\/wp-json\/wp\/v2\/product"}],"about":[{"href":"https:\/\/roveyayinevi.com.tr\/index.php\/wp-json\/wp\/v2\/types\/product"}],"wp:attachment":[{"href":"https:\/\/roveyayinevi.com.tr\/index.php\/wp-json\/wp\/v2\/media?parent=692185"}],"wp:term":[{"taxonomy":"product_brand","embeddable":true,"href":"https:\/\/roveyayinevi.com.tr\/index.php\/wp-json\/wp\/v2\/product_brand?post=692185"},{"taxonomy":"product_cat","embeddable":true,"href":"https:\/\/roveyayinevi.com.tr\/index.php\/wp-json\/wp\/v2\/product_cat?post=692185"},{"taxonomy":"product_tag","embeddable":true,"href":"https:\/\/roveyayinevi.com.tr\/index.php\/wp-json\/wp\/v2\/product_tag?post=692185"}],"curies":[{"name":"wp","href":"https:\/\/api.w.org\/{rel}","templated":true}]}}