{"id":692184,"date":"2025-08-27T14:04:49","date_gmt":"2025-08-27T11:04:49","guid":{"rendered":"https:\/\/roveyayinevi.com.tr\/index.php\/urun\/ihtilal-ihtiras-ve-ideal\/"},"modified":"2026-04-16T02:02:11","modified_gmt":"2026-04-15T23:02:11","slug":"ihtilal-ihtiras-ve-ideal","status":"publish","type":"product","link":"https:\/\/roveyayinevi.com.tr\/index.php\/urun\/ihtilal-ihtiras-ve-ideal\/","title":{"rendered":"\u0130htilal, \u0130htiras ve \u0130deal"},"content":{"rendered":"<p>O d\u00f6nemde, eylemciler aras\u0131ndaki dostluk, yolda\u015fl\u0131k, at\u0131lganl\u0131k, fedak\u00e2rl\u0131k, omuz omuza katlan\u0131lan zorluklar\u0131 \u00f6n plana \u00e7\u0131kararak 68 Ku\u015fa\u011f\u0131\u2019ndan \u00f6vg\u00fcyle bahsedenler duygu saplant\u0131s\u0131yla me\u015fguller. Peki, bu eylemler ne i\u00e7in, hangi maksatla, nas\u0131l bir hedef g\u00fcderek yap\u0131lm\u0131\u015ft\u0131? Sosyalist bir devrim yapmak i\u00e7in; yahut devrimci heyecanlar\u0131 basamak yaparak iktidar h\u0131rslar\u0131n\u0131 tatmin etmek isteyenlerce kullan\u0131ld\u0131klar\u0131 i\u00e7in; yahut K\u0131z\u0131lordu\u2019nun 68\u2019deki Prag \u0130\u015fgalini perdelemek isteyen beynelmilel kom\u00fcnizmin propaganda anaforuna kap\u0131ld\u0131klar\u0131 i\u00e7in&#8230; Bunlar o g\u00fcn g\u00f6r\u00fclm\u00fcyor idiyse, bug\u00fcn a\u00e7\u0131k\u00e7a ortaya \u00e7\u0131kt\u0131! Ama bunu itiraf etme olgunlu\u011funu g\u00f6steren bir-iki zay\u0131f sesten ba\u015fka  ayd\u0131n sorumlulu\u011fu  ta\u015f\u0131yan yok. 1968\u2019de \u00dclk\u00fcc\u00fcler de vard\u0131! Bunlara uymayan, bunlara kar\u015f\u0131 \u00e7\u0131kan, o g\u00fcnk\u00fc  son T\u00fcrk devleti ni k\u0131z\u0131l emperyalizme pe\u015fke\u015f \u00e7ekmek isteyenlere -iktidar\u0131n aczine ra\u011fmen- f\u0131rsat vermeyen; ihtilalcilerin oyunlar\u0131n\u0131 bozan, devrimcilerin \u00fcniversiteye ve soka\u011fa h\u00e2kim olmalar\u0131n\u0131 engelleyen \u00dclk\u00fcc\u00fcler!&#8230; Onlar da yok say\u0131l\u0131yorlar&#8230; Ama varlard\u0131; do\u011fru yoldalard\u0131; hakl\u0131lard\u0131; ba\u015far\u0131l\u0131 da oldular&#8230; Bu kitap 68 Ku\u015fa\u011f\u0131 tabiri etraf\u0131nda olu\u015fturulan atmosfere ayk\u0131r\u0131 y\u00f6nden bir katk\u0131d\u0131r. Erol K\u0131l\u0131n\u00e7 <\/p>\n","protected":false},"excerpt":{"rendered":"<p>O d\u00f6nemde, eylemciler aras\u0131ndaki dostluk, yolda\u015fl\u0131k, at\u0131lganl\u0131k, fedak\u00e2rl\u0131k, omuz omuza katlan\u0131lan zorluklar\u0131 \u00f6n plana \u00e7\u0131kararak 68 Ku\u015fa\u011f\u0131\u2019ndan \u00f6vg\u00fcyle bahsedenler duygu saplant\u0131s\u0131yla me\u015fguller. Peki, bu eylemler ne<span class=\"excerpt-hellip\"> [\u2026]<\/span><\/p>\n","protected":false},"featured_media":0,"template":"","meta":{"_monsterinsights_skip_tracking":false,"_monsterinsights_sitenote_active":false,"_monsterinsights_sitenote_note":"","_monsterinsights_sitenote_category":0},"product_brand":[],"product_cat":[16098,12337],"product_tag":[],"class_list":{"0":"post-692184","1":"product","2":"type-product","3":"status-publish","5":"product_cat-politik-akimlar-hareketler","6":"product_cat-politika-siyaset","7":"pa_tur-kitap","8":"pa_yayinevi-otuken-nesriyat","9":"pa_yazar-erol-kilinc","11":"first","12":"instock","13":"sale","14":"shipping-taxable","15":"purchasable","16":"product-type-simple"},"_links":{"self":[{"href":"https:\/\/roveyayinevi.com.tr\/index.php\/wp-json\/wp\/v2\/product\/692184","targetHints":{"allow":["GET"]}}],"collection":[{"href":"https:\/\/roveyayinevi.com.tr\/index.php\/wp-json\/wp\/v2\/product"}],"about":[{"href":"https:\/\/roveyayinevi.com.tr\/index.php\/wp-json\/wp\/v2\/types\/product"}],"wp:attachment":[{"href":"https:\/\/roveyayinevi.com.tr\/index.php\/wp-json\/wp\/v2\/media?parent=692184"}],"wp:term":[{"taxonomy":"product_brand","embeddable":true,"href":"https:\/\/roveyayinevi.com.tr\/index.php\/wp-json\/wp\/v2\/product_brand?post=692184"},{"taxonomy":"product_cat","embeddable":true,"href":"https:\/\/roveyayinevi.com.tr\/index.php\/wp-json\/wp\/v2\/product_cat?post=692184"},{"taxonomy":"product_tag","embeddable":true,"href":"https:\/\/roveyayinevi.com.tr\/index.php\/wp-json\/wp\/v2\/product_tag?post=692184"}],"curies":[{"name":"wp","href":"https:\/\/api.w.org\/{rel}","templated":true}]}}