{"id":692182,"date":"2025-08-27T14:04:49","date_gmt":"2025-08-27T11:04:49","guid":{"rendered":"https:\/\/roveyayinevi.com.tr\/index.php\/urun\/kanatlarini-arayanlar\/"},"modified":"2026-04-16T02:02:11","modified_gmt":"2026-04-15T23:02:11","slug":"kanatlarini-arayanlar","status":"publish","type":"product","link":"https:\/\/roveyayinevi.com.tr\/index.php\/urun\/kanatlarini-arayanlar\/","title":{"rendered":"Kanatlar\u0131n\u0131 Arayanlar"},"content":{"rendered":"<p>&#8220;Diledi\u011fin y\u00fcz\u00fc se\u00e7! deselerdi ne daha g\u00fczelini arard\u0131m, ne daha beyaz\u0131n\u0131!&#8230; Onu al\u0131kor, \u00f6tekileri b\u0131rak\u0131rd\u0131m. Benim y\u00fcz\u00fcm g\u00fczel bir y\u00fcz de\u011fildir; fakat y\u00fczler i\u00e7inde bana en \u00e7ok yak\u0131\u015fan\u0131, odur&#8230; Ve aynalar i\u00e7in de\u011fil, benim i\u00e7indir! <\/p>\n","protected":false},"excerpt":{"rendered":"<p>&#8220;Diledi\u011fin y\u00fcz\u00fc se\u00e7! deselerdi ne daha g\u00fczelini arard\u0131m, ne daha beyaz\u0131n\u0131!&#8230; Onu al\u0131kor, \u00f6tekileri b\u0131rak\u0131rd\u0131m. Benim y\u00fcz\u00fcm g\u00fczel bir y\u00fcz de\u011fildir; fakat y\u00fczler i\u00e7inde bana en<span class=\"excerpt-hellip\"> [\u2026]<\/span><\/p>\n","protected":false},"featured_media":0,"template":"","meta":{"_monsterinsights_skip_tracking":false,"_monsterinsights_sitenote_active":false,"_monsterinsights_sitenote_note":"","_monsterinsights_sitenote_category":0},"product_brand":[],"product_cat":[12777,12291],"product_tag":[],"class_list":{"0":"post-692182","1":"product","2":"type-product","3":"status-publish","5":"product_cat-deneme","6":"product_cat-edebiyat","7":"pa_cilt-ciltsiz","8":"pa_tur-kitap","9":"pa_yayinevi-otuken-nesriyat","10":"pa_yazar-arif-nihat-asya","12":"first","13":"instock","14":"sale","15":"shipping-taxable","16":"purchasable","17":"product-type-simple"},"_links":{"self":[{"href":"https:\/\/roveyayinevi.com.tr\/index.php\/wp-json\/wp\/v2\/product\/692182","targetHints":{"allow":["GET"]}}],"collection":[{"href":"https:\/\/roveyayinevi.com.tr\/index.php\/wp-json\/wp\/v2\/product"}],"about":[{"href":"https:\/\/roveyayinevi.com.tr\/index.php\/wp-json\/wp\/v2\/types\/product"}],"wp:attachment":[{"href":"https:\/\/roveyayinevi.com.tr\/index.php\/wp-json\/wp\/v2\/media?parent=692182"}],"wp:term":[{"taxonomy":"product_brand","embeddable":true,"href":"https:\/\/roveyayinevi.com.tr\/index.php\/wp-json\/wp\/v2\/product_brand?post=692182"},{"taxonomy":"product_cat","embeddable":true,"href":"https:\/\/roveyayinevi.com.tr\/index.php\/wp-json\/wp\/v2\/product_cat?post=692182"},{"taxonomy":"product_tag","embeddable":true,"href":"https:\/\/roveyayinevi.com.tr\/index.php\/wp-json\/wp\/v2\/product_tag?post=692182"}],"curies":[{"name":"wp","href":"https:\/\/api.w.org\/{rel}","templated":true}]}}