{"id":692178,"date":"2025-08-27T14:04:48","date_gmt":"2025-08-27T11:04:48","guid":{"rendered":"https:\/\/roveyayinevi.com.tr\/index.php\/urun\/muzikle-tedavi-avrupa-ve-turk-islam-medeniyetinde\/"},"modified":"2026-04-16T02:02:11","modified_gmt":"2026-04-15T23:02:11","slug":"muzikle-tedavi-avrupa-ve-turk-islam-medeniyetinde","status":"publish","type":"product","link":"https:\/\/roveyayinevi.com.tr\/index.php\/urun\/muzikle-tedavi-avrupa-ve-turk-islam-medeniyetinde\/","title":{"rendered":"M\u00fczikle Tedavi &#8211; Avrupa ve T\u00fcrk-\u0130slam Medeniyetinde"},"content":{"rendered":"<p>Avrupa ve T\u00fcrk-\u0130sl\u00e2m Medeniyetinde M\u00fczikle Tedavi- Tarih\u00ee Geli\u015fimi ve Uygulamalar\u0131\u2019nda, kaynaklara dayanarak, en eski d\u00f6nemlerden XX. yy.a kadar iki \u00f6nemli medeniyetin m\u00fczikle tedavide eri\u015ftikleri nokta, bilgi birikimleri ve birbirlerine olan etkileri incelenmi\u015ftir. Bu kitapta: D\u00fcnyada m\u00fczikterapi konusundaki ilk d\u00fc\u015f\u00fcnce ve uygulamalar, Orta Asya T\u00fcrk k\u00fclt\u00fcr\u00fcnde m\u00fczikle tedavi, Fransa\u2019da \u00f6zellikle XVII-XX. yy. aras\u0131ndaki uygulamalar; T\u00fcrk-\u0130sl\u00e2m D\u00fcnyas\u0131\u2019nda m\u00fczik ve m\u00fczikle tedavi, hastahaneler, Sel\u00e7uklu ve Osmanl\u0131\u2019daki tedavi d\u00fc\u015f\u00fcnce ve metodlar\u0131 ile bu bran\u015fta yap\u0131lan hastaneler ele al\u0131nm\u0131\u015f, bunlar\u0131n Avrupa\u2019ya tesirleri, hatta g\u00fcn\u00fcm\u00fczdeki uygulamalara nas\u0131l yans\u0131d\u0131\u011f\u0131 vurgulanm\u0131\u015ft\u0131r. <\/p>\n","protected":false},"excerpt":{"rendered":"<p>Avrupa ve T\u00fcrk-\u0130sl\u00e2m Medeniyetinde M\u00fczikle Tedavi- Tarih\u00ee Geli\u015fimi ve Uygulamalar\u0131\u2019nda, kaynaklara dayanarak, en eski d\u00f6nemlerden XX. yy.a kadar iki \u00f6nemli medeniyetin m\u00fczikle tedavide eri\u015ftikleri nokta, bilgi<span class=\"excerpt-hellip\"> [\u2026]<\/span><\/p>\n","protected":false},"featured_media":0,"template":"","meta":{"_monsterinsights_skip_tracking":false,"_monsterinsights_sitenote_active":false,"_monsterinsights_sitenote_note":"","_monsterinsights_sitenote_category":0},"product_brand":[],"product_cat":[12312,12304],"product_tag":[],"class_list":{"0":"post-692178","1":"product","2":"type-product","3":"status-publish","5":"product_cat-diger","6":"product_cat-tarih","7":"pa_tur-kitap","8":"pa_yayinevi-otuken-nesriyat","9":"pa_yazar-ahmet-sahin-ak","11":"first","12":"instock","13":"sale","14":"shipping-taxable","15":"purchasable","16":"product-type-simple"},"_links":{"self":[{"href":"https:\/\/roveyayinevi.com.tr\/index.php\/wp-json\/wp\/v2\/product\/692178","targetHints":{"allow":["GET"]}}],"collection":[{"href":"https:\/\/roveyayinevi.com.tr\/index.php\/wp-json\/wp\/v2\/product"}],"about":[{"href":"https:\/\/roveyayinevi.com.tr\/index.php\/wp-json\/wp\/v2\/types\/product"}],"wp:attachment":[{"href":"https:\/\/roveyayinevi.com.tr\/index.php\/wp-json\/wp\/v2\/media?parent=692178"}],"wp:term":[{"taxonomy":"product_brand","embeddable":true,"href":"https:\/\/roveyayinevi.com.tr\/index.php\/wp-json\/wp\/v2\/product_brand?post=692178"},{"taxonomy":"product_cat","embeddable":true,"href":"https:\/\/roveyayinevi.com.tr\/index.php\/wp-json\/wp\/v2\/product_cat?post=692178"},{"taxonomy":"product_tag","embeddable":true,"href":"https:\/\/roveyayinevi.com.tr\/index.php\/wp-json\/wp\/v2\/product_tag?post=692178"}],"curies":[{"name":"wp","href":"https:\/\/api.w.org\/{rel}","templated":true}]}}