{"id":692177,"date":"2025-08-27T14:04:48","date_gmt":"2025-08-27T11:04:48","guid":{"rendered":"https:\/\/roveyayinevi.com.tr\/index.php\/urun\/dip\/"},"modified":"2026-04-16T02:02:11","modified_gmt":"2026-04-15T23:02:11","slug":"dip","status":"publish","type":"product","link":"https:\/\/roveyayinevi.com.tr\/index.php\/urun\/dip\/","title":{"rendered":"Dip"},"content":{"rendered":"<p>Seni asla geri aramayacaklar\u0131n\u0131 bildi\u011fin be\u015finci i\u015f g\u00f6r\u00fc\u015fmesidir. Kimsenin olmad\u0131\u011f\u0131 bir gece kul\u00fcb\u00fcnde bo\u015flu\u011fa do\u011fru \u015fark\u0131 s\u00f6ylemektir. Kayak yapmay\u0131 \u00f6\u011frenirken, yedinci kez yere d\u00fc\u015fmektir. Start\u0131n verilmesinin heyecan\u0131 geride kal\u0131p, fini\u015f \u00e7izgisine ula\u015fman\u0131n uzak bir hayal oldu\u011fu uzun bir maraton ko\u015fmakt\u0131r. B\u00fcy\u00fck hedefinize ula\u015fmak i\u00e7in zorlu yollar\u0131 a\u015fmakt\u0131r. Tabii do\u011fru hedefin pe\u015finden gidiyorsan\u0131z. Ba\u015fka? Tamam, kariyerinize, gelecekteki hedefinize ve belki de nihai mutlulu\u011fa giden anahtard\u0131r.\ufffc<\/p>\n","protected":false},"excerpt":{"rendered":"<p>Seni asla geri aramayacaklar\u0131n\u0131 bildi\u011fin be\u015finci i\u015f g\u00f6r\u00fc\u015fmesidir. Kimsenin olmad\u0131\u011f\u0131 bir gece kul\u00fcb\u00fcnde bo\u015flu\u011fa do\u011fru \u015fark\u0131 s\u00f6ylemektir. Kayak yapmay\u0131 \u00f6\u011frenirken, yedinci kez yere d\u00fc\u015fmektir. Start\u0131n verilmesinin<span class=\"excerpt-hellip\"> [\u2026]<\/span><\/p>\n","protected":false},"featured_media":0,"template":"","meta":{"_monsterinsights_skip_tracking":false,"_monsterinsights_sitenote_active":false,"_monsterinsights_sitenote_note":"","_monsterinsights_sitenote_category":0},"product_brand":[],"product_cat":[13043,17647],"product_tag":[],"class_list":{"0":"post-692177","1":"product","2":"type-product","3":"status-publish","5":"product_cat-ekonomi","6":"product_cat-is-dunyasi","7":"pa_cilt-ciltsiz","8":"pa_tur-kitap","9":"pa_yayinevi-profil-kitap","10":"pa_yazar-seth-godin","12":"first","13":"instock","14":"sale","15":"shipping-taxable","16":"purchasable","17":"product-type-simple"},"_links":{"self":[{"href":"https:\/\/roveyayinevi.com.tr\/index.php\/wp-json\/wp\/v2\/product\/692177","targetHints":{"allow":["GET"]}}],"collection":[{"href":"https:\/\/roveyayinevi.com.tr\/index.php\/wp-json\/wp\/v2\/product"}],"about":[{"href":"https:\/\/roveyayinevi.com.tr\/index.php\/wp-json\/wp\/v2\/types\/product"}],"wp:attachment":[{"href":"https:\/\/roveyayinevi.com.tr\/index.php\/wp-json\/wp\/v2\/media?parent=692177"}],"wp:term":[{"taxonomy":"product_brand","embeddable":true,"href":"https:\/\/roveyayinevi.com.tr\/index.php\/wp-json\/wp\/v2\/product_brand?post=692177"},{"taxonomy":"product_cat","embeddable":true,"href":"https:\/\/roveyayinevi.com.tr\/index.php\/wp-json\/wp\/v2\/product_cat?post=692177"},{"taxonomy":"product_tag","embeddable":true,"href":"https:\/\/roveyayinevi.com.tr\/index.php\/wp-json\/wp\/v2\/product_tag?post=692177"}],"curies":[{"name":"wp","href":"https:\/\/api.w.org\/{rel}","templated":true}]}}