{"id":692176,"date":"2025-08-27T14:04:48","date_gmt":"2025-08-27T11:04:48","guid":{"rendered":"https:\/\/roveyayinevi.com.tr\/index.php\/urun\/cizim-hakkinda-ogrenmek-istediginiz-her-sey\/"},"modified":"2026-04-16T02:02:11","modified_gmt":"2026-04-15T23:02:11","slug":"cizim-hakkinda-ogrenmek-istediginiz-her-sey","status":"publish","type":"product","link":"https:\/\/roveyayinevi.com.tr\/index.php\/urun\/cizim-hakkinda-ogrenmek-istediginiz-her-sey\/","title":{"rendered":"\u00c7izim Hakk\u0131nda \u00d6\u011frenmek \u0130stedi\u011finiz Her \u015eey"},"content":{"rendered":"<p>Barrington Barber\u2019\u0131n \u00c7izim Hakk\u0131nda \u00d6\u011frenmek \u0130stedi\u011finiz Her \u015eey kitab\u0131 \u00e7izim yeteneklerinizi geli\u015ftirecek ve size yepyeni ufuklar a\u00e7acak.   Kitab\u0131n ana konular\u0131 temel \u00e7izimde al\u0131\u015ft\u0131rma egzersizleri, nat\u00fcrmort, manzara, portre ve fig\u00fcr \u00e7izimleri \u00fczerine yo\u011funla\u015f\u0131yor.   Ayr\u0131ca d\u00fcnyaca \u00fcnl\u00fc ressamlar\u0131n \u00e7izim teknikleri ayr\u0131nt\u0131lar\u0131yla anlat\u0131l\u0131yor. \u00c7izimin b\u00fct\u00fcn detaylar\u0131, ipu\u00e7lar\u0131, teknikleri sizi s\u0131kmadan \u00f6rneklerle g\u00f6steriliyor.   \u00c7izim Hakk\u0131nda \u00d6\u011frenmek \u0130stedi\u011finiz Her \u015eey \u015fimdiye dek yaz\u0131lm\u0131\u015f \u00e7izime dair en iyi kitap. Elinizden b\u0131rakamayaca\u011f\u0131n\u0131z s\u0131ra d\u0131\u015f\u0131 bir \u00e7al\u0131\u015fma. <\/p>\n","protected":false},"excerpt":{"rendered":"<p>Barrington Barber\u2019\u0131n \u00c7izim Hakk\u0131nda \u00d6\u011frenmek \u0130stedi\u011finiz Her \u015eey kitab\u0131 \u00e7izim yeteneklerinizi geli\u015ftirecek ve size yepyeni ufuklar a\u00e7acak. Kitab\u0131n ana konular\u0131 temel \u00e7izimde al\u0131\u015ft\u0131rma egzersizleri, nat\u00fcrmort, manzara,<span class=\"excerpt-hellip\"> [\u2026]<\/span><\/p>\n","protected":false},"featured_media":0,"template":"","meta":{"_monsterinsights_skip_tracking":false,"_monsterinsights_sitenote_active":false,"_monsterinsights_sitenote_note":"","_monsterinsights_sitenote_category":0},"product_brand":[],"product_cat":[15733,12408],"product_tag":[],"class_list":{"0":"post-692176","1":"product","2":"type-product","3":"status-publish","5":"product_cat-resim","6":"product_cat-sanat","7":"pa_cilt-ciltsiz","8":"pa_tur-kitap","9":"pa_yayinevi-profil-kitap","10":"pa_yazar-barrington-barber","12":"first","13":"instock","14":"sale","15":"shipping-taxable","16":"purchasable","17":"product-type-simple"},"_links":{"self":[{"href":"https:\/\/roveyayinevi.com.tr\/index.php\/wp-json\/wp\/v2\/product\/692176","targetHints":{"allow":["GET"]}}],"collection":[{"href":"https:\/\/roveyayinevi.com.tr\/index.php\/wp-json\/wp\/v2\/product"}],"about":[{"href":"https:\/\/roveyayinevi.com.tr\/index.php\/wp-json\/wp\/v2\/types\/product"}],"wp:attachment":[{"href":"https:\/\/roveyayinevi.com.tr\/index.php\/wp-json\/wp\/v2\/media?parent=692176"}],"wp:term":[{"taxonomy":"product_brand","embeddable":true,"href":"https:\/\/roveyayinevi.com.tr\/index.php\/wp-json\/wp\/v2\/product_brand?post=692176"},{"taxonomy":"product_cat","embeddable":true,"href":"https:\/\/roveyayinevi.com.tr\/index.php\/wp-json\/wp\/v2\/product_cat?post=692176"},{"taxonomy":"product_tag","embeddable":true,"href":"https:\/\/roveyayinevi.com.tr\/index.php\/wp-json\/wp\/v2\/product_tag?post=692176"}],"curies":[{"name":"wp","href":"https:\/\/api.w.org\/{rel}","templated":true}]}}