{"id":692174,"date":"2025-08-27T14:04:48","date_gmt":"2025-08-27T11:04:48","guid":{"rendered":"https:\/\/roveyayinevi.com.tr\/index.php\/urun\/mikro-iktisat\/"},"modified":"2026-04-16T02:02:11","modified_gmt":"2026-04-15T23:02:11","slug":"mikro-iktisat","status":"publish","type":"product","link":"https:\/\/roveyayinevi.com.tr\/index.php\/urun\/mikro-iktisat\/","title":{"rendered":"Mikro \u0130ktisat"},"content":{"rendered":"<p>2008 Nobel Ekonomi \u00d6d\u00fcll\u00fc Paul Krugman ve Princeton \u00dcniversitesinde ders veren Robin Wells &#8216;in kaleme ald\u0131\u011f\u0131 kitap, mikro iktisada temel seviyeden giri\u015f yap\u0131p konular\u0131 g\u00fcncel olaylarla destekleyerek konular\u0131n daha kolay anla\u015f\u0131lmas\u0131n\u0131 sa\u011flam\u0131\u015flard\u0131r. Konu Ba\u015fl\u0131klar\u0131\u0130ktisat NedirArz ve TalepBireyler ve Piyasalar\u0130ktisat ve Karar VermeT\u00fcketici\u00dcretim Karar\u0131Fakt\u00f6r Piyasalar\u0131 ve Risk <\/p>\n","protected":false},"excerpt":{"rendered":"<p>2008 Nobel Ekonomi \u00d6d\u00fcll\u00fc Paul Krugman ve Princeton \u00dcniversitesinde ders veren Robin Wells &#8216;in kaleme ald\u0131\u011f\u0131 kitap, mikro iktisada temel seviyeden giri\u015f yap\u0131p konular\u0131 g\u00fcncel olaylarla<span class=\"excerpt-hellip\"> [\u2026]<\/span><\/p>\n","protected":false},"featured_media":0,"template":"","meta":{"_monsterinsights_skip_tracking":false,"_monsterinsights_sitenote_active":false,"_monsterinsights_sitenote_note":"","_monsterinsights_sitenote_category":0},"product_brand":[],"product_cat":[12573,12566],"product_tag":[],"class_list":{"0":"post-692174","1":"product","2":"type-product","3":"status-publish","5":"product_cat-akademik-kitaplar","6":"product_cat-egitim","7":"pa_cilt-ciltsiz","8":"pa_tur-kitap","9":"pa_yayinevi-palme-yayincilik-akademik","10":"pa_yazar-a-ates","11":"pa_yazar-c-disbudak","12":"pa_yazar-k-turkcan","13":"pa_yazar-m-aslan","14":"pa_yazar-s-isik","16":"first","17":"instock","18":"sale","19":"shipping-taxable","20":"purchasable","21":"product-type-simple"},"_links":{"self":[{"href":"https:\/\/roveyayinevi.com.tr\/index.php\/wp-json\/wp\/v2\/product\/692174","targetHints":{"allow":["GET"]}}],"collection":[{"href":"https:\/\/roveyayinevi.com.tr\/index.php\/wp-json\/wp\/v2\/product"}],"about":[{"href":"https:\/\/roveyayinevi.com.tr\/index.php\/wp-json\/wp\/v2\/types\/product"}],"wp:attachment":[{"href":"https:\/\/roveyayinevi.com.tr\/index.php\/wp-json\/wp\/v2\/media?parent=692174"}],"wp:term":[{"taxonomy":"product_brand","embeddable":true,"href":"https:\/\/roveyayinevi.com.tr\/index.php\/wp-json\/wp\/v2\/product_brand?post=692174"},{"taxonomy":"product_cat","embeddable":true,"href":"https:\/\/roveyayinevi.com.tr\/index.php\/wp-json\/wp\/v2\/product_cat?post=692174"},{"taxonomy":"product_tag","embeddable":true,"href":"https:\/\/roveyayinevi.com.tr\/index.php\/wp-json\/wp\/v2\/product_tag?post=692174"}],"curies":[{"name":"wp","href":"https:\/\/api.w.org\/{rel}","templated":true}]}}