{"id":692173,"date":"2025-08-27T14:04:47","date_gmt":"2025-08-27T11:04:47","guid":{"rendered":"https:\/\/roveyayinevi.com.tr\/index.php\/urun\/makro-iktisat\/"},"modified":"2026-04-16T02:02:11","modified_gmt":"2026-04-15T23:02:11","slug":"makro-iktisat","status":"publish","type":"product","link":"https:\/\/roveyayinevi.com.tr\/index.php\/urun\/makro-iktisat\/","title":{"rendered":"Makro \u0130ktisat"},"content":{"rendered":"<p>Bu Kitab\u0131n Avantajlar\u0131: B\u00f6l\u00fcmler anlamay\u0131 ger\u00e7ek\u00e7i \u00f6rnekler yoluyla in\u015fa etmektedir. Her b\u00f6l\u00fcmde, temel kavramlar\u0131 \u00f6\u011fretmek ve \u00f6\u011frencileri motive etmek i\u00e7in ger\u00e7ek hayattan al\u0131nma \u00f6rnekler, uygulamalar ve \u00f6rnek durumlar kullan\u0131yoruz. Kavramlar\u0131 sunmak ve g\u00fc\u00e7lendirmek i\u00e7in en iyi y\u00f6ntem ger\u00e7ek hayat \u00f6rnekleri yoluylad\u0131r; \u00f6\u011frenciler basit\u00e7e onlar\u0131 daha kolay ili\u015fkilendirir. Pedagojik \u00f6zellikler \u00f6\u011frenmeyi g\u00fc\u00e7lendirir. B\u00f6l\u00fcmler anla\u015f\u0131labilir ve e\u011flencelidir. Kavramlar\u0131 ula\u015f\u0131labilir yapmak i\u00e7in ak\u0131c\u0131 ve dost\u00e7a bir yaz\u0131m stili benimsedik. M\u00fcmk\u00fcn olan her yerde \u00f6\u011frencilerin a\u015fina oldu\u011fu \u00f6rnekler kulland\u0131k: hangi dersi almay\u0131 se\u00e7mek, kullan\u0131lm\u0131\u015f bir ders kitab\u0131 almak, nerede yemek yeme\u011fe karar vermek ya da bir hane halk\u0131n\u0131n b\u00fct\u00e7esi ile bir \u00fclkenin \u00f6demeler dengesi gibi. Her ne kadar anla\u015f\u0131lmas\u0131 kolay olsa da, kitap ayr\u0131ca \u00f6\u011frencileri ileri d\u00fczeydeki derslere haz\u0131rlamaktad\u0131r. Genellikle \u00f6\u011freticiler bir ders kitab\u0131 se\u00e7erken \u00e7ok cazip olmayan iki alternatiften birini se\u00e7mek zorunda kal\u0131rlar: \u00f6\u011fretmesi \u00e7ok kolay olan ama \u00f6\u011frencinin anlamas\u0131nda \u00f6nemli bo\u015fluklar b\u0131rakan bir ders kitab\u0131 ya da \u00f6\u011fretmesi \u00e7ok zor olan ama \u00f6\u011frencileri gelecek derslere daha iyi haz\u0131rlayan bir ders kitab\u0131. Biz anlamas\u0131 kolay olan ama her iki d\u00fcnyan\u0131n en iyisini sunan bir ders kitab\u0131 sunuyoruz. <\/p>\n","protected":false},"excerpt":{"rendered":"<p>Bu Kitab\u0131n Avantajlar\u0131: B\u00f6l\u00fcmler anlamay\u0131 ger\u00e7ek\u00e7i \u00f6rnekler yoluyla in\u015fa etmektedir. Her b\u00f6l\u00fcmde, temel kavramlar\u0131 \u00f6\u011fretmek ve \u00f6\u011frencileri motive etmek i\u00e7in ger\u00e7ek hayattan al\u0131nma \u00f6rnekler, uygulamalar ve<span class=\"excerpt-hellip\"> [\u2026]<\/span><\/p>\n","protected":false},"featured_media":0,"template":"","meta":{"_monsterinsights_skip_tracking":false,"_monsterinsights_sitenote_active":false,"_monsterinsights_sitenote_note":"","_monsterinsights_sitenote_category":0},"product_brand":[],"product_cat":[12573,12566],"product_tag":[],"class_list":{"0":"post-692173","1":"product","2":"type-product","3":"status-publish","5":"product_cat-akademik-kitaplar","6":"product_cat-egitim","7":"pa_cilt-ciltsiz","8":"pa_tur-kitap","9":"pa_yayinevi-palme-yayincilik-akademik","10":"pa_yazar-f-oguz","11":"pa_yazar-k-a-akkemik","12":"pa_yazar-k-goksal","13":"pa_yazar-m-m-arslan","15":"first","16":"instock","17":"sale","18":"shipping-taxable","19":"purchasable","20":"product-type-simple"},"_links":{"self":[{"href":"https:\/\/roveyayinevi.com.tr\/index.php\/wp-json\/wp\/v2\/product\/692173","targetHints":{"allow":["GET"]}}],"collection":[{"href":"https:\/\/roveyayinevi.com.tr\/index.php\/wp-json\/wp\/v2\/product"}],"about":[{"href":"https:\/\/roveyayinevi.com.tr\/index.php\/wp-json\/wp\/v2\/types\/product"}],"wp:attachment":[{"href":"https:\/\/roveyayinevi.com.tr\/index.php\/wp-json\/wp\/v2\/media?parent=692173"}],"wp:term":[{"taxonomy":"product_brand","embeddable":true,"href":"https:\/\/roveyayinevi.com.tr\/index.php\/wp-json\/wp\/v2\/product_brand?post=692173"},{"taxonomy":"product_cat","embeddable":true,"href":"https:\/\/roveyayinevi.com.tr\/index.php\/wp-json\/wp\/v2\/product_cat?post=692173"},{"taxonomy":"product_tag","embeddable":true,"href":"https:\/\/roveyayinevi.com.tr\/index.php\/wp-json\/wp\/v2\/product_tag?post=692173"}],"curies":[{"name":"wp","href":"https:\/\/api.w.org\/{rel}","templated":true}]}}