{"id":692171,"date":"2025-08-27T14:04:47","date_gmt":"2025-08-27T11:04:47","guid":{"rendered":"https:\/\/roveyayinevi.com.tr\/index.php\/urun\/kadin-ask-aile\/"},"modified":"2026-04-16T02:02:11","modified_gmt":"2026-04-15T23:02:11","slug":"kadin-ask-aile","status":"publish","type":"product","link":"https:\/\/roveyayinevi.com.tr\/index.php\/urun\/kadin-ask-aile\/","title":{"rendered":"Kad\u0131n A\u015fk Aile"},"content":{"rendered":"<p>Bu ciltte toplanan yaz\u0131lar, hayat\u0131m\u0131z\u0131n olduk\u00e7a problemli bir sahas\u0131na dairdir; fert olarak da, cemiyet olarak da. Bu konular i\u00e7timai hayat\u0131m\u0131z\u0131n, son as\u0131r i\u00e7inde ruhuyla ve \u015fekliyle en \u00e7ok de\u011fi\u015fmeye u\u011frayan, zedelenen ve milli \u00fcslubumuzu en \u00e7ok kaybeden yanlar\u0131d\u0131r. Eski \u00fcslup y\u0131prat\u0131lm\u0131\u015f, ancak, g\u00fcn\u00fcm\u00fcz\u00fcn \u015fartlar\u0131 i\u00e7inde, geleneklerin ve dinimizin tesirlerini yitirmedi\u011fi bu sahada hen\u00fcz yeni bir \u00fcsluba da kavu\u015fulamam\u0131\u015ft\u0131r. Biraz da bu y\u00fczden, kad\u0131n, a\u015fk, aile gibi konularda, kat\u0131la\u015fmadan ama milli de\u011ferlerimizi ve i\u00e7timai hassasiyetlerimizi de rencide etmeden yazmak, her yazar i\u00e7in kolay ba\u015far\u0131lacak bir i\u015f de\u011fildir. Ama, Peyami Safa gibi toleransl\u0131, fakat sa\u011flam ve milli \u00f6l\u00e7\u00fclere sahip g\u00fc\u00e7l\u00fc bir kalemden bu konular\u0131 okumak, zevli oldu\u011fu kadar da faydal\u0131 olacakt\u0131r. \ufffcTan\u0131t\u0131m Metni<\/p>\n","protected":false},"excerpt":{"rendered":"<p>Bu ciltte toplanan yaz\u0131lar, hayat\u0131m\u0131z\u0131n olduk\u00e7a problemli bir sahas\u0131na dairdir; fert olarak da, cemiyet olarak da. Bu konular i\u00e7timai hayat\u0131m\u0131z\u0131n, son as\u0131r i\u00e7inde ruhuyla ve \u015fekliyle<span class=\"excerpt-hellip\"> [\u2026]<\/span><\/p>\n","protected":false},"featured_media":0,"template":"","meta":{"_monsterinsights_skip_tracking":false,"_monsterinsights_sitenote_active":false,"_monsterinsights_sitenote_note":"","_monsterinsights_sitenote_category":0},"product_brand":[],"product_cat":[17502,13488],"product_tag":[],"class_list":{"0":"post-692171","1":"product","2":"type-product","3":"status-publish","5":"product_cat-cinsellik","6":"product_cat-toplum-ve-insan","7":"pa_cilt-ciltsiz","8":"pa_tur-kitap","9":"pa_yayinevi-otuken-nesriyat","10":"pa_yazar-peyami-safa","12":"first","13":"instock","14":"sale","15":"shipping-taxable","16":"purchasable","17":"product-type-simple"},"_links":{"self":[{"href":"https:\/\/roveyayinevi.com.tr\/index.php\/wp-json\/wp\/v2\/product\/692171","targetHints":{"allow":["GET"]}}],"collection":[{"href":"https:\/\/roveyayinevi.com.tr\/index.php\/wp-json\/wp\/v2\/product"}],"about":[{"href":"https:\/\/roveyayinevi.com.tr\/index.php\/wp-json\/wp\/v2\/types\/product"}],"wp:attachment":[{"href":"https:\/\/roveyayinevi.com.tr\/index.php\/wp-json\/wp\/v2\/media?parent=692171"}],"wp:term":[{"taxonomy":"product_brand","embeddable":true,"href":"https:\/\/roveyayinevi.com.tr\/index.php\/wp-json\/wp\/v2\/product_brand?post=692171"},{"taxonomy":"product_cat","embeddable":true,"href":"https:\/\/roveyayinevi.com.tr\/index.php\/wp-json\/wp\/v2\/product_cat?post=692171"},{"taxonomy":"product_tag","embeddable":true,"href":"https:\/\/roveyayinevi.com.tr\/index.php\/wp-json\/wp\/v2\/product_tag?post=692171"}],"curies":[{"name":"wp","href":"https:\/\/api.w.org\/{rel}","templated":true}]}}