{"id":692169,"date":"2025-08-27T14:04:46","date_gmt":"2025-08-27T11:04:46","guid":{"rendered":"https:\/\/roveyayinevi.com.tr\/index.php\/urun\/alparslan\/"},"modified":"2026-04-16T02:02:10","modified_gmt":"2026-04-15T23:02:10","slug":"alparslan","status":"publish","type":"product","link":"https:\/\/roveyayinevi.com.tr\/index.php\/urun\/alparslan\/","title":{"rendered":"Alparslan"},"content":{"rendered":"<p>\u201cAlparslan: &#8211; Benden sonra Sel\u00e7uk taht\u0131na o\u011flum Melik\u015fah ge\u00e7ecektir! Dedi. B\u00fct\u00fcn azalar, and i\u00e7erek s\u00f6z verdiler. Bundan sonra Alparslan Horasan illerinden toplad\u0131\u011f\u0131 askerlerle Harzem \u00fclkesine y\u00fcr\u00fcd\u00fc. Bunlar\u0131n h\u00fck\u00fcmet merkezlerini zapta muvaffak oldu. Harzem \u00fclkesine o\u011flu Melik\u015fah&#8217;\u0131 vali tayin ederek ordular\u0131yla Rey \u015fehrine d\u00f6nd\u00fc. Bir ay kadar haz\u0131rl\u0131ktan sonra 1064 tarihinde b\u00fcy\u00fck bir ordu ile Horasan taraflar\u0131ndan Azerbaycan&#8217;a hareket etti. Burada T\u00fcrkmen beylerinin kuvvetleriyle birle\u015fti. B\u00fct\u00fcn beyleri yan\u0131na toplayarak, parma\u011f\u0131n\u0131 Anadolu&#8217;ya uzatt\u0131. &#8211; Bu i\u015faret etti\u011fim k\u0131t&#8217;a Anadolu&#8217;dur. Ya ben bu k\u0131t&#8217;ay\u0131 fethedece\u011fim, ya \u00f6l\u00fcm beni alacakt\u0131r. Bu k\u0131t&#8217;a bulundu\u011fumuz topraktan bin kat g\u00fczeldir. Buras\u0131 k\u00e2firlere l\u00e2y\u0131k bir \u00fclke de\u011fildir. Buras\u0131 T\u00fcrk&#8217;\u00fcn \u00f6z yurdu olacakt\u0131r. Anadolu T\u00fcrk&#8217;\u00fcn mefk\u00fbresidir. Bu k\u0131t&#8217;an\u0131n fethi i\u00e7in feda-y\u0131 can etme\u011fe huzurumda and i\u00e7iniz!&#8230;\u201d <\/p>\n","protected":false},"excerpt":{"rendered":"<p>\u201cAlparslan: &#8211; Benden sonra Sel\u00e7uk taht\u0131na o\u011flum Melik\u015fah ge\u00e7ecektir! Dedi. B\u00fct\u00fcn azalar, and i\u00e7erek s\u00f6z verdiler. Bundan sonra Alparslan Horasan illerinden toplad\u0131\u011f\u0131 askerlerle Harzem \u00fclkesine y\u00fcr\u00fcd\u00fc.<span class=\"excerpt-hellip\"> [\u2026]<\/span><\/p>\n","protected":false},"featured_media":0,"template":"","meta":{"_monsterinsights_skip_tracking":false,"_monsterinsights_sitenote_active":false,"_monsterinsights_sitenote_note":"","_monsterinsights_sitenote_category":0},"product_brand":[],"product_cat":[12291,12745],"product_tag":[],"class_list":{"0":"post-692169","1":"product","2":"type-product","3":"status-publish","5":"product_cat-edebiyat","6":"product_cat-tarihi-roman","7":"pa_cilt-ciltsiz","8":"pa_tur-kitap","9":"pa_yayinevi-otuken-nesriyat","10":"pa_yazar-enver-behnan-sapolyo","12":"first","13":"instock","14":"sale","15":"shipping-taxable","16":"purchasable","17":"product-type-simple"},"_links":{"self":[{"href":"https:\/\/roveyayinevi.com.tr\/index.php\/wp-json\/wp\/v2\/product\/692169","targetHints":{"allow":["GET"]}}],"collection":[{"href":"https:\/\/roveyayinevi.com.tr\/index.php\/wp-json\/wp\/v2\/product"}],"about":[{"href":"https:\/\/roveyayinevi.com.tr\/index.php\/wp-json\/wp\/v2\/types\/product"}],"wp:attachment":[{"href":"https:\/\/roveyayinevi.com.tr\/index.php\/wp-json\/wp\/v2\/media?parent=692169"}],"wp:term":[{"taxonomy":"product_brand","embeddable":true,"href":"https:\/\/roveyayinevi.com.tr\/index.php\/wp-json\/wp\/v2\/product_brand?post=692169"},{"taxonomy":"product_cat","embeddable":true,"href":"https:\/\/roveyayinevi.com.tr\/index.php\/wp-json\/wp\/v2\/product_cat?post=692169"},{"taxonomy":"product_tag","embeddable":true,"href":"https:\/\/roveyayinevi.com.tr\/index.php\/wp-json\/wp\/v2\/product_tag?post=692169"}],"curies":[{"name":"wp","href":"https:\/\/api.w.org\/{rel}","templated":true}]}}