{"id":692168,"date":"2025-08-27T14:04:46","date_gmt":"2025-08-27T11:04:46","guid":{"rendered":"https:\/\/roveyayinevi.com.tr\/index.php\/urun\/ak-deve\/"},"modified":"2026-04-16T02:02:10","modified_gmt":"2026-04-15T23:02:10","slug":"ak-deve","status":"publish","type":"product","link":"https:\/\/roveyayinevi.com.tr\/index.php\/urun\/ak-deve\/","title":{"rendered":"Ak Deve"},"content":{"rendered":"<p>\u0130kinci D\u00fcnya Sava\u015f\u0131 s\u0131ras\u0131nda geleneksel hayat\u0131n\u0131 devam ettirmeye \u00e7al\u0131\u015fan bir Bak\u00fc mahallesi\u2026 Sava\u015f; kendi hallerinde sakin bir hayat s\u00fcren mahallenin istisnas\u0131z b\u00fct\u00fcn sakinlerinin hayat\u0131n\u0131 trajik ve art\u0131k geri d\u00f6n\u00fclmez bir bi\u00e7imde etkiler. Bak\u00fc&#8217;n\u00fcn bu en uzak ve en \u00fccra mahallesinde bile Sovyet tarz\u0131 hayat bi\u00e7imi ile geleneksel hayat aras\u0131ndaki gerilim \u00e7ok barizken, sava\u015f\u0131n getirdi\u011fi y\u00fckler ve s\u0131k\u0131nt\u0131lar bu gerilimi iyice art\u0131r\u0131r. Yaln\u0131zca Azerbaycan edebiyat\u0131n\u0131n de\u011fil, b\u00fct\u00fcn T\u00fcrk D\u00fcnyas\u0131&#8217;n\u0131n en \u00f6nemli yazarlar\u0131ndan biri olan El\u00e7in&#8217;in semboller ve folklor unsurlar\u0131yla bezedi\u011fi romanda; olaylar, k\u00fc\u00e7\u00fcc\u00fck y\u00fcre\u011fine b\u00fct\u00fcn d\u00fcnyay\u0131 yani mahallesini s\u0131\u011fd\u0131ran Aliekber&#8217;in g\u00f6z\u00fcnden aktar\u0131l\u0131r. Aliekber mahalleye \u00e7\u00f6ken gerilimi, kom\u015fular\u0131n birbirleriyle olan ili\u015fkilerini ve sava\u015f\u0131n mahalle sakinlerini mahallenin o g\u00fcvenli mahfazas\u0131ndan bir bir nas\u0131l kopard\u0131\u011f\u0131n\u0131 o kadar canl\u0131 ve bir o kadar da duygularla y\u00fckl\u00fc olarak anlat\u0131r ki, a\u00e7l\u0131\u011f\u0131n\u0131 gidermek i\u00e7in ser\u00e7elerin pe\u015finde ko\u015fan bu insanlar adeta sayfalardan ta\u015farak kar\u015f\u0131m\u0131za dikilirler. Ve Ak Deve.. \u00f6n\u00fcne kondu\u011fu her eve \u00f6l\u00fcm ta\u015f\u0131yan ve Aliekber&#8217;in muhayyilesinde \u00f6l\u00fcm\u00fcn ad\u0131 olan Ak Deve.. bir g\u00fcn b\u00fct\u00fcn insanlar\u0131n kap\u0131s\u0131n\u0131n \u00f6n\u00fcnden ge\u00e7ecek, bilhassa k\u00f6t\u00fclerin. \ufffcTan\u0131t\u0131m Metni<\/p>\n","protected":false},"excerpt":{"rendered":"<p>\u0130kinci D\u00fcnya Sava\u015f\u0131 s\u0131ras\u0131nda geleneksel hayat\u0131n\u0131 devam ettirmeye \u00e7al\u0131\u015fan bir Bak\u00fc mahallesi\u2026 Sava\u015f; kendi hallerinde sakin bir hayat s\u00fcren mahallenin istisnas\u0131z b\u00fct\u00fcn sakinlerinin hayat\u0131n\u0131 trajik ve<span class=\"excerpt-hellip\"> [\u2026]<\/span><\/p>\n","protected":false},"featured_media":0,"template":"","meta":{"_monsterinsights_skip_tracking":false,"_monsterinsights_sitenote_active":false,"_monsterinsights_sitenote_note":"","_monsterinsights_sitenote_category":0},"product_brand":[],"product_cat":[12291,13570],"product_tag":[],"class_list":{"0":"post-692168","1":"product","2":"type-product","3":"status-publish","5":"product_cat-edebiyat","6":"product_cat-rus-edebiyati","7":"pa_cilt-ciltsiz","8":"pa_tur-kitap","9":"pa_yayinevi-otuken-nesriyat","10":"pa_yazar-elcin","12":"first","13":"instock","14":"sale","15":"shipping-taxable","16":"purchasable","17":"product-type-simple"},"_links":{"self":[{"href":"https:\/\/roveyayinevi.com.tr\/index.php\/wp-json\/wp\/v2\/product\/692168","targetHints":{"allow":["GET"]}}],"collection":[{"href":"https:\/\/roveyayinevi.com.tr\/index.php\/wp-json\/wp\/v2\/product"}],"about":[{"href":"https:\/\/roveyayinevi.com.tr\/index.php\/wp-json\/wp\/v2\/types\/product"}],"wp:attachment":[{"href":"https:\/\/roveyayinevi.com.tr\/index.php\/wp-json\/wp\/v2\/media?parent=692168"}],"wp:term":[{"taxonomy":"product_brand","embeddable":true,"href":"https:\/\/roveyayinevi.com.tr\/index.php\/wp-json\/wp\/v2\/product_brand?post=692168"},{"taxonomy":"product_cat","embeddable":true,"href":"https:\/\/roveyayinevi.com.tr\/index.php\/wp-json\/wp\/v2\/product_cat?post=692168"},{"taxonomy":"product_tag","embeddable":true,"href":"https:\/\/roveyayinevi.com.tr\/index.php\/wp-json\/wp\/v2\/product_tag?post=692168"}],"curies":[{"name":"wp","href":"https:\/\/api.w.org\/{rel}","templated":true}]}}