{"id":692167,"date":"2025-08-27T14:04:46","date_gmt":"2025-08-27T11:04:46","guid":{"rendered":"https:\/\/roveyayinevi.com.tr\/index.php\/urun\/ustaca-sevmek\/"},"modified":"2026-04-16T02:02:10","modified_gmt":"2026-04-15T23:02:10","slug":"ustaca-sevmek","status":"publish","type":"product","link":"https:\/\/roveyayinevi.com.tr\/index.php\/urun\/ustaca-sevmek\/","title":{"rendered":"Ustaca Sevmek"},"content":{"rendered":"<p>Yo\u011fun bir yabanc\u0131la\u015fma al\u0131yor bizi, \u00f6z benli\u011fimizden uzaklara s\u00fcr\u00fckl\u00fcyor. Kendimizi oynad\u0131\u011f\u0131m\u0131z rollerden ibaret g\u00f6r\u00fcyoruz. \u00d6z\u00fcm\u00fcz yerine imaj\u0131m\u0131zla bir tutuyoruz kendimizi. Bu da bizi ba\u015fkalar\u0131n\u0131n onay\u0131na ba\u011f\u0131ml\u0131 k\u0131l\u0131yor. Sevgiyi d\u0131\u015f\u0131m\u0131zda aramaya ba\u015fl\u0131yor, birbiri ard\u0131na ba\u011f\u0131ml\u0131l\u0131k ili\u015fkileri kuruyoruz. Neyiz biz? Ba\u015fkalar\u0131n\u0131n sevgisine umutsuzca gereksinen varl\u0131klar m\u0131? Nas\u0131l ili\u015fkiler kuruyoruz? Uyu\u015fturucu ba\u011f\u0131ml\u0131s\u0131yla uyu\u015fturucu sat\u0131c\u0131s\u0131 aras\u0131ndaki vazge\u00e7ilmez ili\u015fki gibi cehennem ili\u015fkileri mi? D\u00fcnyay\u0131 nas\u0131l alg\u0131l\u0131yoruz? Y\u00fcre\u011fimizi en yak\u0131n bildiklerimize bile a\u00e7amad\u0131\u011f\u0131m\u0131z tehdit dolu bir yer olarak m\u0131? Peki ya ger\u00e7ek do\u011fam\u0131z? Kim oldu\u011fumuz? Ger\u00e7ek ya\u015fam kayna\u011f\u0131m\u0131z? Ustaca Sevmek, ustal\u0131klar\u0131n en b\u00fcy\u00fc\u011f\u00fc \u00fczerine. \u00d6zg\u00fcr sevgi, ya\u015fayan ili\u015fkiler, insan\u0131n unuttu\u011fu \u00f6z benli\u011fi \u00fczerine. Kendimizle, birbirimizle, ya\u015famla ili\u015fkilerimizi cehennem ili\u015fkilerinden cennet ili\u015fkilerine d\u00f6n\u00fc\u015ft\u00fcrmek \u00fczerine.<\/p>\n","protected":false},"excerpt":{"rendered":"<p>Yo\u011fun bir yabanc\u0131la\u015fma al\u0131yor bizi, \u00f6z benli\u011fimizden uzaklara s\u00fcr\u00fckl\u00fcyor. Kendimizi oynad\u0131\u011f\u0131m\u0131z rollerden ibaret g\u00f6r\u00fcyoruz. \u00d6z\u00fcm\u00fcz yerine imaj\u0131m\u0131zla bir tutuyoruz kendimizi. Bu da bizi ba\u015fkalar\u0131n\u0131n onay\u0131na ba\u011f\u0131ml\u0131<span class=\"excerpt-hellip\"> [\u2026]<\/span><\/p>\n","protected":false},"featured_media":0,"template":"","meta":{"_monsterinsights_skip_tracking":false,"_monsterinsights_sitenote_active":false,"_monsterinsights_sitenote_note":"","_monsterinsights_sitenote_category":0},"product_brand":[],"product_cat":[12364,12376],"product_tag":[],"class_list":{"0":"post-692167","1":"product","2":"type-product","3":"status-publish","5":"product_cat-genel-konular","6":"product_cat-kisisel-gelisim","7":"pa_cilt-ciltsiz","8":"pa_tur-kitap","9":"pa_yayinevi-otesi-yayincilik","10":"pa_yazar-don-miguel-ruiz","12":"first","13":"instock","14":"sale","15":"shipping-taxable","16":"purchasable","17":"product-type-simple"},"_links":{"self":[{"href":"https:\/\/roveyayinevi.com.tr\/index.php\/wp-json\/wp\/v2\/product\/692167","targetHints":{"allow":["GET"]}}],"collection":[{"href":"https:\/\/roveyayinevi.com.tr\/index.php\/wp-json\/wp\/v2\/product"}],"about":[{"href":"https:\/\/roveyayinevi.com.tr\/index.php\/wp-json\/wp\/v2\/types\/product"}],"wp:attachment":[{"href":"https:\/\/roveyayinevi.com.tr\/index.php\/wp-json\/wp\/v2\/media?parent=692167"}],"wp:term":[{"taxonomy":"product_brand","embeddable":true,"href":"https:\/\/roveyayinevi.com.tr\/index.php\/wp-json\/wp\/v2\/product_brand?post=692167"},{"taxonomy":"product_cat","embeddable":true,"href":"https:\/\/roveyayinevi.com.tr\/index.php\/wp-json\/wp\/v2\/product_cat?post=692167"},{"taxonomy":"product_tag","embeddable":true,"href":"https:\/\/roveyayinevi.com.tr\/index.php\/wp-json\/wp\/v2\/product_tag?post=692167"}],"curies":[{"name":"wp","href":"https:\/\/api.w.org\/{rel}","templated":true}]}}