{"id":692166,"date":"2025-08-27T14:04:46","date_gmt":"2025-08-27T11:04:46","guid":{"rendered":"https:\/\/roveyayinevi.com.tr\/index.php\/urun\/islam-devlet-felsefesi\/"},"modified":"2026-04-16T02:02:10","modified_gmt":"2026-04-15T23:02:10","slug":"islam-devlet-felsefesi","status":"publish","type":"product","link":"https:\/\/roveyayinevi.com.tr\/index.php\/urun\/islam-devlet-felsefesi\/","title":{"rendered":"\u0130slam Devlet Felsefesi"},"content":{"rendered":"<p>Bug\u00fcn T\u00fcrkiye\u2019nin g\u00fcndeminde yer alan ba\u015fl\u0131ca meselelerden birini, \u0130slam Devleti veya \u0130slam\u2019\u0131n devlet anlay\u0131\u015f\u0131 \u00fczerindeki tart\u0131\u015fmalar meydana getirmektedir. Din ile ilgisi itibariyle hassas bir konu oldu\u011fu i\u00e7in, bu meseleye s\u0131hhatli bir metodla yakla\u015fmak ve \u0130slam tarihini bu a\u00e7\u0131dan yeniden bir yoruma tabi tutmak gereklidir. Mehmet Niyazi\u2019nin bu eseri, \u0130slam\u2019\u0131n temel prensipleriyle \u0130slam tarihinde ge\u00e7mi\u015f uygulamalar\u0131 hukuk mant\u0131\u011f\u0131yla ele alarak, \u0130slam\u2019da  devlet in ne oldu\u011funu ortaya koymaya \u00e7al\u0131\u015fmaktad\u0131r. \u00c7a\u011fda\u015f T\u00fcrk ayd\u0131nlar\u0131n\u0131n bu meseleye hukuk ve ilim a\u00e7\u0131s\u0131ndan e\u011filmeleri gere\u011fine inand\u0131\u011f\u0131m\u0131z i\u00e7in, Mehmet Niyazi\u2019nin bu eserini, meselenin m\u00fcnaka\u015fa edilmesine ve ayd\u0131nlar\u0131m\u0131z\u0131n konuya ciddiyetle e\u011filmelerine bir katk\u0131da bulunmak maksad\u0131yle yay\u0131mlamaktan mutluyuz. <\/p>\n","protected":false},"excerpt":{"rendered":"<p>Bug\u00fcn T\u00fcrkiye\u2019nin g\u00fcndeminde yer alan ba\u015fl\u0131ca meselelerden birini, \u0130slam Devleti veya \u0130slam\u2019\u0131n devlet anlay\u0131\u015f\u0131 \u00fczerindeki tart\u0131\u015fmalar meydana getirmektedir. Din ile ilgisi itibariyle hassas bir konu oldu\u011fu<span class=\"excerpt-hellip\"> [\u2026]<\/span><\/p>\n","protected":false},"featured_media":0,"template":"","meta":{"_monsterinsights_skip_tracking":false,"_monsterinsights_sitenote_active":false,"_monsterinsights_sitenote_note":"","_monsterinsights_sitenote_category":0},"product_brand":[],"product_cat":[19998,12388],"product_tag":[],"class_list":{"0":"post-692166","1":"product","2":"type-product","3":"status-publish","5":"product_cat-din-felsefesi","6":"product_cat-felsefe","7":"pa_cilt-ciltsiz","8":"pa_tur-kitap","9":"pa_yayinevi-otuken-nesriyat","10":"pa_yazar-mehmed-niyazi","12":"first","13":"instock","14":"sale","15":"shipping-taxable","16":"purchasable","17":"product-type-simple"},"_links":{"self":[{"href":"https:\/\/roveyayinevi.com.tr\/index.php\/wp-json\/wp\/v2\/product\/692166","targetHints":{"allow":["GET"]}}],"collection":[{"href":"https:\/\/roveyayinevi.com.tr\/index.php\/wp-json\/wp\/v2\/product"}],"about":[{"href":"https:\/\/roveyayinevi.com.tr\/index.php\/wp-json\/wp\/v2\/types\/product"}],"wp:attachment":[{"href":"https:\/\/roveyayinevi.com.tr\/index.php\/wp-json\/wp\/v2\/media?parent=692166"}],"wp:term":[{"taxonomy":"product_brand","embeddable":true,"href":"https:\/\/roveyayinevi.com.tr\/index.php\/wp-json\/wp\/v2\/product_brand?post=692166"},{"taxonomy":"product_cat","embeddable":true,"href":"https:\/\/roveyayinevi.com.tr\/index.php\/wp-json\/wp\/v2\/product_cat?post=692166"},{"taxonomy":"product_tag","embeddable":true,"href":"https:\/\/roveyayinevi.com.tr\/index.php\/wp-json\/wp\/v2\/product_tag?post=692166"}],"curies":[{"name":"wp","href":"https:\/\/api.w.org\/{rel}","templated":true}]}}