{"id":692165,"date":"2025-08-27T14:04:46","date_gmt":"2025-08-27T11:04:46","guid":{"rendered":"https:\/\/roveyayinevi.com.tr\/index.php\/urun\/ilk-musluman-turk-devletleri\/"},"modified":"2026-04-16T02:02:10","modified_gmt":"2026-04-15T23:02:10","slug":"ilk-musluman-turk-devletleri","status":"publish","type":"product","link":"https:\/\/roveyayinevi.com.tr\/index.php\/urun\/ilk-musluman-turk-devletleri\/","title":{"rendered":"\u0130lk M\u00fcsl\u00fcman T\u00fcrk Devletleri"},"content":{"rendered":"<p>T\u00fcrklerin \u0130slaml\u0131\u011f\u0131 kabul etmeleri Uzak Do\u011fu uygarl\u0131\u011f\u0131ndan ayr\u0131larak Orta Do\u011fu uygarl\u0131\u011f\u0131na girmeleri demekti. B\u00f6yle cihan \u00e7ap\u0131nda cephe ve istikamet de\u011fi\u015ftirmek T\u00fcrk ulusu i\u00e7in \u00e7ok hay\u0131rl\u0131 bir i\u015f olmu\u015ftur. \u00c7\u00fcnk\u00fc Avrupa\u2019ya giden T\u00fcrkler orada birtak\u0131m devletler kurdular, fakat bir s\u00fcre sonra benliklerini kaybettiler, eriyip gittiler. Halbuki orta yolu dedi\u011fimiz Horasan ve \u0130ran \u00fczerinden \u0130slam d\u00fcnyas\u0131na gelen T\u00fcrkler hi\u00e7bir surette milli benliklerini kaybetmediler. Tersine \u00e7ok vatansever bir millet olarak T\u00fcrk ulusunu bug\u00fcne de\u011fin ya\u015fatmas\u0131n\u0131 bildiler. X. yy.da toptan \u0130slaml\u0131\u011f\u0131 kabul eden T\u00fcrkler, \u0130slam k\u00fclt\u00fcr \u00e7al\u0131\u015fmalar\u0131na XI. yy.\u0131n ikinci yar\u0131s\u0131ndan itibaren kat\u0131ld\u0131lar. B\u00f6ylece \u0130slam k\u00fclt\u00fcr ve uygarl\u0131\u011f\u0131 Arap, T\u00fcrk ve \u0130ran uluslar\u0131 \u00e7al\u0131\u015fmalar\u0131n\u0131n ortak eseri olarak geli\u015fmeye ba\u015flad\u0131. Hatta T\u00fcrkler XV.XVII. yy.lar aras\u0131nda bu uygarl\u0131\u011f\u0131n lideri oldular. Araplar\u2019\u0131 ve\u0130ranl\u0131lar\u2019\u0131 geride b\u0131rakt\u0131lar. Ayn\u0131 zamanda M\u00fcsl\u00fcmanl\u0131\u011f\u0131 do\u011fuda Hindistan\u2019a, bat\u0131da da Anadolu\u2019dan Avrupa\u2019ya kadar yaymak \u015ferefi de T\u00fcrklere aittir. \ufffcTan\u0131t\u0131m Metni<\/p>\n","protected":false},"excerpt":{"rendered":"<p>T\u00fcrklerin \u0130slaml\u0131\u011f\u0131 kabul etmeleri Uzak Do\u011fu uygarl\u0131\u011f\u0131ndan ayr\u0131larak Orta Do\u011fu uygarl\u0131\u011f\u0131na girmeleri demekti. B\u00f6yle cihan \u00e7ap\u0131nda cephe ve istikamet de\u011fi\u015ftirmek T\u00fcrk ulusu i\u00e7in \u00e7ok hay\u0131rl\u0131 bir<span class=\"excerpt-hellip\"> [\u2026]<\/span><\/p>\n","protected":false},"featured_media":0,"template":"","meta":{"_monsterinsights_skip_tracking":false,"_monsterinsights_sitenote_active":false,"_monsterinsights_sitenote_note":"","_monsterinsights_sitenote_category":0},"product_brand":[],"product_cat":[12370,12304],"product_tag":[],"class_list":{"0":"post-692165","1":"product","2":"type-product","3":"status-publish","5":"product_cat-arastirma-inceleme","6":"product_cat-tarih","7":"pa_tur-kitap","8":"pa_yayinevi-otuken-nesriyat","9":"pa_yazar-cagatay-ulucay","11":"first","12":"instock","13":"sale","14":"shipping-taxable","15":"purchasable","16":"product-type-simple"},"_links":{"self":[{"href":"https:\/\/roveyayinevi.com.tr\/index.php\/wp-json\/wp\/v2\/product\/692165","targetHints":{"allow":["GET"]}}],"collection":[{"href":"https:\/\/roveyayinevi.com.tr\/index.php\/wp-json\/wp\/v2\/product"}],"about":[{"href":"https:\/\/roveyayinevi.com.tr\/index.php\/wp-json\/wp\/v2\/types\/product"}],"wp:attachment":[{"href":"https:\/\/roveyayinevi.com.tr\/index.php\/wp-json\/wp\/v2\/media?parent=692165"}],"wp:term":[{"taxonomy":"product_brand","embeddable":true,"href":"https:\/\/roveyayinevi.com.tr\/index.php\/wp-json\/wp\/v2\/product_brand?post=692165"},{"taxonomy":"product_cat","embeddable":true,"href":"https:\/\/roveyayinevi.com.tr\/index.php\/wp-json\/wp\/v2\/product_cat?post=692165"},{"taxonomy":"product_tag","embeddable":true,"href":"https:\/\/roveyayinevi.com.tr\/index.php\/wp-json\/wp\/v2\/product_tag?post=692165"}],"curies":[{"name":"wp","href":"https:\/\/api.w.org\/{rel}","templated":true}]}}