{"id":692164,"date":"2025-08-27T14:04:45","date_gmt":"2025-08-27T11:04:45","guid":{"rendered":"https:\/\/roveyayinevi.com.tr\/index.php\/urun\/kurani-anlamak\/"},"modified":"2026-04-16T02:02:10","modified_gmt":"2026-04-15T23:02:10","slug":"kurani-anlamak","status":"publish","type":"product","link":"https:\/\/roveyayinevi.com.tr\/index.php\/urun\/kurani-anlamak\/","title":{"rendered":"Kur\u2019an\u2019\u0131 Anlamak"},"content":{"rendered":"<p>Kur\u2019an, \u0130sl\u00e2m dininin tart\u0131\u015fmas\u0131z en temel kayna\u011f\u0131d\u0131r. Dinin do\u011fru anla\u015f\u0131lmas\u0131 ve hayata tatbik edilmesi, bu temel kayna\u011f\u0131n do\u011fru anla\u015f\u0131lmas\u0131 ve do\u011fru yorumlanmas\u0131na ba\u011fl\u0131d\u0131r. Kur\u2019an\u2019\u0131 do\u011fru anlamak ve do\u011fru yorumlamak; hurafelerden, israiliyat ve geleneksel yanl\u0131\u015f yorum ve anlay\u0131\u015flardan uzak, objektif bir tarzda, \u00e2yetler \u00fczerinde d\u00fc\u015f\u00fcnmek, onlar\u0131 ak\u0131l s\u00fczgecinden ge\u00e7irmek, ara\u015ft\u0131rmak ve kavramlar\u0131n semantik analizlerini yapmakla m\u00fcmk\u00fcnd\u00fcr. Nitekim Kur\u2019an\u2019da:  Ey Muhammed! \u00c2yetlerini ak\u0131l s\u00fczgecinden ge\u00e7irsinler, akl\u0131 olanlar da ders als\u0131nlar diye sana bereket dolu bir kitap indirdik.  (S\u00e2d, 38\/29) \u00e2yetiyle bu ger\u00e7ek vurgulanmaktad\u0131r. <\/p>\n","protected":false},"excerpt":{"rendered":"<p>Kur\u2019an, \u0130sl\u00e2m dininin tart\u0131\u015fmas\u0131z en temel kayna\u011f\u0131d\u0131r. Dinin do\u011fru anla\u015f\u0131lmas\u0131 ve hayata tatbik edilmesi, bu temel kayna\u011f\u0131n do\u011fru anla\u015f\u0131lmas\u0131 ve do\u011fru yorumlanmas\u0131na ba\u011fl\u0131d\u0131r. Kur\u2019an\u2019\u0131 do\u011fru anlamak<span class=\"excerpt-hellip\"> [\u2026]<\/span><\/p>\n","protected":false},"featured_media":0,"template":"","meta":{"_monsterinsights_skip_tracking":false,"_monsterinsights_sitenote_active":false,"_monsterinsights_sitenote_note":"","_monsterinsights_sitenote_category":0},"product_brand":[],"product_cat":[12718,12719,17284],"product_tag":[],"class_list":{"0":"post-692164","1":"product","2":"type-product","3":"status-publish","5":"product_cat-din","6":"product_cat-islam","7":"product_cat-kuran-ve-kuran-uzerine","8":"pa_cilt-ciltsiz","9":"pa_tur-kitap","10":"pa_yayinevi-otuken-nesriyat","11":"pa_yazar-ismail-yakit","13":"first","14":"instock","15":"sale","16":"shipping-taxable","17":"purchasable","18":"product-type-simple"},"_links":{"self":[{"href":"https:\/\/roveyayinevi.com.tr\/index.php\/wp-json\/wp\/v2\/product\/692164","targetHints":{"allow":["GET"]}}],"collection":[{"href":"https:\/\/roveyayinevi.com.tr\/index.php\/wp-json\/wp\/v2\/product"}],"about":[{"href":"https:\/\/roveyayinevi.com.tr\/index.php\/wp-json\/wp\/v2\/types\/product"}],"wp:attachment":[{"href":"https:\/\/roveyayinevi.com.tr\/index.php\/wp-json\/wp\/v2\/media?parent=692164"}],"wp:term":[{"taxonomy":"product_brand","embeddable":true,"href":"https:\/\/roveyayinevi.com.tr\/index.php\/wp-json\/wp\/v2\/product_brand?post=692164"},{"taxonomy":"product_cat","embeddable":true,"href":"https:\/\/roveyayinevi.com.tr\/index.php\/wp-json\/wp\/v2\/product_cat?post=692164"},{"taxonomy":"product_tag","embeddable":true,"href":"https:\/\/roveyayinevi.com.tr\/index.php\/wp-json\/wp\/v2\/product_tag?post=692164"}],"curies":[{"name":"wp","href":"https:\/\/api.w.org\/{rel}","templated":true}]}}