{"id":692163,"date":"2025-08-27T14:04:45","date_gmt":"2025-08-27T11:04:45","guid":{"rendered":"https:\/\/roveyayinevi.com.tr\/index.php\/urun\/kervan-saray\/"},"modified":"2026-04-16T02:02:10","modified_gmt":"2026-04-15T23:02:10","slug":"kervan-saray","status":"publish","type":"product","link":"https:\/\/roveyayinevi.com.tr\/index.php\/urun\/kervan-saray\/","title":{"rendered":"Kervan Saray"},"content":{"rendered":"<p>15. Y\u00fczy\u0131l\u0131n ikinci yar\u0131s\u0131.. Fatih Sultan Mehmet Han, Anadolu Birli\u011fi\u2019ni kurma yolunda \u00e7al\u0131\u015fmalar yaparken Akkoyunlu Uzun Hasan Bey ve Karamano\u011flu gaileleri ba\u015fta olmak \u00fczere Hatun Kervansaray\u0131 (Kad\u0131nhan\u0131) \u00f6tesinde Anadolu\u2019da siyasi ve sosyal bir kriz ya\u015fan\u0131yordu. Bu tarih\u00ee roman, i\u015fte bu d\u00f6nemin, 1473\u2019te Otlukbeli\u2019nde yap\u0131lan karde\u015fler aras\u0131 h\u00e2kimiyet kavgas\u0131n\u0131n Osmanl\u0131 taraf\u0131n\u0131n zeferiyle sona ermesine kadar olan devresini konu edinmi\u015ftir&#8230; Roman kurgusu d\u0131\u015f\u0131nda olaylar tarih\u00ee ger\u00e7eklere uygundur. Og\u00fcn\u00fcn toplum ya\u015fant\u0131s\u0131, menzil te\u015fkilat\u0131, kervansaraylar\u0131n i\u015flevleri, Ahilerin faaliyetleri ve devlet telakkisi yazar taraf\u0131ndan ba\u015far\u0131yla ortaya konmu\u015ftur. <\/p>\n","protected":false},"excerpt":{"rendered":"<p>15. Y\u00fczy\u0131l\u0131n ikinci yar\u0131s\u0131.. Fatih Sultan Mehmet Han, Anadolu Birli\u011fi\u2019ni kurma yolunda \u00e7al\u0131\u015fmalar yaparken Akkoyunlu Uzun Hasan Bey ve Karamano\u011flu gaileleri ba\u015fta olmak \u00fczere Hatun Kervansaray\u0131<span class=\"excerpt-hellip\"> [\u2026]<\/span><\/p>\n","protected":false},"featured_media":0,"template":"","meta":{"_monsterinsights_skip_tracking":false,"_monsterinsights_sitenote_active":false,"_monsterinsights_sitenote_note":"","_monsterinsights_sitenote_category":0},"product_brand":[],"product_cat":[12291,12745],"product_tag":[],"class_list":{"0":"post-692163","1":"product","2":"type-product","3":"status-publish","5":"product_cat-edebiyat","6":"product_cat-tarihi-roman","7":"pa_cilt-ciltsiz","8":"pa_tur-kitap","9":"pa_yayinevi-otuken-nesriyat","10":"pa_yazar-bekir-buyukarkin","12":"first","13":"instock","14":"sale","15":"shipping-taxable","16":"purchasable","17":"product-type-simple"},"_links":{"self":[{"href":"https:\/\/roveyayinevi.com.tr\/index.php\/wp-json\/wp\/v2\/product\/692163","targetHints":{"allow":["GET"]}}],"collection":[{"href":"https:\/\/roveyayinevi.com.tr\/index.php\/wp-json\/wp\/v2\/product"}],"about":[{"href":"https:\/\/roveyayinevi.com.tr\/index.php\/wp-json\/wp\/v2\/types\/product"}],"wp:attachment":[{"href":"https:\/\/roveyayinevi.com.tr\/index.php\/wp-json\/wp\/v2\/media?parent=692163"}],"wp:term":[{"taxonomy":"product_brand","embeddable":true,"href":"https:\/\/roveyayinevi.com.tr\/index.php\/wp-json\/wp\/v2\/product_brand?post=692163"},{"taxonomy":"product_cat","embeddable":true,"href":"https:\/\/roveyayinevi.com.tr\/index.php\/wp-json\/wp\/v2\/product_cat?post=692163"},{"taxonomy":"product_tag","embeddable":true,"href":"https:\/\/roveyayinevi.com.tr\/index.php\/wp-json\/wp\/v2\/product_tag?post=692163"}],"curies":[{"name":"wp","href":"https:\/\/api.w.org\/{rel}","templated":true}]}}