{"id":692162,"date":"2025-08-27T14:04:45","date_gmt":"2025-08-27T11:04:45","guid":{"rendered":"https:\/\/roveyayinevi.com.tr\/index.php\/urun\/dort-anlasma\/"},"modified":"2026-04-16T02:02:10","modified_gmt":"2026-04-15T23:02:10","slug":"dort-anlasma","status":"publish","type":"product","link":"https:\/\/roveyayinevi.com.tr\/index.php\/urun\/dort-anlasma\/","title":{"rendered":"D\u00f6rt Anla\u015fma"},"content":{"rendered":"<p>Sinema d\u00fcnyas\u0131n\u0131n \u00fcst\u00fcn zekal\u0131 oyuncular\u0131ndan Sharon Stone ve Jody Foster bu kitab\u0131 \u00e7evresindeki insanlara \u00f6neriyor. Amerika&#8217;n\u0131n \u00f6nde gelen Yeni \u00c7a\u011f yazarlar\u0131 bu kitab\u0131 sizlere \u00f6neriyor. Don Miguel Ruiz&#8217;in kitab\u0131 ayd\u0131nlanman\u0131n ve \u00f6zg\u00fcrl\u00fc\u011f\u00fcn bir yol haritas\u0131d\u0131r. Deepek Chopra Ba\u015far\u0131n\u0131n Yedi Ruhsal Yasas\u0131 kitab\u0131n\u0131n yazar\u0131 B\u00fcy\u00fck dersler i\u00e7eren ilham verici bir kitap. Wyne Dyer Kendin Olmak kitab\u0131n\u0131n yazar\u0131 Castaneda gelene\u011finde, Ruiz temel Toltek bilgeli\u011fini payla\u015f\u0131yor. Modern d\u00fcnyada ya\u015fayan kad\u0131nlara ve erkeklere Dingin Sava\u015f\u00e7\u0131 olarak ya\u015faman\u0131n pratik uygulamalar\u0131n\u0131 sunuyor.<\/p>\n","protected":false},"excerpt":{"rendered":"<p>Sinema d\u00fcnyas\u0131n\u0131n \u00fcst\u00fcn zekal\u0131 oyuncular\u0131ndan Sharon Stone ve Jody Foster bu kitab\u0131 \u00e7evresindeki insanlara \u00f6neriyor. Amerika&#8217;n\u0131n \u00f6nde gelen Yeni \u00c7a\u011f yazarlar\u0131 bu kitab\u0131 sizlere \u00f6neriyor. Don<span class=\"excerpt-hellip\"> [\u2026]<\/span><\/p>\n","protected":false},"featured_media":0,"template":"","meta":{"_monsterinsights_skip_tracking":false,"_monsterinsights_sitenote_active":false,"_monsterinsights_sitenote_note":"","_monsterinsights_sitenote_category":0},"product_brand":[],"product_cat":[13835],"product_tag":[],"class_list":{"0":"post-692162","1":"product","2":"type-product","3":"status-publish","5":"product_cat-cok-satanlar","6":"pa_cilt-ciltsiz","7":"pa_tur-kitap","8":"pa_yayinevi-otesi-yayincilik","9":"pa_yazar-don-miguel-ruiz","11":"first","12":"instock","13":"sale","14":"shipping-taxable","15":"purchasable","16":"product-type-simple"},"_links":{"self":[{"href":"https:\/\/roveyayinevi.com.tr\/index.php\/wp-json\/wp\/v2\/product\/692162","targetHints":{"allow":["GET"]}}],"collection":[{"href":"https:\/\/roveyayinevi.com.tr\/index.php\/wp-json\/wp\/v2\/product"}],"about":[{"href":"https:\/\/roveyayinevi.com.tr\/index.php\/wp-json\/wp\/v2\/types\/product"}],"wp:attachment":[{"href":"https:\/\/roveyayinevi.com.tr\/index.php\/wp-json\/wp\/v2\/media?parent=692162"}],"wp:term":[{"taxonomy":"product_brand","embeddable":true,"href":"https:\/\/roveyayinevi.com.tr\/index.php\/wp-json\/wp\/v2\/product_brand?post=692162"},{"taxonomy":"product_cat","embeddable":true,"href":"https:\/\/roveyayinevi.com.tr\/index.php\/wp-json\/wp\/v2\/product_cat?post=692162"},{"taxonomy":"product_tag","embeddable":true,"href":"https:\/\/roveyayinevi.com.tr\/index.php\/wp-json\/wp\/v2\/product_tag?post=692162"}],"curies":[{"name":"wp","href":"https:\/\/api.w.org\/{rel}","templated":true}]}}